{"id":35216,"date":"2025-09-12T13:45:34","date_gmt":"2025-09-12T10:45:34","guid":{"rendered":"https:\/\/enermak.com\/?post_type=product&#038;p=35216"},"modified":"2026-02-18T15:26:55","modified_gmt":"2026-02-18T12:26:55","slug":"track-it-rhtemp-veri-kaydedici","status":"publish","type":"product","link":"https:\/\/enermak.com\/en\/urunler\/track-it-rhtemp-veri-kaydedici\/","title":{"rendered":"Track-It\u2122 RHTemp Veri Kaydedici"},"content":{"rendered":"<h2 class=\"wp-block-heading has-medium-font-size\" style=\"text-align: left;\"><span style=\"color: #000000;\">RHTemp Veri Kaydedici<\/span><\/h2>\n<p style=\"text-align: left;\"><span style=\"color: #000000;\">RHTemp Veri Kaydedici, 64.000 adede kadar ba\u011f\u0131l nem ve\/veya s\u0131cakl\u0131k verisi \u00f6rne\u011fini kaydeden, pille \u00e7al\u0131\u015fan, ba\u011f\u0131ms\u0131z kompakt kaydedicilerdir. \u00dcnite, birlikte verilen Track-It\u2122 DataLogger Yaz\u0131l\u0131m\u0131 kullan\u0131larak kolayca yap\u0131land\u0131r\u0131labilir. Kaydediciyi bilgisayar\u0131n\u0131z\u0131n a\u00e7\u0131k bir USB ba\u011flant\u0131 noktas\u0131na takman\u0131z yeterlidir; yaz\u0131l\u0131m kaydediciyi otomatik olarak tan\u0131r. \u00dcniteyi, \u00f6nceden belirlenen saat ve tarihte veya yaln\u0131zca bir alarm durumu alg\u0131land\u0131\u011f\u0131nda kayd\u0131 ba\u015flatacak ve durduracak \u015fekilde yap\u0131land\u0131r\u0131n. \u00d6rnek depolama h\u0131z\u0131, 2 saniyede 1 \u00f6rnekten 24 saatte 1 \u00f6rne\u011fe kadar ayarlanabilir.<\/span><br \/>\n<span style=\"color: #000000;\">Yerle\u015fik veri depolama alan\u0131 kal\u0131c\u0131d\u0131r, bu nedenle pil bitse bile veriler kaybolmaz. Track-It RHTemp Logger, LCD ekranl\u0131 veya ekrans\u0131z olarak sipari\u015f edilebilir. LCD ekranda g\u00f6r\u00fcnt\u00fclenen bilgiler kullan\u0131c\u0131 taraf\u0131ndan programlanabilir ve logger d\u00fc\u011fmesine bas\u0131larak s\u0131ralanabilir. Her iki modelde de alarmlar\u0131 veya genel aktiviteyi kullan\u0131c\u0131ya bildiren \u00e7ok renkli bir LED g\u00f6stergesi bulunur. S\u0131\u00e7ramaya dayan\u0131kl\u0131 koruyucu kapak, logger kullan\u0131m s\u0131ras\u0131nda onu korur.<\/span><\/p>\n<h2 class=\"wp-block-heading has-medium-font-size\" style=\"text-align: left;\"><span style=\"color: #000000;\">Features<\/span><\/h2>\n<p style=\"text-align: left;\"><span style=\"color: #000000;\">\u2022 Kayd\u0131 hemen ba\u015flatmak i\u00e7in d\u00fc\u011fmeye bas\u0131n veya kayd\u0131 daha<\/span><br \/>\n<span style=\"color: #000000;\">sonraki bir tarih ve saatte ba\u015flatmak i\u00e7in programlay\u0131n <\/span><br \/>\n<span style=\"color: #000000;\">\u2022 Her kay\u0131t oturumu i\u00e7in 64.000&#8217;e kadar veri \u00f6rne\u011fi<\/span><br \/>\n<span style=\"color: #000000;\">\u2022 Birden fazla alarm ayar noktas\u0131<\/span><br \/>\n<span style=\"color: #000000;\">\u2022 Kompakt boyut<\/span><br \/>\n<span style=\"color: #000000;\">\u2022 Entegre USB konekt\u00f6r\u00fc<\/span><br \/>\n<span style=\"color: #000000;\">\u2022 Tam \u00f6zellikli etkile\u015fimli Track-It\u2122 DataLogger Yaz\u0131l\u0131m\u0131<\/span><br \/>\n<span style=\"color: #000000;\">dahildir<\/span><br \/>\n<span style=\"color: #000000;\">\u2022 Bir y\u0131l veya 5 y\u0131l \u00f6m\u00fcrl\u00fc lityum pil se\u00e7enekleri<\/span><br \/>\n<span style=\"color: #000000;\">\u2022 Geni\u015f s\u0131cakl\u0131k aral\u0131\u011f\u0131: -4 \u00b0F ila 185 \u00b0F (-20 \u00b0C ila<\/span><br \/>\n<span style=\"color: #000000;\">85 \u00b0C)<\/span><br \/>\n<span style=\"color: #000000;\">\u2022 Y\u00fcksek do\u011fruluk ve tekrarlanabilirlik<\/span><br \/>\n<span style=\"color: #000000;\">\u2022 Hassas dahili saat (y\u0131lda 1 dakika)<\/span><br \/>\n<span style=\"color: #000000;\">\u2022 Birden fazla kullan\u0131c\u0131 taraf\u0131ndan programlanabilir ekran <\/span><br \/>\n<span style=\"color: #000000;\">\u2022 NIST \u0130zlenebilir Sertifika mevcuttur<\/span><\/p>","protected":false},"excerpt":{"rendered":"<h2 style=\"text-align: left;\"><span style=\"color: #000000;\">RHTemp Veri Kaydedici<\/span><\/h2>\n<p style=\"text-align: left;\"><span style=\"color: #000000;\">Track-It\u2122 RHTemp Veri Kaydediciler, 64.000 adede kadar ba\u011f\u0131l nem ve\/veya s\u0131cakl\u0131k verisi \u00f6rne\u011fini kaydeden, pille \u00e7al\u0131\u015fan, ba\u011f\u0131ms\u0131z kompakt kaydedicilerdir. \u00dcnite, birlikte verilen Track-It\u2122 DataLogger Yaz\u0131l\u0131m\u0131 kullan\u0131larak kolayca yap\u0131land\u0131r\u0131labilir. Kaydediciyi bilgisayar\u0131n\u0131z\u0131n a\u00e7\u0131k bir USB ba\u011flant\u0131 noktas\u0131na takman\u0131z yeterlidir; yaz\u0131l\u0131m kaydediciyi otomatik olarak tan\u0131r. \u00dcniteyi, \u00f6nceden belirlenen saat ve tarihte veya yaln\u0131zca bir alarm durumu alg\u0131land\u0131\u011f\u0131nda kayd\u0131 ba\u015flatacak ve durduracak \u015fekilde yap\u0131land\u0131r\u0131n. \u00d6rnek depolama h\u0131z\u0131, 2 saniyede 1 \u00f6rnekten 24 saatte 1 \u00f6rne\u011fe kadar ayarlanabilir.<\/span><\/p>","protected":false},"featured_media":35217,"template":"","meta":{"_bst_post_transparent":"default","_bst_post_title":"","_bst_post_layout":"default","_bst_post_sidebar_id":"","_bst_post_content_style":"default","_bst_post_vertical_padding":"default","_bst_post_feature":"","_bst_post_feature_position":"","_bst_post_header":false,"_bst_post_footer":false},"product_brand":[2008],"product_cat":[146],"product_tag":[],"product_brands":[],"class_list":{"0":"post-35216","1":"product","2":"type-product","3":"status-publish","4":"has-post-thumbnail","6":"product_brand-monarch","7":"product_cat-debi-basinc-seviye-olcumu","9":"first","10":"instock","11":"shipping-taxable","12":"product-type-simple","13":"entry","14":"content-bg","15":"loop-entry"},"aioseo_notices":[],"aioseo_head":"\n\t\t<!-- All in One SEO Pro 4.9.6.2 - aioseo.com -->\n\t<meta name=\"description\" content=\"Track-It\u2122 RHTemp Veri Kaydedici, 64.000 adede kadar ba\u011f\u0131l nem ve\/veya s\u0131cakl\u0131k verisi \u00f6rne\u011fini kaydeden, pille \u00e7al\u0131\u015fan, ba\u011f\u0131ms\u0131z kompakt kaydedicilerdir.\" \/>\n\t<meta name=\"robots\" content=\"max-image-preview:large\" \/>\n\t<meta name=\"yandex-verification\" content=\"yandex-verification: 61c39bc218eec6a9\" \/>\n\t<link rel=\"canonical\" href=\"https:\/\/enermak.com\/en\/urunler\/track-it-rhtemp-veri-kaydedici\/\" \/>\n\t<meta name=\"generator\" content=\"All in One SEO Pro (AIOSEO) 4.9.6.2\" \/>\n\t\t<meta property=\"og:locale\" content=\"en_US\" \/>\n\t\t<meta property=\"og:site_name\" content=\"Enermak Enerji - Yeralt\u0131ndan Haberler\" \/>\n\t\t<meta property=\"og:type\" content=\"article\" \/>\n\t\t<meta property=\"og:title\" content=\"Track-It\u2122 RHTemp Veri Kaydedici - Enermak Enerji\" \/>\n\t\t<meta property=\"og:description\" content=\"Track-It\u2122 RHTemp Veri Kaydedici, 64.000 adede kadar ba\u011f\u0131l nem ve\/veya s\u0131cakl\u0131k verisi \u00f6rne\u011fini kaydeden, pille \u00e7al\u0131\u015fan, ba\u011f\u0131ms\u0131z kompakt kaydedicilerdir.\" \/>\n\t\t<meta property=\"og:url\" content=\"https:\/\/enermak.com\/en\/urunler\/track-it-rhtemp-veri-kaydedici\/\" \/>\n\t\t<meta property=\"og:image\" content=\"https:\/\/enermak.com\/wp-content\/uploads\/2022\/03\/logo-tr-1.png\" \/>\n\t\t<meta property=\"og:image:secure_url\" content=\"https:\/\/enermak.com\/wp-content\/uploads\/2022\/03\/logo-tr-1.png\" \/>\n\t\t<meta property=\"article:published_time\" content=\"2025-09-12T10:45:34+00:00\" \/>\n\t\t<meta property=\"article:modified_time\" content=\"2026-02-18T12:26:55+00:00\" \/>\n\t\t<meta property=\"article:publisher\" content=\"https:\/\/www.facebook.com\/YERALTINDANHABERLER\/\" \/>\n\t\t<meta name=\"twitter:card\" content=\"summary_large_image\" \/>\n\t\t<meta name=\"twitter:site\" content=\"@enerjienermak\" \/>\n\t\t<meta name=\"twitter:title\" content=\"Track-It\u2122 RHTemp Veri Kaydedici - Enermak Enerji\" \/>\n\t\t<meta name=\"twitter:description\" content=\"Track-It\u2122 RHTemp Veri Kaydedici, 64.000 adede kadar ba\u011f\u0131l nem ve\/veya s\u0131cakl\u0131k verisi \u00f6rne\u011fini kaydeden, pille \u00e7al\u0131\u015fan, ba\u011f\u0131ms\u0131z kompakt kaydedicilerdir.\" \/>\n\t\t<meta name=\"twitter:image\" content=\"https:\/\/enermak.com\/wp-content\/uploads\/2022\/03\/logo-tr-1.png\" \/>\n\t\t<script type=\"application\/ld+json\" class=\"aioseo-schema\">\n\t\t\t{\"@context\":\"https:\\\/\\\/schema.org\",\"@graph\":[{\"@type\":\"BreadcrumbList\",\"@id\":\"https:\\\/\\\/enermak.com\\\/en\\\/urunler\\\/track-it-rhtemp-veri-kaydedici\\\/#breadcrumblist\",\"itemListElement\":[{\"@type\":\"ListItem\",\"@id\":\"https:\\\/\\\/enermak.com\\\/en#listItem\",\"position\":1,\"name\":\"Home\",\"item\":\"https:\\\/\\\/enermak.com\\\/en\",\"nextItem\":{\"@type\":\"ListItem\",\"@id\":\"https:\\\/\\\/enermak.com\\\/en\\\/urunler\\\/#listItem\",\"name\":\"\\u00dcr\\u00fcnler\"}},{\"@type\":\"ListItem\",\"@id\":\"https:\\\/\\\/enermak.com\\\/en\\\/urunler\\\/#listItem\",\"position\":2,\"name\":\"\\u00dcr\\u00fcnler\",\"item\":\"https:\\\/\\\/enermak.com\\\/en\\\/urunler\\\/\",\"nextItem\":{\"@type\":\"ListItem\",\"@id\":\"https:\\\/\\\/enermak.com\\\/en\\\/brand\\\/monarch\\\/#listItem\",\"name\":\"MONARCH\"},\"previousItem\":{\"@type\":\"ListItem\",\"@id\":\"https:\\\/\\\/enermak.com\\\/en#listItem\",\"name\":\"Home\"}},{\"@type\":\"ListItem\",\"@id\":\"https:\\\/\\\/enermak.com\\\/en\\\/brand\\\/monarch\\\/#listItem\",\"position\":3,\"name\":\"MONARCH\",\"item\":\"https:\\\/\\\/enermak.com\\\/en\\\/brand\\\/monarch\\\/\",\"nextItem\":{\"@type\":\"ListItem\",\"@id\":\"https:\\\/\\\/enermak.com\\\/en\\\/urunler\\\/track-it-rhtemp-veri-kaydedici\\\/#listItem\",\"name\":\"Track-It\\u2122 RHTemp Veri Kaydedici\"},\"previousItem\":{\"@type\":\"ListItem\",\"@id\":\"https:\\\/\\\/enermak.com\\\/en\\\/urunler\\\/#listItem\",\"name\":\"\\u00dcr\\u00fcnler\"}},{\"@type\":\"ListItem\",\"@id\":\"https:\\\/\\\/enermak.com\\\/en\\\/urunler\\\/track-it-rhtemp-veri-kaydedici\\\/#listItem\",\"position\":4,\"name\":\"Track-It\\u2122 RHTemp Veri Kaydedici\",\"previousItem\":{\"@type\":\"ListItem\",\"@id\":\"https:\\\/\\\/enermak.com\\\/en\\\/brand\\\/monarch\\\/#listItem\",\"name\":\"MONARCH\"}}]},{\"@type\":\"ItemPage\",\"@id\":\"https:\\\/\\\/enermak.com\\\/en\\\/urunler\\\/track-it-rhtemp-veri-kaydedici\\\/#itempage\",\"url\":\"https:\\\/\\\/enermak.com\\\/en\\\/urunler\\\/track-it-rhtemp-veri-kaydedici\\\/\",\"name\":\"Track-It\\u2122 RHTemp Veri Kaydedici - Enermak Enerji\",\"description\":\"Track-It\\u2122 RHTemp Veri Kaydedici, 64.000 adede kadar ba\\u011f\\u0131l nem ve\\\/veya s\\u0131cakl\\u0131k verisi \\u00f6rne\\u011fini kaydeden, pille \\u00e7al\\u0131\\u015fan, ba\\u011f\\u0131ms\\u0131z kompakt kaydedicilerdir.\",\"inLanguage\":\"en-US\",\"isPartOf\":{\"@id\":\"https:\\\/\\\/enermak.com\\\/en\\\/#website\"},\"breadcrumb\":{\"@id\":\"https:\\\/\\\/enermak.com\\\/en\\\/urunler\\\/track-it-rhtemp-veri-kaydedici\\\/#breadcrumblist\"},\"image\":{\"@type\":\"ImageObject\",\"url\":\"https:\\\/\\\/enermak.com\\\/wp-content\\\/uploads\\\/2025\\\/09\\\/Track-It\\u2122-RHTemp-Veri-Kaydedici.webp\",\"@id\":\"https:\\\/\\\/enermak.com\\\/en\\\/urunler\\\/track-it-rhtemp-veri-kaydedici\\\/#mainImage\",\"width\":600,\"height\":599,\"caption\":\"Track-It\\u2122 RHTemp Veri Kaydedici\"},\"primaryImageOfPage\":{\"@id\":\"https:\\\/\\\/enermak.com\\\/en\\\/urunler\\\/track-it-rhtemp-veri-kaydedici\\\/#mainImage\"},\"datePublished\":\"2025-09-12T13:45:34+03:00\",\"dateModified\":\"2026-02-18T15:26:55+03:00\"},{\"@type\":\"Organization\",\"@id\":\"https:\\\/\\\/enermak.com\\\/en\\\/#organization\",\"name\":\"Enermak Enerji\",\"description\":\"Yeralt\\u0131ndan Haberler\",\"url\":\"https:\\\/\\\/enermak.com\\\/en\\\/\",\"telephone\":\"+903123851102\",\"logo\":{\"@type\":\"ImageObject\",\"url\":\"https:\\\/\\\/enermak.com\\\/wp-content\\\/uploads\\\/2022\\\/03\\\/logo-tr-1.png\",\"@id\":\"https:\\\/\\\/enermak.com\\\/en\\\/urunler\\\/track-it-rhtemp-veri-kaydedici\\\/#organizationLogo\"},\"image\":{\"@id\":\"https:\\\/\\\/enermak.com\\\/en\\\/urunler\\\/track-it-rhtemp-veri-kaydedici\\\/#organizationLogo\"},\"sameAs\":[\"https:\\\/\\\/www.facebook.com\\\/YERALTINDANHABERLER\\\/\",\"https:\\\/\\\/twitter.com\\\/enerjienermak\",\"https:\\\/\\\/www.instagram.com\\\/enermakenerji\\\/\",\"https:\\\/\\\/www.youtube.com\\\/c\\\/EnermakEnerji\",\"https:\\\/\\\/www.linkedin.com\\\/in\\\/enermak\"]},{\"@type\":\"WebPage\",\"@id\":\"https:\\\/\\\/enermak.com\\\/en\\\/urunler\\\/track-it-rhtemp-veri-kaydedici\\\/#webpage\",\"url\":\"https:\\\/\\\/enermak.com\\\/en\\\/urunler\\\/track-it-rhtemp-veri-kaydedici\\\/\",\"name\":\"Track-It\\u2122 RHTemp Veri Kaydedici - Enermak Enerji\",\"description\":\"Track-It\\u2122 RHTemp Veri Kaydedici, 64.000 adede kadar ba\\u011f\\u0131l nem ve\\\/veya s\\u0131cakl\\u0131k verisi \\u00f6rne\\u011fini kaydeden, pille \\u00e7al\\u0131\\u015fan, ba\\u011f\\u0131ms\\u0131z kompakt kaydedicilerdir.\",\"inLanguage\":\"en-US\",\"isPartOf\":{\"@id\":\"https:\\\/\\\/enermak.com\\\/en\\\/#website\"},\"breadcrumb\":{\"@id\":\"https:\\\/\\\/enermak.com\\\/en\\\/urunler\\\/track-it-rhtemp-veri-kaydedici\\\/#breadcrumblist\"},\"image\":{\"@type\":\"ImageObject\",\"url\":\"https:\\\/\\\/enermak.com\\\/wp-content\\\/uploads\\\/2025\\\/09\\\/Track-It\\u2122-RHTemp-Veri-Kaydedici.webp\",\"@id\":\"https:\\\/\\\/enermak.com\\\/en\\\/urunler\\\/track-it-rhtemp-veri-kaydedici\\\/#mainImage\",\"width\":600,\"height\":599,\"caption\":\"Track-It\\u2122 RHTemp Veri Kaydedici\"},\"primaryImageOfPage\":{\"@id\":\"https:\\\/\\\/enermak.com\\\/en\\\/urunler\\\/track-it-rhtemp-veri-kaydedici\\\/#mainImage\"},\"datePublished\":\"2025-09-12T13:45:34+03:00\",\"dateModified\":\"2026-02-18T15:26:55+03:00\"},{\"@type\":\"WebSite\",\"@id\":\"https:\\\/\\\/enermak.com\\\/en\\\/#website\",\"url\":\"https:\\\/\\\/enermak.com\\\/en\\\/\",\"name\":\"Enermak Enerji\",\"alternateName\":\"Yeralt\\u0131ndan Haberler\",\"description\":\"Yeralt\\u0131ndan Haberler\",\"inLanguage\":\"en-US\",\"publisher\":{\"@id\":\"https:\\\/\\\/enermak.com\\\/en\\\/#organization\"}}]}\n\t\t<\/script>\n\t\t<!-- All in One SEO Pro -->\r\n\t\t<title>Track-It\u2122 RHTemp Veri Kaydedici - Enermak Enerji<\/title>\n\n","aioseo_head_json":{"title":"Track-It\u2122 RHTemp Veri Kaydedici - Enermak Enerji","description":"Track-It\u2122 RHTemp Veri Kaydedici, 64.000 adede kadar ba\u011f\u0131l nem ve\/veya s\u0131cakl\u0131k verisi \u00f6rne\u011fini kaydeden, pille \u00e7al\u0131\u015fan, ba\u011f\u0131ms\u0131z kompakt kaydedicilerdir.","canonical_url":"https:\/\/enermak.com\/en\/urunler\/track-it-rhtemp-veri-kaydedici\/","robots":"max-image-preview:large","keywords":"","webmasterTools":{"yandex-verification":"yandex-verification: 61c39bc218eec6a9","miscellaneous":""},"schema":{"@context":"https:\/\/schema.org","@graph":[{"@type":"BreadcrumbList","@id":"https:\/\/enermak.com\/en\/urunler\/track-it-rhtemp-veri-kaydedici\/#breadcrumblist","itemListElement":[{"@type":"ListItem","@id":"https:\/\/enermak.com\/en#listItem","position":1,"name":"Home","item":"https:\/\/enermak.com\/en","nextItem":{"@type":"ListItem","@id":"https:\/\/enermak.com\/en\/urunler\/#listItem","name":"\u00dcr\u00fcnler"}},{"@type":"ListItem","@id":"https:\/\/enermak.com\/en\/urunler\/#listItem","position":2,"name":"\u00dcr\u00fcnler","item":"https:\/\/enermak.com\/en\/urunler\/","nextItem":{"@type":"ListItem","@id":"https:\/\/enermak.com\/en\/brand\/monarch\/#listItem","name":"MONARCH"},"previousItem":{"@type":"ListItem","@id":"https:\/\/enermak.com\/en#listItem","name":"Home"}},{"@type":"ListItem","@id":"https:\/\/enermak.com\/en\/brand\/monarch\/#listItem","position":3,"name":"MONARCH","item":"https:\/\/enermak.com\/en\/brand\/monarch\/","nextItem":{"@type":"ListItem","@id":"https:\/\/enermak.com\/en\/urunler\/track-it-rhtemp-veri-kaydedici\/#listItem","name":"Track-It\u2122 RHTemp Veri Kaydedici"},"previousItem":{"@type":"ListItem","@id":"https:\/\/enermak.com\/en\/urunler\/#listItem","name":"\u00dcr\u00fcnler"}},{"@type":"ListItem","@id":"https:\/\/enermak.com\/en\/urunler\/track-it-rhtemp-veri-kaydedici\/#listItem","position":4,"name":"Track-It\u2122 RHTemp Veri Kaydedici","previousItem":{"@type":"ListItem","@id":"https:\/\/enermak.com\/en\/brand\/monarch\/#listItem","name":"MONARCH"}}]},{"@type":"ItemPage","@id":"https:\/\/enermak.com\/en\/urunler\/track-it-rhtemp-veri-kaydedici\/#itempage","url":"https:\/\/enermak.com\/en\/urunler\/track-it-rhtemp-veri-kaydedici\/","name":"Track-It\u2122 RHTemp Veri Kaydedici - Enermak Enerji","description":"Track-It\u2122 RHTemp Veri Kaydedici, 64.000 adede kadar ba\u011f\u0131l nem ve\/veya s\u0131cakl\u0131k verisi \u00f6rne\u011fini kaydeden, pille \u00e7al\u0131\u015fan, ba\u011f\u0131ms\u0131z kompakt kaydedicilerdir.","inLanguage":"en-US","isPartOf":{"@id":"https:\/\/enermak.com\/en\/#website"},"breadcrumb":{"@id":"https:\/\/enermak.com\/en\/urunler\/track-it-rhtemp-veri-kaydedici\/#breadcrumblist"},"image":{"@type":"ImageObject","url":"https:\/\/enermak.com\/wp-content\/uploads\/2025\/09\/Track-It\u2122-RHTemp-Veri-Kaydedici.webp","@id":"https:\/\/enermak.com\/en\/urunler\/track-it-rhtemp-veri-kaydedici\/#mainImage","width":600,"height":599,"caption":"Track-It\u2122 RHTemp Veri Kaydedici"},"primaryImageOfPage":{"@id":"https:\/\/enermak.com\/en\/urunler\/track-it-rhtemp-veri-kaydedici\/#mainImage"},"datePublished":"2025-09-12T13:45:34+03:00","dateModified":"2026-02-18T15:26:55+03:00"},{"@type":"Organization","@id":"https:\/\/enermak.com\/en\/#organization","name":"Enermak Enerji","description":"Yeralt\u0131ndan Haberler","url":"https:\/\/enermak.com\/en\/","telephone":"+903123851102","logo":{"@type":"ImageObject","url":"https:\/\/enermak.com\/wp-content\/uploads\/2022\/03\/logo-tr-1.png","@id":"https:\/\/enermak.com\/en\/urunler\/track-it-rhtemp-veri-kaydedici\/#organizationLogo"},"image":{"@id":"https:\/\/enermak.com\/en\/urunler\/track-it-rhtemp-veri-kaydedici\/#organizationLogo"},"sameAs":["https:\/\/www.facebook.com\/YERALTINDANHABERLER\/","https:\/\/twitter.com\/enerjienermak","https:\/\/www.instagram.com\/enermakenerji\/","https:\/\/www.youtube.com\/c\/EnermakEnerji","https:\/\/www.linkedin.com\/in\/enermak"]},{"@type":"WebPage","@id":"https:\/\/enermak.com\/en\/urunler\/track-it-rhtemp-veri-kaydedici\/#webpage","url":"https:\/\/enermak.com\/en\/urunler\/track-it-rhtemp-veri-kaydedici\/","name":"Track-It\u2122 RHTemp Veri Kaydedici - Enermak Enerji","description":"Track-It\u2122 RHTemp Veri Kaydedici, 64.000 adede kadar ba\u011f\u0131l nem ve\/veya s\u0131cakl\u0131k verisi \u00f6rne\u011fini kaydeden, pille \u00e7al\u0131\u015fan, ba\u011f\u0131ms\u0131z kompakt kaydedicilerdir.","inLanguage":"en-US","isPartOf":{"@id":"https:\/\/enermak.com\/en\/#website"},"breadcrumb":{"@id":"https:\/\/enermak.com\/en\/urunler\/track-it-rhtemp-veri-kaydedici\/#breadcrumblist"},"image":{"@type":"ImageObject","url":"https:\/\/enermak.com\/wp-content\/uploads\/2025\/09\/Track-It\u2122-RHTemp-Veri-Kaydedici.webp","@id":"https:\/\/enermak.com\/en\/urunler\/track-it-rhtemp-veri-kaydedici\/#mainImage","width":600,"height":599,"caption":"Track-It\u2122 RHTemp Veri Kaydedici"},"primaryImageOfPage":{"@id":"https:\/\/enermak.com\/en\/urunler\/track-it-rhtemp-veri-kaydedici\/#mainImage"},"datePublished":"2025-09-12T13:45:34+03:00","dateModified":"2026-02-18T15:26:55+03:00"},{"@type":"WebSite","@id":"https:\/\/enermak.com\/en\/#website","url":"https:\/\/enermak.com\/en\/","name":"Enermak Enerji","alternateName":"Yeralt\u0131ndan Haberler","description":"Yeralt\u0131ndan Haberler","inLanguage":"en-US","publisher":{"@id":"https:\/\/enermak.com\/en\/#organization"}}]},"og:locale":"en_US","og:site_name":"Enermak Enerji - Yeralt\u0131ndan Haberler","og:type":"article","og:title":"Track-It\u2122 RHTemp Veri Kaydedici - Enermak Enerji","og:description":"Track-It\u2122 RHTemp Veri Kaydedici, 64.000 adede kadar ba\u011f\u0131l nem ve\/veya s\u0131cakl\u0131k verisi \u00f6rne\u011fini kaydeden, pille \u00e7al\u0131\u015fan, ba\u011f\u0131ms\u0131z kompakt kaydedicilerdir.","og:url":"https:\/\/enermak.com\/en\/urunler\/track-it-rhtemp-veri-kaydedici\/","og:image":"https:\/\/enermak.com\/wp-content\/uploads\/2022\/03\/logo-tr-1.png","og:image:secure_url":"https:\/\/enermak.com\/wp-content\/uploads\/2022\/03\/logo-tr-1.png","article:published_time":"2025-09-12T10:45:34+00:00","article:modified_time":"2026-02-18T12:26:55+00:00","article:publisher":"https:\/\/www.facebook.com\/YERALTINDANHABERLER\/","twitter:card":"summary_large_image","twitter:site":"@enerjienermak","twitter:title":"Track-It\u2122 RHTemp Veri Kaydedici - Enermak Enerji","twitter:description":"Track-It\u2122 RHTemp Veri Kaydedici, 64.000 adede kadar ba\u011f\u0131l nem ve\/veya s\u0131cakl\u0131k verisi \u00f6rne\u011fini kaydeden, pille \u00e7al\u0131\u015fan, ba\u011f\u0131ms\u0131z kompakt kaydedicilerdir.","twitter:image":"https:\/\/enermak.com\/wp-content\/uploads\/2022\/03\/logo-tr-1.png"},"aioseo_meta_data":{"post_id":"35216","title":null,"description":"Track-It\u2122 RHTemp Veri Kaydedici, 64.000 adede kadar ba\u011f\u0131l nem ve\/veya s\u0131cakl\u0131k verisi \u00f6rne\u011fini kaydeden, pille \u00e7al\u0131\u015fan, ba\u011f\u0131ms\u0131z kompakt kaydedicilerdir.","keywords":null,"keyphrases":{"focus":{"keyphrase":"RHTemp Veri Kaydedici","score":100,"analysis":{"keyphraseInTitle":{"score":9,"maxScore":9,"error":0},"keyphraseInDescription":{"score":9,"maxScore":9,"error":0},"keyphraseLength":{"score":9,"maxScore":9,"error":0,"length":3},"keyphraseInURL":{"score":5,"maxScore":5,"error":0},"keyphraseInIntroduction":{"score":9,"maxScore":9,"error":0},"keyphraseInSubHeadings":{"score":9,"maxScore":9,"error":0},"keyphraseInImageAlt":[],"keywordDensity":{"type":"best","score":9,"maxScore":9,"error":0}}},"additional":[]},"primary_term":null,"canonical_url":null,"og_title":null,"og_description":null,"og_object_type":"default","og_image_type":"default","og_image_url":null,"og_image_width":null,"og_image_height":null,"og_image_custom_url":null,"og_image_custom_fields":null,"og_video":"","og_custom_url":null,"og_article_section":null,"og_article_tags":null,"twitter_use_og":false,"twitter_card":"default","twitter_image_type":"default","twitter_image_url":null,"twitter_image_custom_url":null,"twitter_image_custom_fields":null,"twitter_title":null,"twitter_description":null,"schema":{"blockGraphs":[],"customGraphs":[],"default":{"data":{"Article":[],"Course":[],"Dataset":[],"FAQPage":[],"Movie":[],"Person":[],"Product":[],"ProductReview":[],"Car":[],"Recipe":[],"Service":[],"SoftwareApplication":[],"WebPage":[]},"graphName":"ItemPage","isEnabled":true},"graphs":[]},"schema_type":"default","schema_type_options":null,"pillar_content":false,"robots_default":true,"robots_noindex":false,"robots_noarchive":false,"robots_nosnippet":false,"robots_nofollow":false,"robots_noimageindex":false,"robots_noodp":false,"robots_notranslate":false,"robots_max_snippet":"-1","robots_max_videopreview":"-1","robots_max_imagepreview":"large","priority":null,"frequency":"default","local_seo":null,"seo_analyzer_scan_date":"2026-02-18 12:27:13","breadcrumb_settings":null,"limit_modified_date":false,"reviewed_by":null,"open_ai":null,"ai":{"faqs":[],"keyPoints":[],"titles":[],"descriptions":[],"socialPosts":{"email":[],"linkedin":[],"twitter":[],"facebook":[],"instagram":[]}},"created":"2025-09-12 10:37:00","updated":"2026-02-18 12:43:48"},"aioseo_breadcrumb":"<div class=\"aioseo-breadcrumbs\"><span class=\"aioseo-breadcrumb\">\n\t<a href=\"https:\/\/enermak.com\/en\" title=\"Home\">Home<\/a>\n<\/span><span class=\"aioseo-breadcrumb-separator\">\u00bb<\/span><span class=\"aioseo-breadcrumb\">\n\t<a href=\"https:\/\/enermak.com\/en\/urunler\/\" title=\"\u00dcr\u00fcnler\">\u00dcr\u00fcnler<\/a>\n<\/span><span class=\"aioseo-breadcrumb-separator\">\u00bb<\/span><span class=\"aioseo-breadcrumb\">\n\t<a href=\"https:\/\/enermak.com\/en\/brand\/monarch\/\" title=\"MONARCH\">MONARCH<\/a>\n<\/span><span class=\"aioseo-breadcrumb-separator\">\u00bb<\/span><span class=\"aioseo-breadcrumb\">\n\tTrack-It\u2122 RHTemp Veri Kaydedici\n<\/span><\/div>","aioseo_breadcrumb_json":[{"label":"Home","link":"https:\/\/enermak.com\/en"},{"label":"\u00dcr\u00fcnler","link":"https:\/\/enermak.com\/en\/urunler\/"},{"label":"MONARCH","link":"https:\/\/enermak.com\/en\/brand\/monarch\/"},{"label":"Track-It\u2122 RHTemp Veri Kaydedici","link":"https:\/\/enermak.com\/en\/urunler\/track-it-rhtemp-veri-kaydedici\/"}],"_links":{"self":[{"href":"https:\/\/enermak.com\/en\/wp-json\/wp\/v2\/product\/35216","targetHints":{"allow":["GET"]}}],"collection":[{"href":"https:\/\/enermak.com\/en\/wp-json\/wp\/v2\/product"}],"about":[{"href":"https:\/\/enermak.com\/en\/wp-json\/wp\/v2\/types\/product"}],"version-history":[{"count":0,"href":"https:\/\/enermak.com\/en\/wp-json\/wp\/v2\/product\/35216\/revisions"}],"wp:featuredmedia":[{"embeddable":true,"href":"https:\/\/enermak.com\/en\/wp-json\/wp\/v2\/media\/35217"}],"wp:attachment":[{"href":"https:\/\/enermak.com\/en\/wp-json\/wp\/v2\/media?parent=35216"}],"wp:term":[{"taxonomy":"product_brand","embeddable":true,"href":"https:\/\/enermak.com\/en\/wp-json\/wp\/v2\/product_brand?post=35216"},{"taxonomy":"product_cat","embeddable":true,"href":"https:\/\/enermak.com\/en\/wp-json\/wp\/v2\/product_cat?post=35216"},{"taxonomy":"product_tag","embeddable":true,"href":"https:\/\/enermak.com\/en\/wp-json\/wp\/v2\/product_tag?post=35216"},{"taxonomy":"product_brands","embeddable":true,"href":"https:\/\/enermak.com\/en\/wp-json\/wp\/v2\/product_brands?post=35216"}],"curies":[{"name":"wp","href":"https:\/\/api.w.org\/{rel}","templated":true}]}}