{"id":34963,"date":"2025-09-02T16:09:40","date_gmt":"2025-09-02T13:09:40","guid":{"rendered":"https:\/\/enermak.com\/?post_type=product&#038;p=34963"},"modified":"2026-02-18T15:27:08","modified_gmt":"2026-02-18T12:27:08","slug":"leeb232-kaplama-kalinlik-olcer","status":"publish","type":"product","link":"https:\/\/enermak.com\/en\/urunler\/leeb232-kaplama-kalinlik-olcer\/","title":{"rendered":"Leeb232 Kaplama Kal\u0131nl\u0131k \u00d6l\u00e7er"},"content":{"rendered":"<h2 class=\"wp-block-heading has-medium-font-size\" style=\"text-align: left;\"><span style=\"color: #000000;\">Leeb232 ile Kaplama Kal\u0131nl\u0131\u011f\u0131 \u00d6l\u00e7\u00fcm\u00fcnde Yeni D\u00f6nem<\/span><\/h2>\n<p style=\"text-align: left;\"><span style=\"color: #000000;\">End\u00fcstriyel y\u00fczeylerde g\u00fcvenilir \u00f6l\u00e7\u00fcm art\u0131k daha kolay. <strong>Leeb232 Kaplama Kal\u0131nl\u0131k \u00d6l\u00e7er<\/strong>, metal ve yal\u0131tkan y\u00fczeylerde mikron hassasiyetinde sonu\u00e7lar sunar. Enermak Enerji olarak bu teknolojiyi sizlerle bulu\u015fturuyoruz.<\/span><\/p>\n<h2 class=\"wp-block-heading has-medium-font-size\" style=\"text-align: left;\"><span style=\"color: #000000;\">Temel \u00d6zellikler<\/span><\/h2>\n<p style=\"text-align: left;\"><span style=\"color: #000000;\">\u25fc 0 ~ 1250 \u00b5m \u00f6l\u00e7\u00fcm aral\u0131\u011f\u0131<\/span><br \/>\n<span style=\"color: #000000;\">\u25fc \u00b1[(1~3%)H + 1] hassasiyet<\/span><br \/>\n<span style=\"color: #000000;\">\u25fc 500 veri haf\u0131zas\u0131<\/span><br \/>\n<span style=\"color: #000000;\">\u25fc Limit a\u015f\u0131m\u0131 alarm\u0131<\/span><br \/>\n<span style=\"color: #000000;\">\u25fc \u0130statistiksel analiz ve kalibrasyon se\u00e7enekleri<\/span><\/p>\n<h2 class=\"wp-block-heading has-medium-font-size\" style=\"text-align: left;\"><span style=\"color: #000000;\">Kullan\u0131m Alanlar\u0131<\/span><\/h2>\n<p style=\"text-align: left;\"><span style=\"color: #000000;\">\u25fc Gemi g\u00f6vdeleri<\/span><br \/>\n<span style=\"color: #000000;\">\u25fc Boru hatlar\u0131 ve kazanlar<\/span><br \/>\n<span style=\"color: #000000;\">\u25fc Metal ve metal d\u0131\u015f\u0131 kaplamalar<\/span><\/p>\n<h2 class=\"wp-block-heading has-medium-font-size\" style=\"text-align: left;\"><span style=\"color: #000000;\">Teknik \u00d6zellikler<\/span><\/h2>\n<p style=\"text-align: left;\"><span style=\"color: #000000;\">\u25fc Leeb232 cihaz\u0131<\/span><br \/>\n<span style=\"color: #000000;\">\u25fc 5 \u00f6rnek levha<\/span><br \/>\n<span style=\"color: #000000;\">\u25fc 2 adet AAA pil<\/span><\/p>\n<h2 class=\"wp-block-heading has-medium-font-size\" style=\"text-align: left;\"><span style=\"color: #000000;\">Kutu \u0130\u00e7eri\u011fi<\/span><\/h2>\n<p style=\"text-align: left;\"><span style=\"color: #000000;\">\u25fc Leeb232 cihaz\u0131<\/span><br \/>\n<span style=\"color: #000000;\">\u25fc 5 \u00f6rnek levha<\/span><br \/>\n<span style=\"color: #000000;\">\u25fc 2 adet AAA pil<\/span><\/p>\n<p style=\"text-align: left;\"><span style=\"color: #000000;\"><strong>Enermak Enerji<\/strong> olarak sat\u0131\u015f sonras\u0131 destek ve teknik dan\u0131\u015fmanl\u0131k hizmetlerimizle yan\u0131n\u0131zday\u0131z.<\/span><\/p>\n<p style=\"text-align: left;\">\n","protected":false},"excerpt":{"rendered":"<h2 class=\"wp-block-heading has-medium-font-size\"><span style=\"color: #000000;\">Leeb232 ile Kaplama Kal\u0131nl\u0131\u011f\u0131 \u00d6l\u00e7\u00fcm\u00fcnde Yeni D\u00f6nem<\/span><\/h2>\n<p><span style=\"color: #000000;\">End\u00fcstriyel y\u00fczeylerde g\u00fcvenilir \u00f6l\u00e7\u00fcm art\u0131k daha kolay. <strong>Leeb232 Kaplama Kal\u0131nl\u0131k \u00d6l\u00e7er<\/strong>, metal ve yal\u0131tkan y\u00fczeylerde mikron hassasiyetinde sonu\u00e7lar sunar. Enermak Enerji olarak bu teknolojiyi sizlerle bulu\u015fturuyoruz.<\/span><\/p>","protected":false},"featured_media":34965,"template":"","meta":{"_bst_post_transparent":"default","_bst_post_title":"","_bst_post_layout":"default","_bst_post_sidebar_id":"","_bst_post_content_style":"default","_bst_post_vertical_padding":"default","_bst_post_feature":"","_bst_post_feature_position":"","_bst_post_header":false,"_bst_post_footer":false},"product_brand":[1989],"product_cat":[1413],"product_tag":[],"product_brands":[],"class_list":{"0":"post-34963","1":"product","2":"type-product","3":"status-publish","4":"has-post-thumbnail","6":"product_brand-leeb","7":"product_cat-kalinlik-sicaklik-akim-gerilim-olcumu","9":"first","10":"instock","11":"shipping-taxable","12":"product-type-simple","13":"entry","14":"content-bg","15":"loop-entry"},"aioseo_notices":[],"aioseo_head":"\n\t\t<!-- All in One SEO Pro 4.9.6.2 - aioseo.com -->\n\t<meta name=\"description\" content=\"Leeb232 Kaplama Kal\u0131nl\u0131k \u00d6l\u00e7er, metal ve yal\u0131tkan y\u00fczeylerde mikron hassasiyetinde sonu\u00e7lar sunar. Enermak Enerji olarak bu teknolojiyi sizlerle bulu\u015fturuyoruz.\" \/>\n\t<meta name=\"robots\" content=\"max-image-preview:large\" \/>\n\t<meta name=\"yandex-verification\" content=\"yandex-verification: 61c39bc218eec6a9\" \/>\n\t<link rel=\"canonical\" href=\"https:\/\/enermak.com\/en\/urunler\/leeb232-kaplama-kalinlik-olcer\/\" \/>\n\t<meta name=\"generator\" content=\"All in One SEO Pro (AIOSEO) 4.9.6.2\" \/>\n\t\t<meta property=\"og:locale\" content=\"en_US\" \/>\n\t\t<meta property=\"og:site_name\" content=\"Enermak Enerji - Yeralt\u0131ndan Haberler\" \/>\n\t\t<meta property=\"og:type\" content=\"article\" \/>\n\t\t<meta property=\"og:title\" content=\"Leeb232 Kaplama Kal\u0131nl\u0131k \u00d6l\u00e7er - Enermak Enerji\" \/>\n\t\t<meta property=\"og:description\" content=\"Leeb232 Kaplama Kal\u0131nl\u0131k \u00d6l\u00e7er, metal ve yal\u0131tkan y\u00fczeylerde mikron hassasiyetinde sonu\u00e7lar sunar. Enermak Enerji olarak bu teknolojiyi sizlerle bulu\u015fturuyoruz.\" \/>\n\t\t<meta property=\"og:url\" content=\"https:\/\/enermak.com\/en\/urunler\/leeb232-kaplama-kalinlik-olcer\/\" \/>\n\t\t<meta property=\"og:image\" content=\"https:\/\/enermak.com\/wp-content\/uploads\/2022\/03\/logo-tr-1.png\" \/>\n\t\t<meta property=\"og:image:secure_url\" content=\"https:\/\/enermak.com\/wp-content\/uploads\/2022\/03\/logo-tr-1.png\" \/>\n\t\t<meta property=\"article:published_time\" content=\"2025-09-02T13:09:40+00:00\" \/>\n\t\t<meta property=\"article:modified_time\" content=\"2026-02-18T12:27:08+00:00\" \/>\n\t\t<meta property=\"article:publisher\" content=\"https:\/\/www.facebook.com\/YERALTINDANHABERLER\/\" \/>\n\t\t<meta name=\"twitter:card\" content=\"summary_large_image\" \/>\n\t\t<meta name=\"twitter:site\" content=\"@enerjienermak\" \/>\n\t\t<meta name=\"twitter:title\" content=\"Leeb232 Kaplama Kal\u0131nl\u0131k \u00d6l\u00e7er - Enermak Enerji\" \/>\n\t\t<meta name=\"twitter:description\" content=\"Leeb232 Kaplama Kal\u0131nl\u0131k \u00d6l\u00e7er, metal ve yal\u0131tkan y\u00fczeylerde mikron hassasiyetinde sonu\u00e7lar sunar. Enermak Enerji olarak bu teknolojiyi sizlerle bulu\u015fturuyoruz.\" \/>\n\t\t<meta name=\"twitter:image\" content=\"https:\/\/enermak.com\/wp-content\/uploads\/2022\/03\/logo-tr-1.png\" \/>\n\t\t<script type=\"application\/ld+json\" class=\"aioseo-schema\">\n\t\t\t{\"@context\":\"https:\\\/\\\/schema.org\",\"@graph\":[{\"@type\":\"BreadcrumbList\",\"@id\":\"https:\\\/\\\/enermak.com\\\/en\\\/urunler\\\/leeb232-kaplama-kalinlik-olcer\\\/#breadcrumblist\",\"itemListElement\":[{\"@type\":\"ListItem\",\"@id\":\"https:\\\/\\\/enermak.com\\\/en#listItem\",\"position\":1,\"name\":\"Home\",\"item\":\"https:\\\/\\\/enermak.com\\\/en\",\"nextItem\":{\"@type\":\"ListItem\",\"@id\":\"https:\\\/\\\/enermak.com\\\/en\\\/urunler\\\/#listItem\",\"name\":\"\\u00dcr\\u00fcnler\"}},{\"@type\":\"ListItem\",\"@id\":\"https:\\\/\\\/enermak.com\\\/en\\\/urunler\\\/#listItem\",\"position\":2,\"name\":\"\\u00dcr\\u00fcnler\",\"item\":\"https:\\\/\\\/enermak.com\\\/en\\\/urunler\\\/\",\"nextItem\":{\"@type\":\"ListItem\",\"@id\":\"https:\\\/\\\/enermak.com\\\/en\\\/brand\\\/leeb\\\/#listItem\",\"name\":\"LEEB\"},\"previousItem\":{\"@type\":\"ListItem\",\"@id\":\"https:\\\/\\\/enermak.com\\\/en#listItem\",\"name\":\"Home\"}},{\"@type\":\"ListItem\",\"@id\":\"https:\\\/\\\/enermak.com\\\/en\\\/brand\\\/leeb\\\/#listItem\",\"position\":3,\"name\":\"LEEB\",\"item\":\"https:\\\/\\\/enermak.com\\\/en\\\/brand\\\/leeb\\\/\",\"nextItem\":{\"@type\":\"ListItem\",\"@id\":\"https:\\\/\\\/enermak.com\\\/en\\\/urunler\\\/leeb232-kaplama-kalinlik-olcer\\\/#listItem\",\"name\":\"Leeb232 Kaplama Kal\\u0131nl\\u0131k \\u00d6l\\u00e7er\"},\"previousItem\":{\"@type\":\"ListItem\",\"@id\":\"https:\\\/\\\/enermak.com\\\/en\\\/urunler\\\/#listItem\",\"name\":\"\\u00dcr\\u00fcnler\"}},{\"@type\":\"ListItem\",\"@id\":\"https:\\\/\\\/enermak.com\\\/en\\\/urunler\\\/leeb232-kaplama-kalinlik-olcer\\\/#listItem\",\"position\":4,\"name\":\"Leeb232 Kaplama Kal\\u0131nl\\u0131k \\u00d6l\\u00e7er\",\"previousItem\":{\"@type\":\"ListItem\",\"@id\":\"https:\\\/\\\/enermak.com\\\/en\\\/brand\\\/leeb\\\/#listItem\",\"name\":\"LEEB\"}}]},{\"@type\":\"ItemPage\",\"@id\":\"https:\\\/\\\/enermak.com\\\/en\\\/urunler\\\/leeb232-kaplama-kalinlik-olcer\\\/#itempage\",\"url\":\"https:\\\/\\\/enermak.com\\\/en\\\/urunler\\\/leeb232-kaplama-kalinlik-olcer\\\/\",\"name\":\"Leeb232 Kaplama Kal\\u0131nl\\u0131k \\u00d6l\\u00e7er - Enermak Enerji\",\"description\":\"Leeb232 Kaplama Kal\\u0131nl\\u0131k \\u00d6l\\u00e7er, metal ve yal\\u0131tkan y\\u00fczeylerde mikron hassasiyetinde sonu\\u00e7lar sunar. Enermak Enerji olarak bu teknolojiyi sizlerle bulu\\u015fturuyoruz.\",\"inLanguage\":\"en-US\",\"isPartOf\":{\"@id\":\"https:\\\/\\\/enermak.com\\\/en\\\/#website\"},\"breadcrumb\":{\"@id\":\"https:\\\/\\\/enermak.com\\\/en\\\/urunler\\\/leeb232-kaplama-kalinlik-olcer\\\/#breadcrumblist\"},\"image\":{\"@type\":\"ImageObject\",\"url\":\"https:\\\/\\\/enermak.com\\\/wp-content\\\/uploads\\\/2025\\\/09\\\/Leeb232-ile-Kaplama-Kalinligi-Olcum-cihazi.jpg\",\"@id\":\"https:\\\/\\\/enermak.com\\\/en\\\/urunler\\\/leeb232-kaplama-kalinlik-olcer\\\/#mainImage\",\"width\":600,\"height\":600,\"caption\":\"Leeb232 ile Kaplama Kal\\u0131nl\\u0131\\u011f\\u0131 \\u00d6l\\u00e7\\u00fcm cihaz\\u0131\"},\"primaryImageOfPage\":{\"@id\":\"https:\\\/\\\/enermak.com\\\/en\\\/urunler\\\/leeb232-kaplama-kalinlik-olcer\\\/#mainImage\"},\"datePublished\":\"2025-09-02T16:09:40+03:00\",\"dateModified\":\"2026-02-18T15:27:08+03:00\"},{\"@type\":\"Organization\",\"@id\":\"https:\\\/\\\/enermak.com\\\/en\\\/#organization\",\"name\":\"Enermak Enerji\",\"description\":\"Yeralt\\u0131ndan Haberler\",\"url\":\"https:\\\/\\\/enermak.com\\\/en\\\/\",\"telephone\":\"+903123851102\",\"logo\":{\"@type\":\"ImageObject\",\"url\":\"https:\\\/\\\/enermak.com\\\/wp-content\\\/uploads\\\/2022\\\/03\\\/logo-tr-1.png\",\"@id\":\"https:\\\/\\\/enermak.com\\\/en\\\/urunler\\\/leeb232-kaplama-kalinlik-olcer\\\/#organizationLogo\"},\"image\":{\"@id\":\"https:\\\/\\\/enermak.com\\\/en\\\/urunler\\\/leeb232-kaplama-kalinlik-olcer\\\/#organizationLogo\"},\"sameAs\":[\"https:\\\/\\\/www.facebook.com\\\/YERALTINDANHABERLER\\\/\",\"https:\\\/\\\/twitter.com\\\/enerjienermak\",\"https:\\\/\\\/www.instagram.com\\\/enermakenerji\\\/\",\"https:\\\/\\\/www.youtube.com\\\/c\\\/EnermakEnerji\",\"https:\\\/\\\/www.linkedin.com\\\/in\\\/enermak\"]},{\"@type\":\"WebPage\",\"@id\":\"https:\\\/\\\/enermak.com\\\/en\\\/urunler\\\/leeb232-kaplama-kalinlik-olcer\\\/#webpage\",\"url\":\"https:\\\/\\\/enermak.com\\\/en\\\/urunler\\\/leeb232-kaplama-kalinlik-olcer\\\/\",\"name\":\"Leeb232 Kaplama Kal\\u0131nl\\u0131k \\u00d6l\\u00e7er - Enermak Enerji\",\"description\":\"Leeb232 Kaplama Kal\\u0131nl\\u0131k \\u00d6l\\u00e7er, metal ve yal\\u0131tkan y\\u00fczeylerde mikron hassasiyetinde sonu\\u00e7lar sunar. Enermak Enerji olarak bu teknolojiyi sizlerle bulu\\u015fturuyoruz.\",\"inLanguage\":\"en-US\",\"isPartOf\":{\"@id\":\"https:\\\/\\\/enermak.com\\\/en\\\/#website\"},\"breadcrumb\":{\"@id\":\"https:\\\/\\\/enermak.com\\\/en\\\/urunler\\\/leeb232-kaplama-kalinlik-olcer\\\/#breadcrumblist\"},\"image\":{\"@type\":\"ImageObject\",\"url\":\"https:\\\/\\\/enermak.com\\\/wp-content\\\/uploads\\\/2025\\\/09\\\/Leeb232-ile-Kaplama-Kalinligi-Olcum-cihazi.jpg\",\"@id\":\"https:\\\/\\\/enermak.com\\\/en\\\/urunler\\\/leeb232-kaplama-kalinlik-olcer\\\/#mainImage\",\"width\":600,\"height\":600,\"caption\":\"Leeb232 ile Kaplama Kal\\u0131nl\\u0131\\u011f\\u0131 \\u00d6l\\u00e7\\u00fcm cihaz\\u0131\"},\"primaryImageOfPage\":{\"@id\":\"https:\\\/\\\/enermak.com\\\/en\\\/urunler\\\/leeb232-kaplama-kalinlik-olcer\\\/#mainImage\"},\"datePublished\":\"2025-09-02T16:09:40+03:00\",\"dateModified\":\"2026-02-18T15:27:08+03:00\"},{\"@type\":\"WebSite\",\"@id\":\"https:\\\/\\\/enermak.com\\\/en\\\/#website\",\"url\":\"https:\\\/\\\/enermak.com\\\/en\\\/\",\"name\":\"Enermak Enerji\",\"alternateName\":\"Yeralt\\u0131ndan Haberler\",\"description\":\"Yeralt\\u0131ndan Haberler\",\"inLanguage\":\"en-US\",\"publisher\":{\"@id\":\"https:\\\/\\\/enermak.com\\\/en\\\/#organization\"}}]}\n\t\t<\/script>\n\t\t<!-- All in One SEO Pro -->\r\n\t\t<title>Leeb232 Kaplama Kal\u0131nl\u0131k \u00d6l\u00e7er - Enermak Enerji<\/title>\n\n","aioseo_head_json":{"title":"Leeb232 Kaplama Kal\u0131nl\u0131k \u00d6l\u00e7er - Enermak Enerji","description":"Leeb232 Kaplama Kal\u0131nl\u0131k \u00d6l\u00e7er, metal ve yal\u0131tkan y\u00fczeylerde mikron hassasiyetinde sonu\u00e7lar sunar. Enermak Enerji olarak bu teknolojiyi sizlerle bulu\u015fturuyoruz.","canonical_url":"https:\/\/enermak.com\/en\/urunler\/leeb232-kaplama-kalinlik-olcer\/","robots":"max-image-preview:large","keywords":"","webmasterTools":{"yandex-verification":"yandex-verification: 61c39bc218eec6a9","miscellaneous":""},"schema":{"@context":"https:\/\/schema.org","@graph":[{"@type":"BreadcrumbList","@id":"https:\/\/enermak.com\/en\/urunler\/leeb232-kaplama-kalinlik-olcer\/#breadcrumblist","itemListElement":[{"@type":"ListItem","@id":"https:\/\/enermak.com\/en#listItem","position":1,"name":"Home","item":"https:\/\/enermak.com\/en","nextItem":{"@type":"ListItem","@id":"https:\/\/enermak.com\/en\/urunler\/#listItem","name":"\u00dcr\u00fcnler"}},{"@type":"ListItem","@id":"https:\/\/enermak.com\/en\/urunler\/#listItem","position":2,"name":"\u00dcr\u00fcnler","item":"https:\/\/enermak.com\/en\/urunler\/","nextItem":{"@type":"ListItem","@id":"https:\/\/enermak.com\/en\/brand\/leeb\/#listItem","name":"LEEB"},"previousItem":{"@type":"ListItem","@id":"https:\/\/enermak.com\/en#listItem","name":"Home"}},{"@type":"ListItem","@id":"https:\/\/enermak.com\/en\/brand\/leeb\/#listItem","position":3,"name":"LEEB","item":"https:\/\/enermak.com\/en\/brand\/leeb\/","nextItem":{"@type":"ListItem","@id":"https:\/\/enermak.com\/en\/urunler\/leeb232-kaplama-kalinlik-olcer\/#listItem","name":"Leeb232 Kaplama Kal\u0131nl\u0131k \u00d6l\u00e7er"},"previousItem":{"@type":"ListItem","@id":"https:\/\/enermak.com\/en\/urunler\/#listItem","name":"\u00dcr\u00fcnler"}},{"@type":"ListItem","@id":"https:\/\/enermak.com\/en\/urunler\/leeb232-kaplama-kalinlik-olcer\/#listItem","position":4,"name":"Leeb232 Kaplama Kal\u0131nl\u0131k \u00d6l\u00e7er","previousItem":{"@type":"ListItem","@id":"https:\/\/enermak.com\/en\/brand\/leeb\/#listItem","name":"LEEB"}}]},{"@type":"ItemPage","@id":"https:\/\/enermak.com\/en\/urunler\/leeb232-kaplama-kalinlik-olcer\/#itempage","url":"https:\/\/enermak.com\/en\/urunler\/leeb232-kaplama-kalinlik-olcer\/","name":"Leeb232 Kaplama Kal\u0131nl\u0131k \u00d6l\u00e7er - Enermak Enerji","description":"Leeb232 Kaplama Kal\u0131nl\u0131k \u00d6l\u00e7er, metal ve yal\u0131tkan y\u00fczeylerde mikron hassasiyetinde sonu\u00e7lar sunar. Enermak Enerji olarak bu teknolojiyi sizlerle bulu\u015fturuyoruz.","inLanguage":"en-US","isPartOf":{"@id":"https:\/\/enermak.com\/en\/#website"},"breadcrumb":{"@id":"https:\/\/enermak.com\/en\/urunler\/leeb232-kaplama-kalinlik-olcer\/#breadcrumblist"},"image":{"@type":"ImageObject","url":"https:\/\/enermak.com\/wp-content\/uploads\/2025\/09\/Leeb232-ile-Kaplama-Kalinligi-Olcum-cihazi.jpg","@id":"https:\/\/enermak.com\/en\/urunler\/leeb232-kaplama-kalinlik-olcer\/#mainImage","width":600,"height":600,"caption":"Leeb232 ile Kaplama Kal\u0131nl\u0131\u011f\u0131 \u00d6l\u00e7\u00fcm cihaz\u0131"},"primaryImageOfPage":{"@id":"https:\/\/enermak.com\/en\/urunler\/leeb232-kaplama-kalinlik-olcer\/#mainImage"},"datePublished":"2025-09-02T16:09:40+03:00","dateModified":"2026-02-18T15:27:08+03:00"},{"@type":"Organization","@id":"https:\/\/enermak.com\/en\/#organization","name":"Enermak Enerji","description":"Yeralt\u0131ndan Haberler","url":"https:\/\/enermak.com\/en\/","telephone":"+903123851102","logo":{"@type":"ImageObject","url":"https:\/\/enermak.com\/wp-content\/uploads\/2022\/03\/logo-tr-1.png","@id":"https:\/\/enermak.com\/en\/urunler\/leeb232-kaplama-kalinlik-olcer\/#organizationLogo"},"image":{"@id":"https:\/\/enermak.com\/en\/urunler\/leeb232-kaplama-kalinlik-olcer\/#organizationLogo"},"sameAs":["https:\/\/www.facebook.com\/YERALTINDANHABERLER\/","https:\/\/twitter.com\/enerjienermak","https:\/\/www.instagram.com\/enermakenerji\/","https:\/\/www.youtube.com\/c\/EnermakEnerji","https:\/\/www.linkedin.com\/in\/enermak"]},{"@type":"WebPage","@id":"https:\/\/enermak.com\/en\/urunler\/leeb232-kaplama-kalinlik-olcer\/#webpage","url":"https:\/\/enermak.com\/en\/urunler\/leeb232-kaplama-kalinlik-olcer\/","name":"Leeb232 Kaplama Kal\u0131nl\u0131k \u00d6l\u00e7er - Enermak Enerji","description":"Leeb232 Kaplama Kal\u0131nl\u0131k \u00d6l\u00e7er, metal ve yal\u0131tkan y\u00fczeylerde mikron hassasiyetinde sonu\u00e7lar sunar. Enermak Enerji olarak bu teknolojiyi sizlerle bulu\u015fturuyoruz.","inLanguage":"en-US","isPartOf":{"@id":"https:\/\/enermak.com\/en\/#website"},"breadcrumb":{"@id":"https:\/\/enermak.com\/en\/urunler\/leeb232-kaplama-kalinlik-olcer\/#breadcrumblist"},"image":{"@type":"ImageObject","url":"https:\/\/enermak.com\/wp-content\/uploads\/2025\/09\/Leeb232-ile-Kaplama-Kalinligi-Olcum-cihazi.jpg","@id":"https:\/\/enermak.com\/en\/urunler\/leeb232-kaplama-kalinlik-olcer\/#mainImage","width":600,"height":600,"caption":"Leeb232 ile Kaplama Kal\u0131nl\u0131\u011f\u0131 \u00d6l\u00e7\u00fcm cihaz\u0131"},"primaryImageOfPage":{"@id":"https:\/\/enermak.com\/en\/urunler\/leeb232-kaplama-kalinlik-olcer\/#mainImage"},"datePublished":"2025-09-02T16:09:40+03:00","dateModified":"2026-02-18T15:27:08+03:00"},{"@type":"WebSite","@id":"https:\/\/enermak.com\/en\/#website","url":"https:\/\/enermak.com\/en\/","name":"Enermak Enerji","alternateName":"Yeralt\u0131ndan Haberler","description":"Yeralt\u0131ndan Haberler","inLanguage":"en-US","publisher":{"@id":"https:\/\/enermak.com\/en\/#organization"}}]},"og:locale":"en_US","og:site_name":"Enermak Enerji - Yeralt\u0131ndan Haberler","og:type":"article","og:title":"Leeb232 Kaplama Kal\u0131nl\u0131k \u00d6l\u00e7er - Enermak Enerji","og:description":"Leeb232 Kaplama Kal\u0131nl\u0131k \u00d6l\u00e7er, metal ve yal\u0131tkan y\u00fczeylerde mikron hassasiyetinde sonu\u00e7lar sunar. Enermak Enerji olarak bu teknolojiyi sizlerle bulu\u015fturuyoruz.","og:url":"https:\/\/enermak.com\/en\/urunler\/leeb232-kaplama-kalinlik-olcer\/","og:image":"https:\/\/enermak.com\/wp-content\/uploads\/2022\/03\/logo-tr-1.png","og:image:secure_url":"https:\/\/enermak.com\/wp-content\/uploads\/2022\/03\/logo-tr-1.png","article:published_time":"2025-09-02T13:09:40+00:00","article:modified_time":"2026-02-18T12:27:08+00:00","article:publisher":"https:\/\/www.facebook.com\/YERALTINDANHABERLER\/","twitter:card":"summary_large_image","twitter:site":"@enerjienermak","twitter:title":"Leeb232 Kaplama Kal\u0131nl\u0131k \u00d6l\u00e7er - Enermak Enerji","twitter:description":"Leeb232 Kaplama Kal\u0131nl\u0131k \u00d6l\u00e7er, metal ve yal\u0131tkan y\u00fczeylerde mikron hassasiyetinde sonu\u00e7lar sunar. Enermak Enerji olarak bu teknolojiyi sizlerle bulu\u015fturuyoruz.","twitter:image":"https:\/\/enermak.com\/wp-content\/uploads\/2022\/03\/logo-tr-1.png"},"aioseo_meta_data":{"post_id":"34963","title":null,"description":"Leeb232 Kaplama Kal\u0131nl\u0131k \u00d6l\u00e7er, metal ve yal\u0131tkan y\u00fczeylerde mikron hassasiyetinde sonu\u00e7lar sunar. Enermak Enerji olarak bu teknolojiyi sizlerle bulu\u015fturuyoruz.","keywords":null,"keyphrases":{"focus":{"keyphrase":"Kaplama Kal\u0131nl\u0131k \u00d6l\u00e7er","score":85,"analysis":{"keyphraseInTitle":{"score":9,"maxScore":9,"error":0},"keyphraseInDescription":{"score":9,"maxScore":9,"error":0},"keyphraseLength":{"score":6,"maxScore":9,"error":1,"length":6},"keyphraseInURL":{"score":5,"maxScore":5,"error":0},"keyphraseInIntroduction":{"score":9,"maxScore":9,"error":0},"keyphraseInSubHeadings":{"score":3,"maxScore":9,"error":1},"keyphraseInImageAlt":[],"keywordDensity":{"type":"best","score":9,"maxScore":9,"error":0}}},"additional":[]},"primary_term":null,"canonical_url":null,"og_title":null,"og_description":null,"og_object_type":"default","og_image_type":"default","og_image_url":null,"og_image_width":null,"og_image_height":null,"og_image_custom_url":null,"og_image_custom_fields":null,"og_video":"","og_custom_url":null,"og_article_section":null,"og_article_tags":null,"twitter_use_og":false,"twitter_card":"default","twitter_image_type":"default","twitter_image_url":null,"twitter_image_custom_url":null,"twitter_image_custom_fields":null,"twitter_title":null,"twitter_description":null,"schema":{"blockGraphs":[],"customGraphs":[],"default":{"data":{"Article":[],"Course":[],"Dataset":[],"FAQPage":[],"Movie":[],"Person":[],"Product":[],"ProductReview":[],"Car":[],"Recipe":[],"Service":[],"SoftwareApplication":[],"WebPage":[]},"graphName":"ItemPage","isEnabled":true},"graphs":[]},"schema_type":"default","schema_type_options":null,"pillar_content":false,"robots_default":true,"robots_noindex":false,"robots_noarchive":false,"robots_nosnippet":false,"robots_nofollow":false,"robots_noimageindex":false,"robots_noodp":false,"robots_notranslate":false,"robots_max_snippet":"-1","robots_max_videopreview":"-1","robots_max_imagepreview":"large","priority":null,"frequency":"default","local_seo":null,"seo_analyzer_scan_date":"2026-02-18 12:27:15","breadcrumb_settings":null,"limit_modified_date":false,"reviewed_by":null,"open_ai":null,"ai":{"faqs":[],"keyPoints":[],"titles":[],"descriptions":[],"socialPosts":{"email":[],"linkedin":[],"twitter":[],"facebook":[],"instagram":[]}},"created":"2025-09-02 13:05:25","updated":"2026-02-18 12:43:48"},"aioseo_breadcrumb":"<div class=\"aioseo-breadcrumbs\"><span class=\"aioseo-breadcrumb\">\n\t<a href=\"https:\/\/enermak.com\/en\" title=\"Home\">Home<\/a>\n<\/span><span class=\"aioseo-breadcrumb-separator\">\u00bb<\/span><span class=\"aioseo-breadcrumb\">\n\t<a href=\"https:\/\/enermak.com\/en\/urunler\/\" title=\"\u00dcr\u00fcnler\">\u00dcr\u00fcnler<\/a>\n<\/span><span class=\"aioseo-breadcrumb-separator\">\u00bb<\/span><span class=\"aioseo-breadcrumb\">\n\t<a href=\"https:\/\/enermak.com\/en\/brand\/leeb\/\" title=\"LEEB\">LEEB<\/a>\n<\/span><span class=\"aioseo-breadcrumb-separator\">\u00bb<\/span><span class=\"aioseo-breadcrumb\">\n\tLeeb232 Kaplama Kal\u0131nl\u0131k \u00d6l\u00e7er\n<\/span><\/div>","aioseo_breadcrumb_json":[{"label":"Home","link":"https:\/\/enermak.com\/en"},{"label":"\u00dcr\u00fcnler","link":"https:\/\/enermak.com\/en\/urunler\/"},{"label":"LEEB","link":"https:\/\/enermak.com\/en\/brand\/leeb\/"},{"label":"Leeb232 Kaplama Kal\u0131nl\u0131k \u00d6l\u00e7er","link":"https:\/\/enermak.com\/en\/urunler\/leeb232-kaplama-kalinlik-olcer\/"}],"_links":{"self":[{"href":"https:\/\/enermak.com\/en\/wp-json\/wp\/v2\/product\/34963","targetHints":{"allow":["GET"]}}],"collection":[{"href":"https:\/\/enermak.com\/en\/wp-json\/wp\/v2\/product"}],"about":[{"href":"https:\/\/enermak.com\/en\/wp-json\/wp\/v2\/types\/product"}],"version-history":[{"count":0,"href":"https:\/\/enermak.com\/en\/wp-json\/wp\/v2\/product\/34963\/revisions"}],"wp:featuredmedia":[{"embeddable":true,"href":"https:\/\/enermak.com\/en\/wp-json\/wp\/v2\/media\/34965"}],"wp:attachment":[{"href":"https:\/\/enermak.com\/en\/wp-json\/wp\/v2\/media?parent=34963"}],"wp:term":[{"taxonomy":"product_brand","embeddable":true,"href":"https:\/\/enermak.com\/en\/wp-json\/wp\/v2\/product_brand?post=34963"},{"taxonomy":"product_cat","embeddable":true,"href":"https:\/\/enermak.com\/en\/wp-json\/wp\/v2\/product_cat?post=34963"},{"taxonomy":"product_tag","embeddable":true,"href":"https:\/\/enermak.com\/en\/wp-json\/wp\/v2\/product_tag?post=34963"},{"taxonomy":"product_brands","embeddable":true,"href":"https:\/\/enermak.com\/en\/wp-json\/wp\/v2\/product_brands?post=34963"}],"curies":[{"name":"wp","href":"https:\/\/api.w.org\/{rel}","templated":true}]}}