{"id":33495,"date":"2025-08-07T12:19:35","date_gmt":"2025-08-07T09:19:35","guid":{"rendered":"https:\/\/enermak.com\/?post_type=product&#038;p=33495"},"modified":"2026-02-18T15:28:02","modified_gmt":"2026-02-18T12:28:02","slug":"lc-500-otdr","status":"publish","type":"product","link":"https:\/\/enermak.com\/en\/urunler\/lc-500-otdr\/","title":{"rendered":"LC-500 OTDR"},"content":{"rendered":"<h2 class=\"wp-block-heading has-medium-font-size\"><span style=\"color: #000000;\">LC-500 OTDR<\/span><\/h2>\n<p><span style=\"color: #000000;\">Uzun kablo mesafeleri \u00f6l\u00e7\u00fcl\u00fcrken OTDR&#8217;nin k\u00f6r b\u00f6lgesini telafi etmek amac\u0131yla tek modlu OTDR cihazlar\u0131yla birlikte kullan\u0131lan 500 metrelik bir ba\u015flatma kablosudur.<\/span><\/p>\n<p><span style=\"color: #000000;\"><!--StartFragment --><\/span><\/p>\n<ul>\n<li><span style=\"color: #000000;\">500m tek modlu fiber<\/span><\/li>\n<li><span style=\"color: #000000;\">Evrensel ba\u011flant\u0131: Teknisyenin SC, LC, FC ve ST konnekt\u00f6rleriyle; m\u00fcmk\u00fcn oldu\u011funda APC ve UPC u\u00e7larla ba\u011flant\u0131 kurmas\u0131na olanak tan\u0131r<\/span><\/li>\n<li><span style=\"color: #000000;\">K\u00fc\u00e7\u00fck ve kompakt tasar\u0131m<\/span><\/li>\n<\/ul>","protected":false},"excerpt":{"rendered":"<h2><span style=\"color: #000000;\">TEMPO<\/span><\/h2>\n<h2><span style=\"color: #000000;\">LC-500 OTDR <\/span><\/h2>\n<h2><span style=\"color: #000000;\">Ba\u015flatma Kablosu 500M<\/span><\/h2>\n<p><span style=\"color: #000000;\">LC-500, uzun kablo mesafeleri \u00f6l\u00e7\u00fcl\u00fcrken OTDR&#8217;nin k\u00f6r b\u00f6lgesini telafi etmek amac\u0131yla tek modlu OTDR cihazlar\u0131yla birlikte kullan\u0131lan 500 metrelik bir ba\u015flatma kablosudur.<\/span><\/p>\n<p>&nbsp;<\/p>","protected":false},"featured_media":33497,"template":"","meta":{"_bst_post_transparent":"default","_bst_post_title":"","_bst_post_layout":"default","_bst_post_sidebar_id":"","_bst_post_content_style":"default","_bst_post_vertical_padding":"default","_bst_post_feature":"","_bst_post_feature_position":"","_bst_post_header":false,"_bst_post_footer":false},"product_brand":[2005],"product_cat":[1583,151],"product_tag":[1779,1777,1582],"product_brands":[],"class_list":{"0":"post-33495","1":"product","2":"type-product","3":"status-publish","4":"has-post-thumbnail","6":"product_brand-tempo","7":"product_cat-fiber","8":"product_cat-kablo-olcum-ve-hata-tespiti","9":"product_tag-lc-500","10":"product_tag-otdr","11":"product_tag-tempo","13":"first","14":"instock","15":"shipping-taxable","16":"product-type-simple","17":"entry","18":"content-bg","19":"loop-entry"},"aioseo_notices":[],"aioseo_head":"\n\t\t<!-- All in One SEO Pro 4.9.6.2 - aioseo.com -->\n\t<meta name=\"description\" content=\"Altyap\u0131 ve \u015febeke tespitinde kullanabilece\u011finiz, profesy\u00f6nelli\u011finizi bir ad\u0131m ileri ta\u015f\u0131yacak bir \u00e7ok \u00fcr\u00fcn Enermak Enerji&#039;de.\" \/>\n\t<meta name=\"robots\" content=\"max-image-preview:large\" \/>\n\t<meta name=\"yandex-verification\" content=\"yandex-verification: 61c39bc218eec6a9\" \/>\n\t<link rel=\"canonical\" href=\"https:\/\/enermak.com\/en\/urunler\/lc-500-otdr\/\" \/>\n\t<meta name=\"generator\" content=\"All in One SEO Pro (AIOSEO) 4.9.6.2\" \/>\n\t\t<meta property=\"og:locale\" content=\"en_US\" \/>\n\t\t<meta property=\"og:site_name\" content=\"Enermak Enerji - Yeralt\u0131ndan Haberler\" \/>\n\t\t<meta property=\"og:type\" content=\"article\" \/>\n\t\t<meta property=\"og:title\" content=\"LC-500 OTDR - Enermak Enerji\" \/>\n\t\t<meta property=\"og:description\" content=\"Altyap\u0131 ve \u015febeke tespitinde kullanabilece\u011finiz, profesy\u00f6nelli\u011finizi bir ad\u0131m ileri ta\u015f\u0131yacak bir \u00e7ok \u00fcr\u00fcn Enermak Enerji&#039;de.\" \/>\n\t\t<meta property=\"og:url\" content=\"https:\/\/enermak.com\/en\/urunler\/lc-500-otdr\/\" \/>\n\t\t<meta property=\"og:image\" content=\"https:\/\/enermak.com\/wp-content\/uploads\/2022\/03\/logo-tr-1.png\" \/>\n\t\t<meta property=\"og:image:secure_url\" content=\"https:\/\/enermak.com\/wp-content\/uploads\/2022\/03\/logo-tr-1.png\" \/>\n\t\t<meta property=\"article:published_time\" content=\"2025-08-07T09:19:35+00:00\" \/>\n\t\t<meta property=\"article:modified_time\" content=\"2026-02-18T12:28:02+00:00\" \/>\n\t\t<meta property=\"article:publisher\" content=\"https:\/\/www.facebook.com\/YERALTINDANHABERLER\/\" \/>\n\t\t<meta name=\"twitter:card\" content=\"summary_large_image\" \/>\n\t\t<meta name=\"twitter:site\" content=\"@enerjienermak\" \/>\n\t\t<meta name=\"twitter:title\" content=\"LC-500 OTDR - Enermak Enerji\" \/>\n\t\t<meta name=\"twitter:description\" content=\"Altyap\u0131 ve \u015febeke tespitinde kullanabilece\u011finiz, profesy\u00f6nelli\u011finizi bir ad\u0131m ileri ta\u015f\u0131yacak bir \u00e7ok \u00fcr\u00fcn Enermak Enerji&#039;de.\" \/>\n\t\t<meta name=\"twitter:image\" content=\"https:\/\/enermak.com\/wp-content\/uploads\/2022\/03\/logo-tr-1.png\" \/>\n\t\t<script type=\"application\/ld+json\" class=\"aioseo-schema\">\n\t\t\t{\"@context\":\"https:\\\/\\\/schema.org\",\"@graph\":[{\"@type\":\"BreadcrumbList\",\"@id\":\"https:\\\/\\\/enermak.com\\\/en\\\/urunler\\\/lc-500-otdr\\\/#breadcrumblist\",\"itemListElement\":[{\"@type\":\"ListItem\",\"@id\":\"https:\\\/\\\/enermak.com\\\/en#listItem\",\"position\":1,\"name\":\"Home\",\"item\":\"https:\\\/\\\/enermak.com\\\/en\",\"nextItem\":{\"@type\":\"ListItem\",\"@id\":\"https:\\\/\\\/enermak.com\\\/en\\\/urunler\\\/#listItem\",\"name\":\"\\u00dcr\\u00fcnler\"}},{\"@type\":\"ListItem\",\"@id\":\"https:\\\/\\\/enermak.com\\\/en\\\/urunler\\\/#listItem\",\"position\":2,\"name\":\"\\u00dcr\\u00fcnler\",\"item\":\"https:\\\/\\\/enermak.com\\\/en\\\/urunler\\\/\",\"nextItem\":{\"@type\":\"ListItem\",\"@id\":\"https:\\\/\\\/enermak.com\\\/en\\\/brand\\\/tempo\\\/#listItem\",\"name\":\"TEMPO\"},\"previousItem\":{\"@type\":\"ListItem\",\"@id\":\"https:\\\/\\\/enermak.com\\\/en#listItem\",\"name\":\"Home\"}},{\"@type\":\"ListItem\",\"@id\":\"https:\\\/\\\/enermak.com\\\/en\\\/brand\\\/tempo\\\/#listItem\",\"position\":3,\"name\":\"TEMPO\",\"item\":\"https:\\\/\\\/enermak.com\\\/en\\\/brand\\\/tempo\\\/\",\"nextItem\":{\"@type\":\"ListItem\",\"@id\":\"https:\\\/\\\/enermak.com\\\/en\\\/urunler\\\/lc-500-otdr\\\/#listItem\",\"name\":\"LC-500 OTDR\"},\"previousItem\":{\"@type\":\"ListItem\",\"@id\":\"https:\\\/\\\/enermak.com\\\/en\\\/urunler\\\/#listItem\",\"name\":\"\\u00dcr\\u00fcnler\"}},{\"@type\":\"ListItem\",\"@id\":\"https:\\\/\\\/enermak.com\\\/en\\\/urunler\\\/lc-500-otdr\\\/#listItem\",\"position\":4,\"name\":\"LC-500 OTDR\",\"previousItem\":{\"@type\":\"ListItem\",\"@id\":\"https:\\\/\\\/enermak.com\\\/en\\\/brand\\\/tempo\\\/#listItem\",\"name\":\"TEMPO\"}}]},{\"@type\":\"ItemPage\",\"@id\":\"https:\\\/\\\/enermak.com\\\/en\\\/urunler\\\/lc-500-otdr\\\/#itempage\",\"url\":\"https:\\\/\\\/enermak.com\\\/en\\\/urunler\\\/lc-500-otdr\\\/\",\"name\":\"LC-500 OTDR - Enermak Enerji\",\"description\":\"Altyap\\u0131 ve \\u015febeke tespitinde kullanabilece\\u011finiz, profesy\\u00f6nelli\\u011finizi bir ad\\u0131m ileri ta\\u015f\\u0131yacak bir \\u00e7ok \\u00fcr\\u00fcn Enermak Enerji'de.\",\"inLanguage\":\"en-US\",\"isPartOf\":{\"@id\":\"https:\\\/\\\/enermak.com\\\/en\\\/#website\"},\"breadcrumb\":{\"@id\":\"https:\\\/\\\/enermak.com\\\/en\\\/urunler\\\/lc-500-otdr\\\/#breadcrumblist\"},\"image\":{\"@type\":\"ImageObject\",\"url\":\"https:\\\/\\\/enermak.com\\\/wp-content\\\/uploads\\\/2025\\\/08\\\/LC-500-OTDR.jpg\",\"@id\":\"https:\\\/\\\/enermak.com\\\/en\\\/urunler\\\/lc-500-otdr\\\/#mainImage\",\"width\":600,\"height\":600,\"caption\":\"LC-500 OTDR\"},\"primaryImageOfPage\":{\"@id\":\"https:\\\/\\\/enermak.com\\\/en\\\/urunler\\\/lc-500-otdr\\\/#mainImage\"},\"datePublished\":\"2025-08-07T12:19:35+03:00\",\"dateModified\":\"2026-02-18T15:28:02+03:00\"},{\"@type\":\"Organization\",\"@id\":\"https:\\\/\\\/enermak.com\\\/en\\\/#organization\",\"name\":\"Enermak Enerji\",\"description\":\"Yeralt\\u0131ndan Haberler\",\"url\":\"https:\\\/\\\/enermak.com\\\/en\\\/\",\"telephone\":\"+903123851102\",\"logo\":{\"@type\":\"ImageObject\",\"url\":\"https:\\\/\\\/enermak.com\\\/wp-content\\\/uploads\\\/2022\\\/03\\\/logo-tr-1.png\",\"@id\":\"https:\\\/\\\/enermak.com\\\/en\\\/urunler\\\/lc-500-otdr\\\/#organizationLogo\"},\"image\":{\"@id\":\"https:\\\/\\\/enermak.com\\\/en\\\/urunler\\\/lc-500-otdr\\\/#organizationLogo\"},\"sameAs\":[\"https:\\\/\\\/www.facebook.com\\\/YERALTINDANHABERLER\\\/\",\"https:\\\/\\\/twitter.com\\\/enerjienermak\",\"https:\\\/\\\/www.instagram.com\\\/enermakenerji\\\/\",\"https:\\\/\\\/www.youtube.com\\\/c\\\/EnermakEnerji\",\"https:\\\/\\\/www.linkedin.com\\\/in\\\/enermak\"]},{\"@type\":\"WebPage\",\"@id\":\"https:\\\/\\\/enermak.com\\\/en\\\/urunler\\\/lc-500-otdr\\\/#webpage\",\"url\":\"https:\\\/\\\/enermak.com\\\/en\\\/urunler\\\/lc-500-otdr\\\/\",\"name\":\"LC-500 OTDR - Enermak Enerji\",\"description\":\"Altyap\\u0131 ve \\u015febeke tespitinde kullanabilece\\u011finiz, profesy\\u00f6nelli\\u011finizi bir ad\\u0131m ileri ta\\u015f\\u0131yacak bir \\u00e7ok \\u00fcr\\u00fcn Enermak Enerji'de.\",\"inLanguage\":\"en-US\",\"isPartOf\":{\"@id\":\"https:\\\/\\\/enermak.com\\\/en\\\/#website\"},\"breadcrumb\":{\"@id\":\"https:\\\/\\\/enermak.com\\\/en\\\/urunler\\\/lc-500-otdr\\\/#breadcrumblist\"},\"image\":{\"@type\":\"ImageObject\",\"url\":\"https:\\\/\\\/enermak.com\\\/wp-content\\\/uploads\\\/2025\\\/08\\\/LC-500-OTDR.jpg\",\"@id\":\"https:\\\/\\\/enermak.com\\\/en\\\/urunler\\\/lc-500-otdr\\\/#mainImage\",\"width\":600,\"height\":600,\"caption\":\"LC-500 OTDR\"},\"primaryImageOfPage\":{\"@id\":\"https:\\\/\\\/enermak.com\\\/en\\\/urunler\\\/lc-500-otdr\\\/#mainImage\"},\"datePublished\":\"2025-08-07T12:19:35+03:00\",\"dateModified\":\"2026-02-18T15:28:02+03:00\"},{\"@type\":\"WebSite\",\"@id\":\"https:\\\/\\\/enermak.com\\\/en\\\/#website\",\"url\":\"https:\\\/\\\/enermak.com\\\/en\\\/\",\"name\":\"Enermak Enerji\",\"alternateName\":\"Yeralt\\u0131ndan Haberler\",\"description\":\"Yeralt\\u0131ndan Haberler\",\"inLanguage\":\"en-US\",\"publisher\":{\"@id\":\"https:\\\/\\\/enermak.com\\\/en\\\/#organization\"}}]}\n\t\t<\/script>\n\t\t<!-- All in One SEO Pro -->\r\n\t\t<title>LC-500 OTDR - Enermak Enerji<\/title>\n\n","aioseo_head_json":{"title":"LC-500 OTDR - Enermak Enerji","description":"Altyap\u0131 ve \u015febeke tespitinde kullanabilece\u011finiz, profesy\u00f6nelli\u011finizi bir ad\u0131m ileri ta\u015f\u0131yacak bir \u00e7ok \u00fcr\u00fcn Enermak Enerji'de.","canonical_url":"https:\/\/enermak.com\/en\/urunler\/lc-500-otdr\/","robots":"max-image-preview:large","keywords":"","webmasterTools":{"yandex-verification":"yandex-verification: 61c39bc218eec6a9","miscellaneous":""},"schema":{"@context":"https:\/\/schema.org","@graph":[{"@type":"BreadcrumbList","@id":"https:\/\/enermak.com\/en\/urunler\/lc-500-otdr\/#breadcrumblist","itemListElement":[{"@type":"ListItem","@id":"https:\/\/enermak.com\/en#listItem","position":1,"name":"Home","item":"https:\/\/enermak.com\/en","nextItem":{"@type":"ListItem","@id":"https:\/\/enermak.com\/en\/urunler\/#listItem","name":"\u00dcr\u00fcnler"}},{"@type":"ListItem","@id":"https:\/\/enermak.com\/en\/urunler\/#listItem","position":2,"name":"\u00dcr\u00fcnler","item":"https:\/\/enermak.com\/en\/urunler\/","nextItem":{"@type":"ListItem","@id":"https:\/\/enermak.com\/en\/brand\/tempo\/#listItem","name":"TEMPO"},"previousItem":{"@type":"ListItem","@id":"https:\/\/enermak.com\/en#listItem","name":"Home"}},{"@type":"ListItem","@id":"https:\/\/enermak.com\/en\/brand\/tempo\/#listItem","position":3,"name":"TEMPO","item":"https:\/\/enermak.com\/en\/brand\/tempo\/","nextItem":{"@type":"ListItem","@id":"https:\/\/enermak.com\/en\/urunler\/lc-500-otdr\/#listItem","name":"LC-500 OTDR"},"previousItem":{"@type":"ListItem","@id":"https:\/\/enermak.com\/en\/urunler\/#listItem","name":"\u00dcr\u00fcnler"}},{"@type":"ListItem","@id":"https:\/\/enermak.com\/en\/urunler\/lc-500-otdr\/#listItem","position":4,"name":"LC-500 OTDR","previousItem":{"@type":"ListItem","@id":"https:\/\/enermak.com\/en\/brand\/tempo\/#listItem","name":"TEMPO"}}]},{"@type":"ItemPage","@id":"https:\/\/enermak.com\/en\/urunler\/lc-500-otdr\/#itempage","url":"https:\/\/enermak.com\/en\/urunler\/lc-500-otdr\/","name":"LC-500 OTDR - Enermak Enerji","description":"Altyap\u0131 ve \u015febeke tespitinde kullanabilece\u011finiz, profesy\u00f6nelli\u011finizi bir ad\u0131m ileri ta\u015f\u0131yacak bir \u00e7ok \u00fcr\u00fcn Enermak Enerji'de.","inLanguage":"en-US","isPartOf":{"@id":"https:\/\/enermak.com\/en\/#website"},"breadcrumb":{"@id":"https:\/\/enermak.com\/en\/urunler\/lc-500-otdr\/#breadcrumblist"},"image":{"@type":"ImageObject","url":"https:\/\/enermak.com\/wp-content\/uploads\/2025\/08\/LC-500-OTDR.jpg","@id":"https:\/\/enermak.com\/en\/urunler\/lc-500-otdr\/#mainImage","width":600,"height":600,"caption":"LC-500 OTDR"},"primaryImageOfPage":{"@id":"https:\/\/enermak.com\/en\/urunler\/lc-500-otdr\/#mainImage"},"datePublished":"2025-08-07T12:19:35+03:00","dateModified":"2026-02-18T15:28:02+03:00"},{"@type":"Organization","@id":"https:\/\/enermak.com\/en\/#organization","name":"Enermak Enerji","description":"Yeralt\u0131ndan Haberler","url":"https:\/\/enermak.com\/en\/","telephone":"+903123851102","logo":{"@type":"ImageObject","url":"https:\/\/enermak.com\/wp-content\/uploads\/2022\/03\/logo-tr-1.png","@id":"https:\/\/enermak.com\/en\/urunler\/lc-500-otdr\/#organizationLogo"},"image":{"@id":"https:\/\/enermak.com\/en\/urunler\/lc-500-otdr\/#organizationLogo"},"sameAs":["https:\/\/www.facebook.com\/YERALTINDANHABERLER\/","https:\/\/twitter.com\/enerjienermak","https:\/\/www.instagram.com\/enermakenerji\/","https:\/\/www.youtube.com\/c\/EnermakEnerji","https:\/\/www.linkedin.com\/in\/enermak"]},{"@type":"WebPage","@id":"https:\/\/enermak.com\/en\/urunler\/lc-500-otdr\/#webpage","url":"https:\/\/enermak.com\/en\/urunler\/lc-500-otdr\/","name":"LC-500 OTDR - Enermak Enerji","description":"Altyap\u0131 ve \u015febeke tespitinde kullanabilece\u011finiz, profesy\u00f6nelli\u011finizi bir ad\u0131m ileri ta\u015f\u0131yacak bir \u00e7ok \u00fcr\u00fcn Enermak Enerji'de.","inLanguage":"en-US","isPartOf":{"@id":"https:\/\/enermak.com\/en\/#website"},"breadcrumb":{"@id":"https:\/\/enermak.com\/en\/urunler\/lc-500-otdr\/#breadcrumblist"},"image":{"@type":"ImageObject","url":"https:\/\/enermak.com\/wp-content\/uploads\/2025\/08\/LC-500-OTDR.jpg","@id":"https:\/\/enermak.com\/en\/urunler\/lc-500-otdr\/#mainImage","width":600,"height":600,"caption":"LC-500 OTDR"},"primaryImageOfPage":{"@id":"https:\/\/enermak.com\/en\/urunler\/lc-500-otdr\/#mainImage"},"datePublished":"2025-08-07T12:19:35+03:00","dateModified":"2026-02-18T15:28:02+03:00"},{"@type":"WebSite","@id":"https:\/\/enermak.com\/en\/#website","url":"https:\/\/enermak.com\/en\/","name":"Enermak Enerji","alternateName":"Yeralt\u0131ndan Haberler","description":"Yeralt\u0131ndan Haberler","inLanguage":"en-US","publisher":{"@id":"https:\/\/enermak.com\/en\/#organization"}}]},"og:locale":"en_US","og:site_name":"Enermak Enerji - Yeralt\u0131ndan Haberler","og:type":"article","og:title":"LC-500 OTDR - Enermak Enerji","og:description":"Altyap\u0131 ve \u015febeke tespitinde kullanabilece\u011finiz, profesy\u00f6nelli\u011finizi bir ad\u0131m ileri ta\u015f\u0131yacak bir \u00e7ok \u00fcr\u00fcn Enermak Enerji'de.","og:url":"https:\/\/enermak.com\/en\/urunler\/lc-500-otdr\/","og:image":"https:\/\/enermak.com\/wp-content\/uploads\/2022\/03\/logo-tr-1.png","og:image:secure_url":"https:\/\/enermak.com\/wp-content\/uploads\/2022\/03\/logo-tr-1.png","article:published_time":"2025-08-07T09:19:35+00:00","article:modified_time":"2026-02-18T12:28:02+00:00","article:publisher":"https:\/\/www.facebook.com\/YERALTINDANHABERLER\/","twitter:card":"summary_large_image","twitter:site":"@enerjienermak","twitter:title":"LC-500 OTDR - Enermak Enerji","twitter:description":"Altyap\u0131 ve \u015febeke tespitinde kullanabilece\u011finiz, profesy\u00f6nelli\u011finizi bir ad\u0131m ileri ta\u015f\u0131yacak bir \u00e7ok \u00fcr\u00fcn Enermak Enerji'de.","twitter:image":"https:\/\/enermak.com\/wp-content\/uploads\/2022\/03\/logo-tr-1.png"},"aioseo_meta_data":{"post_id":"33495","title":null,"description":null,"keywords":null,"keyphrases":{"focus":{"keyphrase":"lc-500 otdr test cihaz\u0131","score":37,"analysis":{"keyphraseInTitle":{"score":3,"maxScore":9,"error":1},"keyphraseInDescription":{"score":3,"maxScore":9,"error":1},"keyphraseLength":{"score":9,"maxScore":9,"error":0,"length":4},"keyphraseInURL":{"score":1,"maxScore":5,"error":1},"keyphraseInIntroduction":{"score":3,"maxScore":9,"error":1},"keyphraseInSubHeadings":{"score":3,"maxScore":9,"error":1},"keyphraseInImageAlt":[],"keywordDensity":{"score":0,"type":"low","maxScore":9,"error":1}}},"additional":[]},"primary_term":null,"canonical_url":null,"og_title":null,"og_description":null,"og_object_type":"default","og_image_type":"default","og_image_url":null,"og_image_width":null,"og_image_height":null,"og_image_custom_url":null,"og_image_custom_fields":null,"og_video":"","og_custom_url":null,"og_article_section":null,"og_article_tags":null,"twitter_use_og":false,"twitter_card":"default","twitter_image_type":"default","twitter_image_url":null,"twitter_image_custom_url":null,"twitter_image_custom_fields":null,"twitter_title":null,"twitter_description":null,"schema":{"blockGraphs":[],"customGraphs":[],"default":{"data":{"Article":[],"Course":[],"Dataset":[],"FAQPage":[],"Movie":[],"Person":[],"Product":[],"ProductReview":[],"Car":[],"Recipe":[],"Service":[],"SoftwareApplication":[],"WebPage":[]},"graphName":"ItemPage","isEnabled":true},"graphs":[]},"schema_type":"default","schema_type_options":null,"pillar_content":false,"robots_default":true,"robots_noindex":false,"robots_noarchive":false,"robots_nosnippet":false,"robots_nofollow":false,"robots_noimageindex":false,"robots_noodp":false,"robots_notranslate":false,"robots_max_snippet":"-1","robots_max_videopreview":"-1","robots_max_imagepreview":"large","priority":null,"frequency":"default","local_seo":null,"seo_analyzer_scan_date":"2026-02-18 12:29:09","breadcrumb_settings":null,"limit_modified_date":false,"reviewed_by":null,"open_ai":null,"ai":{"faqs":[],"keyPoints":[],"titles":[],"descriptions":[],"socialPosts":{"email":[],"linkedin":[],"twitter":[],"facebook":[],"instagram":[]}},"created":"2025-08-07 09:19:36","updated":"2026-02-18 12:43:48"},"aioseo_breadcrumb":"<div class=\"aioseo-breadcrumbs\"><span class=\"aioseo-breadcrumb\">\n\t<a href=\"https:\/\/enermak.com\/en\" title=\"Home\">Home<\/a>\n<\/span><span class=\"aioseo-breadcrumb-separator\">\u00bb<\/span><span class=\"aioseo-breadcrumb\">\n\t<a href=\"https:\/\/enermak.com\/en\/urunler\/\" title=\"\u00dcr\u00fcnler\">\u00dcr\u00fcnler<\/a>\n<\/span><span class=\"aioseo-breadcrumb-separator\">\u00bb<\/span><span class=\"aioseo-breadcrumb\">\n\t<a href=\"https:\/\/enermak.com\/en\/brand\/tempo\/\" title=\"TEMPO\">TEMPO<\/a>\n<\/span><span class=\"aioseo-breadcrumb-separator\">\u00bb<\/span><span class=\"aioseo-breadcrumb\">\n\tLC-500 OTDR\n<\/span><\/div>","aioseo_breadcrumb_json":[{"label":"Home","link":"https:\/\/enermak.com\/en"},{"label":"\u00dcr\u00fcnler","link":"https:\/\/enermak.com\/en\/urunler\/"},{"label":"TEMPO","link":"https:\/\/enermak.com\/en\/brand\/tempo\/"},{"label":"LC-500 OTDR","link":"https:\/\/enermak.com\/en\/urunler\/lc-500-otdr\/"}],"_links":{"self":[{"href":"https:\/\/enermak.com\/en\/wp-json\/wp\/v2\/product\/33495","targetHints":{"allow":["GET"]}}],"collection":[{"href":"https:\/\/enermak.com\/en\/wp-json\/wp\/v2\/product"}],"about":[{"href":"https:\/\/enermak.com\/en\/wp-json\/wp\/v2\/types\/product"}],"version-history":[{"count":0,"href":"https:\/\/enermak.com\/en\/wp-json\/wp\/v2\/product\/33495\/revisions"}],"wp:featuredmedia":[{"embeddable":true,"href":"https:\/\/enermak.com\/en\/wp-json\/wp\/v2\/media\/33497"}],"wp:attachment":[{"href":"https:\/\/enermak.com\/en\/wp-json\/wp\/v2\/media?parent=33495"}],"wp:term":[{"taxonomy":"product_brand","embeddable":true,"href":"https:\/\/enermak.com\/en\/wp-json\/wp\/v2\/product_brand?post=33495"},{"taxonomy":"product_cat","embeddable":true,"href":"https:\/\/enermak.com\/en\/wp-json\/wp\/v2\/product_cat?post=33495"},{"taxonomy":"product_tag","embeddable":true,"href":"https:\/\/enermak.com\/en\/wp-json\/wp\/v2\/product_tag?post=33495"},{"taxonomy":"product_brands","embeddable":true,"href":"https:\/\/enermak.com\/en\/wp-json\/wp\/v2\/product_brands?post=33495"}],"curies":[{"name":"wp","href":"https:\/\/api.w.org\/{rel}","templated":true}]}}