{"id":33481,"date":"2025-08-07T11:50:00","date_gmt":"2025-08-07T08:50:00","guid":{"rendered":"https:\/\/enermak.com\/?post_type=product&#038;p=33481"},"modified":"2026-02-18T15:28:16","modified_gmt":"2026-02-18T12:28:16","slug":"930xc-30f","status":"publish","type":"product","link":"https:\/\/enermak.com\/en\/urunler\/930xc-30f\/","title":{"rendered":"930XC-30F &#8211; OTDR"},"content":{"rendered":"<h2 class=\"wp-block-heading has-medium-font-size\"><span style=\"color: #000000;\">930XC-30F OTDR<\/span><\/h2>\n<p><span style=\"color: #000000;\"> Kullan\u0131m\u0131 kolay, tam donan\u0131ml\u0131 bir elde ta\u015f\u0131nabilir test cihaz\u0131d\u0131r ve tek modlu fiber optik kablolar\u0131n uzunlu\u011funu veya ar\u0131zaya kadar olan mesafeyi \u00f6l\u00e7me yetene\u011fine sahiptir. 930XC ayr\u0131ca yans\u0131t\u0131c\u0131 ve yans\u0131t\u0131c\u0131 olmayan olaylar\u0131n yans\u0131ma (reflectance) ve ekleme kayb\u0131n\u0131 (insertion loss) \u00f6l\u00e7er.<\/span><br \/>\n<span style=\"color: #000000;\">Kolay \u00f6\u011frenilebilir kullan\u0131c\u0131 aray\u00fcz\u00fc, \u00f6\u011frenme s\u00fcrecini k\u0131salt\u0131r; b\u00f6ylece deneyimsiz teknisyenler bile g\u00fcn\u00fcm\u00fcz\u00fcn ve gelece\u011fin y\u00fcksek bant geni\u015fli\u011fine sahip fiber a\u011flar\u0131n\u0131 \u00f6l\u00e7ebilir, nitelendirebilir ve sorunlar\u0131n\u0131 giderebilir. Profesyonel test raporlar\u0131, end\u00fcstri standard\u0131 SOR dosyalar\u0131 kullan\u0131larak kolayca olu\u015fturulabilir ve tam dok\u00fcmantasyon i\u00e7in PDF format\u0131nda kaydedilebilir.<\/span><\/p>\n<hr \/>\n<h2 class=\"wp-block-heading has-medium-font-size\"><span style=\"color: #000000;\">Features<\/span><\/h2>\n<p><span style=\"color: #000000;\"><!--StartFragment --><\/span><\/p>\n<p><span style=\"color: #000000;\">\u2705 Kurulu fiber a\u011flar\u0131n tasar\u0131m gereksinimlerine uygunlu\u011funu do\u011frulay\u0131n<\/span><br \/>\n<span style=\"color: #000000;\">\u2705 Fiber ba\u011flant\u0131lar\u0131ndaki ar\u0131zalar\u0131 izleyin ve giderin<\/span><br \/>\n<span style=\"color: #000000;\">\u2705 K\u0131sa \u00f6\u011frenme s\u00fcreci sayesinde teknisyenler h\u0131zl\u0131ca verimli hale gelir<\/span><br \/>\n<span style=\"color: #000000;\">\u2705 Ar\u0131zalar\u0131 h\u0131zl\u0131ca tespit ederek fiber kurulumlar\u0131n\u0131n k\u0131sa s\u00fcrede yeniden \u00e7al\u0131\u015f\u0131r duruma getirilmesini sa\u011flay\u0131n<\/span><br \/>\n<span style=\"color: #000000;\">\u2705 Y\u00fcksek kay\u0131pl\u0131 bile\u015fenler \u00fczerinden \u00f6l\u00e7\u00fcm yapabilmek i\u00e7in y\u00fcksek dinamik aral\u0131k<\/span><br \/>\n<span style=\"color: #000000;\">\u2705 Kolay kullan\u0131ml\u0131 \u201ctek tu\u015fla\u201d aray\u00fcz ve \u201cOtomatik Test\u201d modu<\/span><br \/>\n<span style=\"color: #000000;\">\u2705 T\u00fcm modellerde standart olarak optik g\u00fc\u00e7 \u00f6l\u00e7er, sabit lazer kayna\u011f\u0131 ve g\u00f6rsel ar\u0131za bulucu dahildir<\/span><br \/>\n<span style=\"color: #000000;\">\u2705 T\u00fcm kitlerle birlikte \u00fccretsiz Trace Viewer dok\u00fcmantasyon program\u0131 sunulur<\/span><br \/>\n<span style=\"color: #000000;\">\u2705 Makrob\u00fck\u00fclme (Macrobend) Analizi<\/span><br \/>\n<span style=\"color: #000000;\">\u2705 Do\u011frusal Ge\u00e7ti\/Kald\u0131 analizi sunan Ba\u011flant\u0131 G\u00f6r\u00fcnt\u00fcleyici (Link Viewer)<\/span><\/p>","protected":false},"excerpt":{"rendered":"<h2><span style=\"color: #000000;\">TEMPO 930XC-30F<\/span><\/h2>\n<p><span style=\"color: #000000;\">OTDR, kullan\u0131m\u0131 kolay, tam donan\u0131ml\u0131 bir elde ta\u015f\u0131nabilir test cihaz\u0131d\u0131r ve tek modlu fiber optik kablolar\u0131n uzunlu\u011funu veya ar\u0131zaya kadar olan mesafeyi \u00f6l\u00e7me yetene\u011fine sahiptir. 930XC ayr\u0131ca yans\u0131t\u0131c\u0131 ve yans\u0131t\u0131c\u0131 olmayan olaylar\u0131n yans\u0131ma (reflectance) ve ekleme kayb\u0131n\u0131 (insertion loss) \u00f6l\u00e7er.<\/span><br \/>\n<span style=\"color: #000000;\">Kolay \u00f6\u011frenilebilir kullan\u0131c\u0131 aray\u00fcz\u00fc, \u00f6\u011frenme s\u00fcrecini k\u0131salt\u0131r; b\u00f6ylece deneyimsiz teknisyenler bile g\u00fcn\u00fcm\u00fcz\u00fcn ve gelece\u011fin y\u00fcksek bant geni\u015fli\u011fine sahip fiber a\u011flar\u0131n\u0131 \u00f6l\u00e7ebilir, nitelendirebilir ve sorunlar\u0131n\u0131 giderebilir. Profesyonel test raporlar\u0131, end\u00fcstri standard\u0131 SOR dosyalar\u0131 kullan\u0131larak kolayca olu\u015fturulabilir ve tam dok\u00fcmantasyon i\u00e7in PDF format\u0131nda kaydedilebilir.<\/span><\/p>","protected":false},"featured_media":33509,"template":"","meta":{"_bst_post_transparent":"default","_bst_post_title":"","_bst_post_layout":"default","_bst_post_sidebar_id":"","_bst_post_content_style":"default","_bst_post_vertical_padding":"default","_bst_post_feature":"","_bst_post_feature_position":"","_bst_post_header":false,"_bst_post_footer":false},"product_brand":[2005],"product_cat":[1583,151],"product_tag":[1778,1588,1777,1582],"product_brands":[],"class_list":{"0":"post-33481","1":"product","2":"type-product","3":"status-publish","4":"has-post-thumbnail","6":"product_brand-tempo","7":"product_cat-fiber","8":"product_cat-kablo-olcum-ve-hata-tespiti","9":"product_tag-930xc-30f","10":"product_tag-fiber","11":"product_tag-otdr","12":"product_tag-tempo","14":"first","15":"instock","16":"shipping-taxable","17":"product-type-simple","18":"entry","19":"content-bg","20":"loop-entry"},"aioseo_notices":[],"aioseo_head":"\n\t\t<!-- All in One SEO Pro 4.9.6.2 - aioseo.com -->\n\t<meta name=\"description\" content=\"Altyap\u0131 ve \u015febeke tespitinde kullanabilece\u011finiz, profesy\u00f6nelli\u011finizi bir ad\u0131m ileri ta\u015f\u0131yacak bir \u00e7ok \u00fcr\u00fcn Enermak Enerji&#039;de.\" \/>\n\t<meta name=\"robots\" content=\"max-image-preview:large\" \/>\n\t<meta name=\"yandex-verification\" content=\"yandex-verification: 61c39bc218eec6a9\" \/>\n\t<link rel=\"canonical\" href=\"https:\/\/enermak.com\/en\/urunler\/930xc-30f\/\" \/>\n\t<meta name=\"generator\" content=\"All in One SEO Pro (AIOSEO) 4.9.6.2\" \/>\n\t\t<meta property=\"og:locale\" content=\"en_US\" \/>\n\t\t<meta property=\"og:site_name\" content=\"Enermak Enerji - Yeralt\u0131ndan Haberler\" \/>\n\t\t<meta property=\"og:type\" content=\"article\" \/>\n\t\t<meta property=\"og:title\" content=\"930XC-30F \u2013 OTDR - Enermak Enerji\" \/>\n\t\t<meta property=\"og:description\" content=\"Altyap\u0131 ve \u015febeke tespitinde kullanabilece\u011finiz, profesy\u00f6nelli\u011finizi bir ad\u0131m ileri ta\u015f\u0131yacak bir \u00e7ok \u00fcr\u00fcn Enermak Enerji&#039;de.\" \/>\n\t\t<meta property=\"og:url\" content=\"https:\/\/enermak.com\/en\/urunler\/930xc-30f\/\" \/>\n\t\t<meta property=\"og:image\" content=\"https:\/\/enermak.com\/wp-content\/uploads\/2022\/03\/logo-tr-1.png\" \/>\n\t\t<meta property=\"og:image:secure_url\" content=\"https:\/\/enermak.com\/wp-content\/uploads\/2022\/03\/logo-tr-1.png\" \/>\n\t\t<meta property=\"article:published_time\" content=\"2025-08-07T08:50:00+00:00\" \/>\n\t\t<meta property=\"article:modified_time\" content=\"2026-02-18T12:28:16+00:00\" \/>\n\t\t<meta property=\"article:publisher\" content=\"https:\/\/www.facebook.com\/YERALTINDANHABERLER\/\" \/>\n\t\t<meta name=\"twitter:card\" content=\"summary_large_image\" \/>\n\t\t<meta name=\"twitter:site\" content=\"@enerjienermak\" \/>\n\t\t<meta name=\"twitter:title\" content=\"930XC-30F \u2013 OTDR - Enermak Enerji\" \/>\n\t\t<meta name=\"twitter:description\" content=\"Altyap\u0131 ve \u015febeke tespitinde kullanabilece\u011finiz, profesy\u00f6nelli\u011finizi bir ad\u0131m ileri ta\u015f\u0131yacak bir \u00e7ok \u00fcr\u00fcn Enermak Enerji&#039;de.\" \/>\n\t\t<meta name=\"twitter:image\" content=\"https:\/\/enermak.com\/wp-content\/uploads\/2022\/03\/logo-tr-1.png\" \/>\n\t\t<script type=\"application\/ld+json\" class=\"aioseo-schema\">\n\t\t\t{\"@context\":\"https:\\\/\\\/schema.org\",\"@graph\":[{\"@type\":\"BreadcrumbList\",\"@id\":\"https:\\\/\\\/enermak.com\\\/en\\\/urunler\\\/930xc-30f\\\/#breadcrumblist\",\"itemListElement\":[{\"@type\":\"ListItem\",\"@id\":\"https:\\\/\\\/enermak.com\\\/en#listItem\",\"position\":1,\"name\":\"Home\",\"item\":\"https:\\\/\\\/enermak.com\\\/en\",\"nextItem\":{\"@type\":\"ListItem\",\"@id\":\"https:\\\/\\\/enermak.com\\\/en\\\/urunler\\\/#listItem\",\"name\":\"\\u00dcr\\u00fcnler\"}},{\"@type\":\"ListItem\",\"@id\":\"https:\\\/\\\/enermak.com\\\/en\\\/urunler\\\/#listItem\",\"position\":2,\"name\":\"\\u00dcr\\u00fcnler\",\"item\":\"https:\\\/\\\/enermak.com\\\/en\\\/urunler\\\/\",\"nextItem\":{\"@type\":\"ListItem\",\"@id\":\"https:\\\/\\\/enermak.com\\\/en\\\/brand\\\/tempo\\\/#listItem\",\"name\":\"TEMPO\"},\"previousItem\":{\"@type\":\"ListItem\",\"@id\":\"https:\\\/\\\/enermak.com\\\/en#listItem\",\"name\":\"Home\"}},{\"@type\":\"ListItem\",\"@id\":\"https:\\\/\\\/enermak.com\\\/en\\\/brand\\\/tempo\\\/#listItem\",\"position\":3,\"name\":\"TEMPO\",\"item\":\"https:\\\/\\\/enermak.com\\\/en\\\/brand\\\/tempo\\\/\",\"nextItem\":{\"@type\":\"ListItem\",\"@id\":\"https:\\\/\\\/enermak.com\\\/en\\\/urunler\\\/930xc-30f\\\/#listItem\",\"name\":\"930XC-30F &#8211; OTDR\"},\"previousItem\":{\"@type\":\"ListItem\",\"@id\":\"https:\\\/\\\/enermak.com\\\/en\\\/urunler\\\/#listItem\",\"name\":\"\\u00dcr\\u00fcnler\"}},{\"@type\":\"ListItem\",\"@id\":\"https:\\\/\\\/enermak.com\\\/en\\\/urunler\\\/930xc-30f\\\/#listItem\",\"position\":4,\"name\":\"930XC-30F &#8211; OTDR\",\"previousItem\":{\"@type\":\"ListItem\",\"@id\":\"https:\\\/\\\/enermak.com\\\/en\\\/brand\\\/tempo\\\/#listItem\",\"name\":\"TEMPO\"}}]},{\"@type\":\"ItemPage\",\"@id\":\"https:\\\/\\\/enermak.com\\\/en\\\/urunler\\\/930xc-30f\\\/#itempage\",\"url\":\"https:\\\/\\\/enermak.com\\\/en\\\/urunler\\\/930xc-30f\\\/\",\"name\":\"930XC-30F \\u2013 OTDR - Enermak Enerji\",\"description\":\"Altyap\\u0131 ve \\u015febeke tespitinde kullanabilece\\u011finiz, profesy\\u00f6nelli\\u011finizi bir ad\\u0131m ileri ta\\u015f\\u0131yacak bir \\u00e7ok \\u00fcr\\u00fcn Enermak Enerji'de.\",\"inLanguage\":\"en-US\",\"isPartOf\":{\"@id\":\"https:\\\/\\\/enermak.com\\\/en\\\/#website\"},\"breadcrumb\":{\"@id\":\"https:\\\/\\\/enermak.com\\\/en\\\/urunler\\\/930xc-30f\\\/#breadcrumblist\"},\"image\":{\"@type\":\"ImageObject\",\"url\":\"https:\\\/\\\/enermak.com\\\/wp-content\\\/uploads\\\/2025\\\/08\\\/930XC-30F.jpg\",\"@id\":\"https:\\\/\\\/enermak.com\\\/en\\\/urunler\\\/930xc-30f\\\/#mainImage\",\"width\":600,\"height\":600,\"caption\":\"930XC-30F\"},\"primaryImageOfPage\":{\"@id\":\"https:\\\/\\\/enermak.com\\\/en\\\/urunler\\\/930xc-30f\\\/#mainImage\"},\"datePublished\":\"2025-08-07T11:50:00+03:00\",\"dateModified\":\"2026-02-18T15:28:16+03:00\"},{\"@type\":\"Organization\",\"@id\":\"https:\\\/\\\/enermak.com\\\/en\\\/#organization\",\"name\":\"Enermak Enerji\",\"description\":\"Yeralt\\u0131ndan Haberler\",\"url\":\"https:\\\/\\\/enermak.com\\\/en\\\/\",\"telephone\":\"+903123851102\",\"logo\":{\"@type\":\"ImageObject\",\"url\":\"https:\\\/\\\/enermak.com\\\/wp-content\\\/uploads\\\/2022\\\/03\\\/logo-tr-1.png\",\"@id\":\"https:\\\/\\\/enermak.com\\\/en\\\/urunler\\\/930xc-30f\\\/#organizationLogo\"},\"image\":{\"@id\":\"https:\\\/\\\/enermak.com\\\/en\\\/urunler\\\/930xc-30f\\\/#organizationLogo\"},\"sameAs\":[\"https:\\\/\\\/www.facebook.com\\\/YERALTINDANHABERLER\\\/\",\"https:\\\/\\\/twitter.com\\\/enerjienermak\",\"https:\\\/\\\/www.instagram.com\\\/enermakenerji\\\/\",\"https:\\\/\\\/www.youtube.com\\\/c\\\/EnermakEnerji\",\"https:\\\/\\\/www.linkedin.com\\\/in\\\/enermak\"]},{\"@type\":\"WebPage\",\"@id\":\"https:\\\/\\\/enermak.com\\\/en\\\/urunler\\\/930xc-30f\\\/#webpage\",\"url\":\"https:\\\/\\\/enermak.com\\\/en\\\/urunler\\\/930xc-30f\\\/\",\"name\":\"930XC-30F \\u2013 OTDR - Enermak Enerji\",\"description\":\"Altyap\\u0131 ve \\u015febeke tespitinde kullanabilece\\u011finiz, profesy\\u00f6nelli\\u011finizi bir ad\\u0131m ileri ta\\u015f\\u0131yacak bir \\u00e7ok \\u00fcr\\u00fcn Enermak Enerji'de.\",\"inLanguage\":\"en-US\",\"isPartOf\":{\"@id\":\"https:\\\/\\\/enermak.com\\\/en\\\/#website\"},\"breadcrumb\":{\"@id\":\"https:\\\/\\\/enermak.com\\\/en\\\/urunler\\\/930xc-30f\\\/#breadcrumblist\"},\"image\":{\"@type\":\"ImageObject\",\"url\":\"https:\\\/\\\/enermak.com\\\/wp-content\\\/uploads\\\/2025\\\/08\\\/930XC-30F.jpg\",\"@id\":\"https:\\\/\\\/enermak.com\\\/en\\\/urunler\\\/930xc-30f\\\/#mainImage\",\"width\":600,\"height\":600,\"caption\":\"930XC-30F\"},\"primaryImageOfPage\":{\"@id\":\"https:\\\/\\\/enermak.com\\\/en\\\/urunler\\\/930xc-30f\\\/#mainImage\"},\"datePublished\":\"2025-08-07T11:50:00+03:00\",\"dateModified\":\"2026-02-18T15:28:16+03:00\"},{\"@type\":\"WebSite\",\"@id\":\"https:\\\/\\\/enermak.com\\\/en\\\/#website\",\"url\":\"https:\\\/\\\/enermak.com\\\/en\\\/\",\"name\":\"Enermak Enerji\",\"alternateName\":\"Yeralt\\u0131ndan Haberler\",\"description\":\"Yeralt\\u0131ndan Haberler\",\"inLanguage\":\"en-US\",\"publisher\":{\"@id\":\"https:\\\/\\\/enermak.com\\\/en\\\/#organization\"}}]}\n\t\t<\/script>\n\t\t<!-- All in One SEO Pro -->\r\n\t\t<title>930XC-30F \u2013 OTDR - Enermak Enerji<\/title>\n\n","aioseo_head_json":{"title":"930XC-30F \u2013 OTDR - Enermak Enerji","description":"Altyap\u0131 ve \u015febeke tespitinde kullanabilece\u011finiz, profesy\u00f6nelli\u011finizi bir ad\u0131m ileri ta\u015f\u0131yacak bir \u00e7ok \u00fcr\u00fcn Enermak Enerji'de.","canonical_url":"https:\/\/enermak.com\/en\/urunler\/930xc-30f\/","robots":"max-image-preview:large","keywords":"","webmasterTools":{"yandex-verification":"yandex-verification: 61c39bc218eec6a9","miscellaneous":""},"schema":{"@context":"https:\/\/schema.org","@graph":[{"@type":"BreadcrumbList","@id":"https:\/\/enermak.com\/en\/urunler\/930xc-30f\/#breadcrumblist","itemListElement":[{"@type":"ListItem","@id":"https:\/\/enermak.com\/en#listItem","position":1,"name":"Home","item":"https:\/\/enermak.com\/en","nextItem":{"@type":"ListItem","@id":"https:\/\/enermak.com\/en\/urunler\/#listItem","name":"\u00dcr\u00fcnler"}},{"@type":"ListItem","@id":"https:\/\/enermak.com\/en\/urunler\/#listItem","position":2,"name":"\u00dcr\u00fcnler","item":"https:\/\/enermak.com\/en\/urunler\/","nextItem":{"@type":"ListItem","@id":"https:\/\/enermak.com\/en\/brand\/tempo\/#listItem","name":"TEMPO"},"previousItem":{"@type":"ListItem","@id":"https:\/\/enermak.com\/en#listItem","name":"Home"}},{"@type":"ListItem","@id":"https:\/\/enermak.com\/en\/brand\/tempo\/#listItem","position":3,"name":"TEMPO","item":"https:\/\/enermak.com\/en\/brand\/tempo\/","nextItem":{"@type":"ListItem","@id":"https:\/\/enermak.com\/en\/urunler\/930xc-30f\/#listItem","name":"930XC-30F &#8211; OTDR"},"previousItem":{"@type":"ListItem","@id":"https:\/\/enermak.com\/en\/urunler\/#listItem","name":"\u00dcr\u00fcnler"}},{"@type":"ListItem","@id":"https:\/\/enermak.com\/en\/urunler\/930xc-30f\/#listItem","position":4,"name":"930XC-30F &#8211; OTDR","previousItem":{"@type":"ListItem","@id":"https:\/\/enermak.com\/en\/brand\/tempo\/#listItem","name":"TEMPO"}}]},{"@type":"ItemPage","@id":"https:\/\/enermak.com\/en\/urunler\/930xc-30f\/#itempage","url":"https:\/\/enermak.com\/en\/urunler\/930xc-30f\/","name":"930XC-30F \u2013 OTDR - Enermak Enerji","description":"Altyap\u0131 ve \u015febeke tespitinde kullanabilece\u011finiz, profesy\u00f6nelli\u011finizi bir ad\u0131m ileri ta\u015f\u0131yacak bir \u00e7ok \u00fcr\u00fcn Enermak Enerji'de.","inLanguage":"en-US","isPartOf":{"@id":"https:\/\/enermak.com\/en\/#website"},"breadcrumb":{"@id":"https:\/\/enermak.com\/en\/urunler\/930xc-30f\/#breadcrumblist"},"image":{"@type":"ImageObject","url":"https:\/\/enermak.com\/wp-content\/uploads\/2025\/08\/930XC-30F.jpg","@id":"https:\/\/enermak.com\/en\/urunler\/930xc-30f\/#mainImage","width":600,"height":600,"caption":"930XC-30F"},"primaryImageOfPage":{"@id":"https:\/\/enermak.com\/en\/urunler\/930xc-30f\/#mainImage"},"datePublished":"2025-08-07T11:50:00+03:00","dateModified":"2026-02-18T15:28:16+03:00"},{"@type":"Organization","@id":"https:\/\/enermak.com\/en\/#organization","name":"Enermak Enerji","description":"Yeralt\u0131ndan Haberler","url":"https:\/\/enermak.com\/en\/","telephone":"+903123851102","logo":{"@type":"ImageObject","url":"https:\/\/enermak.com\/wp-content\/uploads\/2022\/03\/logo-tr-1.png","@id":"https:\/\/enermak.com\/en\/urunler\/930xc-30f\/#organizationLogo"},"image":{"@id":"https:\/\/enermak.com\/en\/urunler\/930xc-30f\/#organizationLogo"},"sameAs":["https:\/\/www.facebook.com\/YERALTINDANHABERLER\/","https:\/\/twitter.com\/enerjienermak","https:\/\/www.instagram.com\/enermakenerji\/","https:\/\/www.youtube.com\/c\/EnermakEnerji","https:\/\/www.linkedin.com\/in\/enermak"]},{"@type":"WebPage","@id":"https:\/\/enermak.com\/en\/urunler\/930xc-30f\/#webpage","url":"https:\/\/enermak.com\/en\/urunler\/930xc-30f\/","name":"930XC-30F \u2013 OTDR - Enermak Enerji","description":"Altyap\u0131 ve \u015febeke tespitinde kullanabilece\u011finiz, profesy\u00f6nelli\u011finizi bir ad\u0131m ileri ta\u015f\u0131yacak bir \u00e7ok \u00fcr\u00fcn Enermak Enerji'de.","inLanguage":"en-US","isPartOf":{"@id":"https:\/\/enermak.com\/en\/#website"},"breadcrumb":{"@id":"https:\/\/enermak.com\/en\/urunler\/930xc-30f\/#breadcrumblist"},"image":{"@type":"ImageObject","url":"https:\/\/enermak.com\/wp-content\/uploads\/2025\/08\/930XC-30F.jpg","@id":"https:\/\/enermak.com\/en\/urunler\/930xc-30f\/#mainImage","width":600,"height":600,"caption":"930XC-30F"},"primaryImageOfPage":{"@id":"https:\/\/enermak.com\/en\/urunler\/930xc-30f\/#mainImage"},"datePublished":"2025-08-07T11:50:00+03:00","dateModified":"2026-02-18T15:28:16+03:00"},{"@type":"WebSite","@id":"https:\/\/enermak.com\/en\/#website","url":"https:\/\/enermak.com\/en\/","name":"Enermak Enerji","alternateName":"Yeralt\u0131ndan Haberler","description":"Yeralt\u0131ndan Haberler","inLanguage":"en-US","publisher":{"@id":"https:\/\/enermak.com\/en\/#organization"}}]},"og:locale":"en_US","og:site_name":"Enermak Enerji - Yeralt\u0131ndan Haberler","og:type":"article","og:title":"930XC-30F \u2013 OTDR - Enermak Enerji","og:description":"Altyap\u0131 ve \u015febeke tespitinde kullanabilece\u011finiz, profesy\u00f6nelli\u011finizi bir ad\u0131m ileri ta\u015f\u0131yacak bir \u00e7ok \u00fcr\u00fcn Enermak Enerji'de.","og:url":"https:\/\/enermak.com\/en\/urunler\/930xc-30f\/","og:image":"https:\/\/enermak.com\/wp-content\/uploads\/2022\/03\/logo-tr-1.png","og:image:secure_url":"https:\/\/enermak.com\/wp-content\/uploads\/2022\/03\/logo-tr-1.png","article:published_time":"2025-08-07T08:50:00+00:00","article:modified_time":"2026-02-18T12:28:16+00:00","article:publisher":"https:\/\/www.facebook.com\/YERALTINDANHABERLER\/","twitter:card":"summary_large_image","twitter:site":"@enerjienermak","twitter:title":"930XC-30F \u2013 OTDR - Enermak Enerji","twitter:description":"Altyap\u0131 ve \u015febeke tespitinde kullanabilece\u011finiz, profesy\u00f6nelli\u011finizi bir ad\u0131m ileri ta\u015f\u0131yacak bir \u00e7ok \u00fcr\u00fcn Enermak Enerji'de.","twitter:image":"https:\/\/enermak.com\/wp-content\/uploads\/2022\/03\/logo-tr-1.png"},"aioseo_meta_data":{"post_id":"33481","title":null,"description":null,"keywords":null,"keyphrases":{"focus":{"keyphrase":"930xc-30f otdr test cihaz\u0131","score":37,"analysis":{"keyphraseInTitle":{"score":3,"maxScore":9,"error":1},"keyphraseInDescription":{"score":3,"maxScore":9,"error":1},"keyphraseLength":{"score":9,"maxScore":9,"error":0,"length":4},"keyphraseInURL":{"score":1,"maxScore":5,"error":1},"keyphraseInIntroduction":{"score":3,"maxScore":9,"error":1},"keyphraseInSubHeadings":{"score":3,"maxScore":9,"error":1},"keyphraseInImageAlt":[],"keywordDensity":{"score":0,"type":"low","maxScore":9,"error":1}}},"additional":[]},"primary_term":null,"canonical_url":null,"og_title":null,"og_description":null,"og_object_type":"default","og_image_type":"default","og_image_url":null,"og_image_width":null,"og_image_height":null,"og_image_custom_url":null,"og_image_custom_fields":null,"og_video":"","og_custom_url":null,"og_article_section":null,"og_article_tags":null,"twitter_use_og":false,"twitter_card":"default","twitter_image_type":"default","twitter_image_url":null,"twitter_image_custom_url":null,"twitter_image_custom_fields":null,"twitter_title":null,"twitter_description":null,"schema":{"blockGraphs":[],"customGraphs":[],"default":{"data":{"Article":[],"Course":[],"Dataset":[],"FAQPage":[],"Movie":[],"Person":[],"Product":[],"ProductReview":[],"Car":[],"Recipe":[],"Service":[],"SoftwareApplication":[],"WebPage":[]},"graphName":"ItemPage","isEnabled":true},"graphs":[]},"schema_type":"default","schema_type_options":null,"pillar_content":false,"robots_default":true,"robots_noindex":false,"robots_noarchive":false,"robots_nosnippet":false,"robots_nofollow":false,"robots_noimageindex":false,"robots_noodp":false,"robots_notranslate":false,"robots_max_snippet":"-1","robots_max_videopreview":"-1","robots_max_imagepreview":"large","priority":null,"frequency":"default","local_seo":null,"seo_analyzer_scan_date":"2026-02-18 12:29:11","breadcrumb_settings":null,"limit_modified_date":false,"reviewed_by":null,"open_ai":null,"ai":{"faqs":[],"keyPoints":[],"titles":[],"descriptions":[],"socialPosts":{"email":[],"linkedin":[],"twitter":[],"facebook":[],"instagram":[]}},"created":"2025-08-07 08:50:00","updated":"2026-02-18 12:42:52"},"aioseo_breadcrumb":"<div class=\"aioseo-breadcrumbs\"><span class=\"aioseo-breadcrumb\">\n\t<a href=\"https:\/\/enermak.com\/en\" title=\"Home\">Home<\/a>\n<\/span><span class=\"aioseo-breadcrumb-separator\">\u00bb<\/span><span class=\"aioseo-breadcrumb\">\n\t<a href=\"https:\/\/enermak.com\/en\/urunler\/\" title=\"\u00dcr\u00fcnler\">\u00dcr\u00fcnler<\/a>\n<\/span><span class=\"aioseo-breadcrumb-separator\">\u00bb<\/span><span class=\"aioseo-breadcrumb\">\n\t<a href=\"https:\/\/enermak.com\/en\/brand\/tempo\/\" title=\"TEMPO\">TEMPO<\/a>\n<\/span><span class=\"aioseo-breadcrumb-separator\">\u00bb<\/span><span class=\"aioseo-breadcrumb\">\n\t930XC-30F \u2013 OTDR\n<\/span><\/div>","aioseo_breadcrumb_json":[{"label":"Home","link":"https:\/\/enermak.com\/en"},{"label":"\u00dcr\u00fcnler","link":"https:\/\/enermak.com\/en\/urunler\/"},{"label":"TEMPO","link":"https:\/\/enermak.com\/en\/brand\/tempo\/"},{"label":"930XC-30F &#8211; OTDR","link":"https:\/\/enermak.com\/en\/urunler\/930xc-30f\/"}],"_links":{"self":[{"href":"https:\/\/enermak.com\/en\/wp-json\/wp\/v2\/product\/33481","targetHints":{"allow":["GET"]}}],"collection":[{"href":"https:\/\/enermak.com\/en\/wp-json\/wp\/v2\/product"}],"about":[{"href":"https:\/\/enermak.com\/en\/wp-json\/wp\/v2\/types\/product"}],"version-history":[{"count":0,"href":"https:\/\/enermak.com\/en\/wp-json\/wp\/v2\/product\/33481\/revisions"}],"wp:featuredmedia":[{"embeddable":true,"href":"https:\/\/enermak.com\/en\/wp-json\/wp\/v2\/media\/33509"}],"wp:attachment":[{"href":"https:\/\/enermak.com\/en\/wp-json\/wp\/v2\/media?parent=33481"}],"wp:term":[{"taxonomy":"product_brand","embeddable":true,"href":"https:\/\/enermak.com\/en\/wp-json\/wp\/v2\/product_brand?post=33481"},{"taxonomy":"product_cat","embeddable":true,"href":"https:\/\/enermak.com\/en\/wp-json\/wp\/v2\/product_cat?post=33481"},{"taxonomy":"product_tag","embeddable":true,"href":"https:\/\/enermak.com\/en\/wp-json\/wp\/v2\/product_tag?post=33481"},{"taxonomy":"product_brands","embeddable":true,"href":"https:\/\/enermak.com\/en\/wp-json\/wp\/v2\/product_brands?post=33481"}],"curies":[{"name":"wp","href":"https:\/\/api.w.org\/{rel}","templated":true}]}}