{"id":31717,"date":"2025-05-28T13:23:46","date_gmt":"2025-05-28T10:23:46","guid":{"rendered":"https:\/\/enermak.com\/?post_type=product&#038;p=31717"},"modified":"2026-02-18T15:28:21","modified_gmt":"2026-02-18T12:28:21","slug":"nc-500-netcat-pro2-yapisal-kablolama-test-cihazi","status":"publish","type":"product","link":"https:\/\/enermak.com\/en\/urunler\/nc-500-netcat-pro2-yapisal-kablolama-test-cihazi\/","title":{"rendered":"NC-500 NETcat Pro2"},"content":{"rendered":"<h2 class=\"wp-block-heading has-medium-font-size\"><span style=\"color: #000000;\">NETcat\u00ae Pro2 Yap\u0131sal Kablolama Test Cihaz\u0131 \u2013 Kesintisiz ve G\u00fcvenilir A\u011f Testi<\/span><\/h2>\n<p><span style=\"color: #000000;\"><strong>NETcat\u00ae Pro2 Yap\u0131sal Kablolama Test Cihaz\u0131<\/strong>, a\u011f altyap\u0131n\u0131z\u0131 h\u0131zl\u0131 ve do\u011fru bir \u015fekilde test etmek i\u00e7in geli\u015ftirilmi\u015f profesyonel bir \u00e7\u00f6z\u00fcm sunar. <strong>Ethernet<\/strong>, <strong>PoE<\/strong> and <strong>kablolama testlerini<\/strong> ger\u00e7ekle\u015ftiren bu dijital cihaz, <strong>Step TDR teknolojisi<\/strong> ile <strong>kablo uzunlu\u011fu \u00f6l\u00e7\u00fcm\u00fc<\/strong>, <strong>hata tespiti<\/strong> and <strong>a\u011f ba\u011flant\u0131lar\u0131n\u0131n do\u011frulamas\u0131n\u0131<\/strong> yaparak sorunsuz bir yap\u0131 olu\u015fturman\u0131za yard\u0131mc\u0131 olur.<\/span><\/p>\n<h2 class=\"wp-block-heading has-medium-font-size\"><span style=\"color: #000000;\"><strong>Kapsaml\u0131 Test ve Ar\u0131za Giderme<\/strong><\/span><\/h2>\n<p><span style=\"color: #000000;\">Bu <strong>kablolama test cihaz\u0131<\/strong>, <strong>CAT5 ve \u00fczeri a\u011f kablolar\u0131n\u0131<\/strong>, <strong>koaksiyel ba\u011flant\u0131lar\u0131<\/strong> and <strong>b\u00fck\u00fcml\u00fc \u00e7ift kablo sistemlerini<\/strong> analiz ederek <strong>a\u011f hatalar\u0131n\u0131 kolayca tespit eder<\/strong>. PoE olup olmad\u0131\u011f\u0131n\u0131 belirleyebilir, <strong>aktif a\u011f cihazlar\u0131n\u0131 alg\u0131lar<\/strong> ve sekiz farkl\u0131 ba\u011flant\u0131y\u0131 ayn\u0131 anda test edebilir. Kullan\u0131c\u0131 dostu <strong>dokunmatik ekran\u0131<\/strong> ile i\u015flemleri rahat\u00e7a y\u00f6netebilirsiniz.<\/span><\/p>\n<h3><span style=\"color: #000000;\"><strong>Key Features<\/strong><\/span><\/h3>\n<p><span style=\"color: #000000;\"><strong>\u2705 Step TDR teknolojisi<\/strong> ile hassas <strong>kablo uzunlu\u011fu \u00f6l\u00e7\u00fcm\u00fc<\/strong><\/span><\/p>\n<p><span style=\"color: #000000;\"><strong>\u2705 PoE alg\u0131lama<\/strong> and <strong>Gigabit a\u011f tespiti<\/strong><\/span><\/p>\n<p><span style=\"color: #000000;\"><strong>\u2705 K\u0131sa devre, ters, \u00e7apraz ve ayr\u0131lm\u0131\u015f \u00e7iftleri belirleme<\/strong><\/span><\/p>\n<p><span style=\"color: #000000;\"><strong>\u2705 Koaksiyel ve a\u011f kablolar\u0131n\u0131 test etme<\/strong><\/span><\/p>\n<p><span style=\"color: #000000;\"><strong>\u2705 Dokunmatik ekran ve dahili kalem ile kolay kullan\u0131m<\/strong><\/span><\/p>\n<p><span style=\"color: #000000;\"><strong>\u2705 Kablolama hatalar\u0131n\u0131 h\u0131zl\u0131 ve do\u011fru \u015fekilde tespit etme<\/strong><\/span><\/p>\n<p><span style=\"color: #000000;\"><strong>\u2705 Geni\u015f dil deste\u011fiyle kullan\u0131c\u0131 dostu aray\u00fcz<\/strong><\/span><\/p>\n<p><span style=\"color: #000000;\"><strong>\u2705 Saha kullan\u0131m\u0131 i\u00e7in dayan\u0131kl\u0131 tasar\u0131m<\/strong><\/span><\/p>\n<hr \/>\n<p><span style=\"color: #000000;\"><strong>NETcat\u00ae Pro2 Yap\u0131sal Kablolama Test Cihaz\u0131<\/strong>, <strong>a\u011f g\u00fcvenli\u011fi ve verimlili\u011fini art\u0131rmak<\/strong> i\u00e7in m\u00fchendisler ve teknik uzmanlar taraf\u0131ndan tercih edilmektedir. <strong>Profesyonel kablo testleri<\/strong> ile hatas\u0131z ileti\u015fim sa\u011flayabilirsiniz.<\/span><!--EndFragment --><\/p>","protected":false},"excerpt":{"rendered":"<h3><span style=\"color: #000000;\"><strong>NETcat\u00ae Pro2 <\/strong><\/span><\/h3>\n<h3><span style=\"color: #000000;\"><strong>Yap\u0131sal Kablolama Test Cihaz\u0131 ile Kablolar\u0131n\u0131z\u0131 G\u00fcvende Tutun<\/strong><\/span><\/h3>\n<p><span style=\"color: #000000;\">NETcat\u00ae Pro2 Yap\u0131sal Kablolama Test Cihaz\u0131, Ethernet, PoE (Power over Ethernet) ve a\u011f ba\u011flant\u0131lar\u0131n\u0131 h\u0131zl\u0131 ve hassas bir \u015fekilde test eden dijital bir do\u011frulama arac\u0131d\u0131r. Dokunmatik, arka ayd\u0131nlatmal\u0131 ekran ile kontrol edilen cihaz, kablo uzunlu\u011funu \u00f6l\u00e7menin yan\u0131 s\u0131ra do\u011fru \u00e7ift tahsisini ve ileti\u015fim s\u00fcreklili\u011fini test eder. Step TDR (Time Domain Reflectometry) teknolojisini kullanarak \u00e7oklu \u00e7ift kablolar\u0131n, LAN veya koaksiyel kablolar\u0131n uzunlu\u011funu y\u00fcksek h\u0131zda analiz eder.<\/span><\/p>\n<p><span style=\"color: #000000;\"><strong>NETcat\u00ae Pro2 Yap\u0131sal Kablolama Test Cihaz\u0131<\/strong>, <strong>a\u011f g\u00fcvenli\u011fi ve verimlili\u011fini art\u0131rmak<\/strong> i\u00e7in m\u00fchendisler ve teknik uzmanlar taraf\u0131ndan tercih edilmektedir. <strong>Profesyonel kablo testleri<\/strong> ile hatas\u0131z ileti\u015fim sa\u011flayabilirsiniz.<\/span><\/p>","protected":false},"featured_media":31721,"template":"","meta":{"_bst_post_transparent":"default","_bst_post_title":"","_bst_post_layout":"default","_bst_post_sidebar_id":"","_bst_post_content_style":"default","_bst_post_vertical_padding":"default","_bst_post_feature":"","_bst_post_feature_position":"","_bst_post_header":false,"_bst_post_footer":false},"product_brand":[2005],"product_cat":[151,1595],"product_tag":[],"product_brands":[],"class_list":{"0":"post-31717","1":"product","2":"type-product","3":"status-publish","4":"has-post-thumbnail","6":"product_brand-tempo","7":"product_cat-kablo-olcum-ve-hata-tespiti","8":"product_cat-vdv","10":"first","11":"instock","12":"shipping-taxable","13":"product-type-simple","14":"entry","15":"content-bg","16":"loop-entry"},"aioseo_notices":[],"aioseo_head":"\n\t\t<!-- All in One SEO Pro 4.9.6.2 - aioseo.com -->\n\t<meta name=\"description\" content=\"NETcat\u00ae Pro2 Yap\u0131sal Kablolama Test Cihaz\u0131, a\u011f altyap\u0131n\u0131z\u0131 test eden profesyonel bir \u00e7\u00f6z\u00fcm. PoE, Ethernet ve kablo uzunlu\u011fu \u00f6l\u00e7\u00fcm\u00fc i\u00e7in idealdir.\" \/>\n\t<meta name=\"robots\" content=\"max-image-preview:large\" \/>\n\t<meta name=\"yandex-verification\" content=\"yandex-verification: 61c39bc218eec6a9\" \/>\n\t<link rel=\"canonical\" href=\"https:\/\/enermak.com\/en\/urunler\/nc-500-netcat-pro2-yapisal-kablolama-test-cihazi\/\" \/>\n\t<meta name=\"generator\" content=\"All in One SEO Pro (AIOSEO) 4.9.6.2\" \/>\n\t\t<meta property=\"og:locale\" content=\"en_US\" \/>\n\t\t<meta property=\"og:site_name\" content=\"Enermak Enerji - Yeralt\u0131ndan Haberler\" \/>\n\t\t<meta property=\"og:type\" content=\"article\" \/>\n\t\t<meta property=\"og:title\" content=\"NC-500 NETcat Pro2 - Enermak Enerji\" \/>\n\t\t<meta property=\"og:description\" content=\"NETcat\u00ae Pro2 Yap\u0131sal Kablolama Test Cihaz\u0131, a\u011f altyap\u0131n\u0131z\u0131 test eden profesyonel bir \u00e7\u00f6z\u00fcm. PoE, Ethernet ve kablo uzunlu\u011fu \u00f6l\u00e7\u00fcm\u00fc i\u00e7in idealdir.\" \/>\n\t\t<meta property=\"og:url\" content=\"https:\/\/enermak.com\/en\/urunler\/nc-500-netcat-pro2-yapisal-kablolama-test-cihazi\/\" \/>\n\t\t<meta property=\"og:image\" content=\"https:\/\/enermak.com\/wp-content\/uploads\/2022\/03\/logo-tr-1.png\" \/>\n\t\t<meta property=\"og:image:secure_url\" content=\"https:\/\/enermak.com\/wp-content\/uploads\/2022\/03\/logo-tr-1.png\" \/>\n\t\t<meta property=\"article:published_time\" content=\"2025-05-28T10:23:46+00:00\" \/>\n\t\t<meta property=\"article:modified_time\" content=\"2026-02-18T12:28:21+00:00\" \/>\n\t\t<meta property=\"article:publisher\" content=\"https:\/\/www.facebook.com\/YERALTINDANHABERLER\/\" \/>\n\t\t<meta name=\"twitter:card\" content=\"summary_large_image\" \/>\n\t\t<meta name=\"twitter:site\" content=\"@enerjienermak\" \/>\n\t\t<meta name=\"twitter:title\" content=\"NC-500 NETcat Pro2 - Enermak Enerji\" \/>\n\t\t<meta name=\"twitter:description\" content=\"NETcat\u00ae Pro2 Yap\u0131sal Kablolama Test Cihaz\u0131, a\u011f altyap\u0131n\u0131z\u0131 test eden profesyonel bir \u00e7\u00f6z\u00fcm. PoE, Ethernet ve kablo uzunlu\u011fu \u00f6l\u00e7\u00fcm\u00fc i\u00e7in idealdir.\" \/>\n\t\t<meta name=\"twitter:image\" content=\"https:\/\/enermak.com\/wp-content\/uploads\/2022\/03\/logo-tr-1.png\" \/>\n\t\t<script type=\"application\/ld+json\" class=\"aioseo-schema\">\n\t\t\t{\"@context\":\"https:\\\/\\\/schema.org\",\"@graph\":[{\"@type\":\"BreadcrumbList\",\"@id\":\"https:\\\/\\\/enermak.com\\\/en\\\/urunler\\\/nc-500-netcat-pro2-yapisal-kablolama-test-cihazi\\\/#breadcrumblist\",\"itemListElement\":[{\"@type\":\"ListItem\",\"@id\":\"https:\\\/\\\/enermak.com\\\/en#listItem\",\"position\":1,\"name\":\"Home\",\"item\":\"https:\\\/\\\/enermak.com\\\/en\",\"nextItem\":{\"@type\":\"ListItem\",\"@id\":\"https:\\\/\\\/enermak.com\\\/en\\\/urunler\\\/#listItem\",\"name\":\"\\u00dcr\\u00fcnler\"}},{\"@type\":\"ListItem\",\"@id\":\"https:\\\/\\\/enermak.com\\\/en\\\/urunler\\\/#listItem\",\"position\":2,\"name\":\"\\u00dcr\\u00fcnler\",\"item\":\"https:\\\/\\\/enermak.com\\\/en\\\/urunler\\\/\",\"nextItem\":{\"@type\":\"ListItem\",\"@id\":\"https:\\\/\\\/enermak.com\\\/en\\\/brand\\\/tempo\\\/#listItem\",\"name\":\"TEMPO\"},\"previousItem\":{\"@type\":\"ListItem\",\"@id\":\"https:\\\/\\\/enermak.com\\\/en#listItem\",\"name\":\"Home\"}},{\"@type\":\"ListItem\",\"@id\":\"https:\\\/\\\/enermak.com\\\/en\\\/brand\\\/tempo\\\/#listItem\",\"position\":3,\"name\":\"TEMPO\",\"item\":\"https:\\\/\\\/enermak.com\\\/en\\\/brand\\\/tempo\\\/\",\"nextItem\":{\"@type\":\"ListItem\",\"@id\":\"https:\\\/\\\/enermak.com\\\/en\\\/urunler\\\/nc-500-netcat-pro2-yapisal-kablolama-test-cihazi\\\/#listItem\",\"name\":\"NC-500 NETcat Pro2\"},\"previousItem\":{\"@type\":\"ListItem\",\"@id\":\"https:\\\/\\\/enermak.com\\\/en\\\/urunler\\\/#listItem\",\"name\":\"\\u00dcr\\u00fcnler\"}},{\"@type\":\"ListItem\",\"@id\":\"https:\\\/\\\/enermak.com\\\/en\\\/urunler\\\/nc-500-netcat-pro2-yapisal-kablolama-test-cihazi\\\/#listItem\",\"position\":4,\"name\":\"NC-500 NETcat Pro2\",\"previousItem\":{\"@type\":\"ListItem\",\"@id\":\"https:\\\/\\\/enermak.com\\\/en\\\/brand\\\/tempo\\\/#listItem\",\"name\":\"TEMPO\"}}]},{\"@type\":\"ItemPage\",\"@id\":\"https:\\\/\\\/enermak.com\\\/en\\\/urunler\\\/nc-500-netcat-pro2-yapisal-kablolama-test-cihazi\\\/#itempage\",\"url\":\"https:\\\/\\\/enermak.com\\\/en\\\/urunler\\\/nc-500-netcat-pro2-yapisal-kablolama-test-cihazi\\\/\",\"name\":\"NC-500 NETcat Pro2 - Enermak Enerji\",\"description\":\"NETcat\\u00ae Pro2 Yap\\u0131sal Kablolama Test Cihaz\\u0131, a\\u011f altyap\\u0131n\\u0131z\\u0131 test eden profesyonel bir \\u00e7\\u00f6z\\u00fcm. PoE, Ethernet ve kablo uzunlu\\u011fu \\u00f6l\\u00e7\\u00fcm\\u00fc i\\u00e7in idealdir.\",\"inLanguage\":\"en-US\",\"isPartOf\":{\"@id\":\"https:\\\/\\\/enermak.com\\\/en\\\/#website\"},\"breadcrumb\":{\"@id\":\"https:\\\/\\\/enermak.com\\\/en\\\/urunler\\\/nc-500-netcat-pro2-yapisal-kablolama-test-cihazi\\\/#breadcrumblist\"},\"image\":{\"@type\":\"ImageObject\",\"url\":\"https:\\\/\\\/enermak.com\\\/wp-content\\\/uploads\\\/2025\\\/05\\\/NC-500-NETcat-Pro2-Yapisal-Kablolama-Test-Cihazi.jpg\",\"@id\":\"https:\\\/\\\/enermak.com\\\/en\\\/urunler\\\/nc-500-netcat-pro2-yapisal-kablolama-test-cihazi\\\/#mainImage\",\"width\":768,\"height\":768,\"caption\":\"NC-500 NETcat Pro2 Yap\\u0131sal Kablolama Test Cihaz\\u0131\"},\"primaryImageOfPage\":{\"@id\":\"https:\\\/\\\/enermak.com\\\/en\\\/urunler\\\/nc-500-netcat-pro2-yapisal-kablolama-test-cihazi\\\/#mainImage\"},\"datePublished\":\"2025-05-28T13:23:46+03:00\",\"dateModified\":\"2026-02-18T15:28:21+03:00\"},{\"@type\":\"Organization\",\"@id\":\"https:\\\/\\\/enermak.com\\\/en\\\/#organization\",\"name\":\"Enermak Enerji\",\"description\":\"Yeralt\\u0131ndan Haberler\",\"url\":\"https:\\\/\\\/enermak.com\\\/en\\\/\",\"telephone\":\"+903123851102\",\"logo\":{\"@type\":\"ImageObject\",\"url\":\"https:\\\/\\\/enermak.com\\\/wp-content\\\/uploads\\\/2022\\\/03\\\/logo-tr-1.png\",\"@id\":\"https:\\\/\\\/enermak.com\\\/en\\\/urunler\\\/nc-500-netcat-pro2-yapisal-kablolama-test-cihazi\\\/#organizationLogo\"},\"image\":{\"@id\":\"https:\\\/\\\/enermak.com\\\/en\\\/urunler\\\/nc-500-netcat-pro2-yapisal-kablolama-test-cihazi\\\/#organizationLogo\"},\"sameAs\":[\"https:\\\/\\\/www.facebook.com\\\/YERALTINDANHABERLER\\\/\",\"https:\\\/\\\/twitter.com\\\/enerjienermak\",\"https:\\\/\\\/www.instagram.com\\\/enermakenerji\\\/\",\"https:\\\/\\\/www.youtube.com\\\/c\\\/EnermakEnerji\",\"https:\\\/\\\/www.linkedin.com\\\/in\\\/enermak\"]},{\"@type\":\"WebPage\",\"@id\":\"https:\\\/\\\/enermak.com\\\/en\\\/urunler\\\/nc-500-netcat-pro2-yapisal-kablolama-test-cihazi\\\/#webpage\",\"url\":\"https:\\\/\\\/enermak.com\\\/en\\\/urunler\\\/nc-500-netcat-pro2-yapisal-kablolama-test-cihazi\\\/\",\"name\":\"NC-500 NETcat Pro2 - Enermak Enerji\",\"description\":\"NETcat\\u00ae Pro2 Yap\\u0131sal Kablolama Test Cihaz\\u0131, a\\u011f altyap\\u0131n\\u0131z\\u0131 test eden profesyonel bir \\u00e7\\u00f6z\\u00fcm. PoE, Ethernet ve kablo uzunlu\\u011fu \\u00f6l\\u00e7\\u00fcm\\u00fc i\\u00e7in idealdir.\",\"inLanguage\":\"en-US\",\"isPartOf\":{\"@id\":\"https:\\\/\\\/enermak.com\\\/en\\\/#website\"},\"breadcrumb\":{\"@id\":\"https:\\\/\\\/enermak.com\\\/en\\\/urunler\\\/nc-500-netcat-pro2-yapisal-kablolama-test-cihazi\\\/#breadcrumblist\"},\"image\":{\"@type\":\"ImageObject\",\"url\":\"https:\\\/\\\/enermak.com\\\/wp-content\\\/uploads\\\/2025\\\/05\\\/NC-500-NETcat-Pro2-Yapisal-Kablolama-Test-Cihazi.jpg\",\"@id\":\"https:\\\/\\\/enermak.com\\\/en\\\/urunler\\\/nc-500-netcat-pro2-yapisal-kablolama-test-cihazi\\\/#mainImage\",\"width\":768,\"height\":768,\"caption\":\"NC-500 NETcat Pro2 Yap\\u0131sal Kablolama Test Cihaz\\u0131\"},\"primaryImageOfPage\":{\"@id\":\"https:\\\/\\\/enermak.com\\\/en\\\/urunler\\\/nc-500-netcat-pro2-yapisal-kablolama-test-cihazi\\\/#mainImage\"},\"datePublished\":\"2025-05-28T13:23:46+03:00\",\"dateModified\":\"2026-02-18T15:28:21+03:00\"},{\"@type\":\"WebSite\",\"@id\":\"https:\\\/\\\/enermak.com\\\/en\\\/#website\",\"url\":\"https:\\\/\\\/enermak.com\\\/en\\\/\",\"name\":\"Enermak Enerji\",\"alternateName\":\"Yeralt\\u0131ndan Haberler\",\"description\":\"Yeralt\\u0131ndan Haberler\",\"inLanguage\":\"en-US\",\"publisher\":{\"@id\":\"https:\\\/\\\/enermak.com\\\/en\\\/#organization\"}}]}\n\t\t<\/script>\n\t\t<!-- All in One SEO Pro -->\r\n\t\t<title>NC-500 NETcat Pro2 - Enermak Enerji<\/title>\n\n","aioseo_head_json":{"title":"NC-500 NETcat Pro2 - Enermak Enerji","description":"NETcat\u00ae Pro2 Yap\u0131sal Kablolama Test Cihaz\u0131, a\u011f altyap\u0131n\u0131z\u0131 test eden profesyonel bir \u00e7\u00f6z\u00fcm. PoE, Ethernet ve kablo uzunlu\u011fu \u00f6l\u00e7\u00fcm\u00fc i\u00e7in idealdir.","canonical_url":"https:\/\/enermak.com\/en\/urunler\/nc-500-netcat-pro2-yapisal-kablolama-test-cihazi\/","robots":"max-image-preview:large","keywords":"","webmasterTools":{"yandex-verification":"yandex-verification: 61c39bc218eec6a9","miscellaneous":""},"schema":{"@context":"https:\/\/schema.org","@graph":[{"@type":"BreadcrumbList","@id":"https:\/\/enermak.com\/en\/urunler\/nc-500-netcat-pro2-yapisal-kablolama-test-cihazi\/#breadcrumblist","itemListElement":[{"@type":"ListItem","@id":"https:\/\/enermak.com\/en#listItem","position":1,"name":"Home","item":"https:\/\/enermak.com\/en","nextItem":{"@type":"ListItem","@id":"https:\/\/enermak.com\/en\/urunler\/#listItem","name":"\u00dcr\u00fcnler"}},{"@type":"ListItem","@id":"https:\/\/enermak.com\/en\/urunler\/#listItem","position":2,"name":"\u00dcr\u00fcnler","item":"https:\/\/enermak.com\/en\/urunler\/","nextItem":{"@type":"ListItem","@id":"https:\/\/enermak.com\/en\/brand\/tempo\/#listItem","name":"TEMPO"},"previousItem":{"@type":"ListItem","@id":"https:\/\/enermak.com\/en#listItem","name":"Home"}},{"@type":"ListItem","@id":"https:\/\/enermak.com\/en\/brand\/tempo\/#listItem","position":3,"name":"TEMPO","item":"https:\/\/enermak.com\/en\/brand\/tempo\/","nextItem":{"@type":"ListItem","@id":"https:\/\/enermak.com\/en\/urunler\/nc-500-netcat-pro2-yapisal-kablolama-test-cihazi\/#listItem","name":"NC-500 NETcat Pro2"},"previousItem":{"@type":"ListItem","@id":"https:\/\/enermak.com\/en\/urunler\/#listItem","name":"\u00dcr\u00fcnler"}},{"@type":"ListItem","@id":"https:\/\/enermak.com\/en\/urunler\/nc-500-netcat-pro2-yapisal-kablolama-test-cihazi\/#listItem","position":4,"name":"NC-500 NETcat Pro2","previousItem":{"@type":"ListItem","@id":"https:\/\/enermak.com\/en\/brand\/tempo\/#listItem","name":"TEMPO"}}]},{"@type":"ItemPage","@id":"https:\/\/enermak.com\/en\/urunler\/nc-500-netcat-pro2-yapisal-kablolama-test-cihazi\/#itempage","url":"https:\/\/enermak.com\/en\/urunler\/nc-500-netcat-pro2-yapisal-kablolama-test-cihazi\/","name":"NC-500 NETcat Pro2 - Enermak Enerji","description":"NETcat\u00ae Pro2 Yap\u0131sal Kablolama Test Cihaz\u0131, a\u011f altyap\u0131n\u0131z\u0131 test eden profesyonel bir \u00e7\u00f6z\u00fcm. PoE, Ethernet ve kablo uzunlu\u011fu \u00f6l\u00e7\u00fcm\u00fc i\u00e7in idealdir.","inLanguage":"en-US","isPartOf":{"@id":"https:\/\/enermak.com\/en\/#website"},"breadcrumb":{"@id":"https:\/\/enermak.com\/en\/urunler\/nc-500-netcat-pro2-yapisal-kablolama-test-cihazi\/#breadcrumblist"},"image":{"@type":"ImageObject","url":"https:\/\/enermak.com\/wp-content\/uploads\/2025\/05\/NC-500-NETcat-Pro2-Yapisal-Kablolama-Test-Cihazi.jpg","@id":"https:\/\/enermak.com\/en\/urunler\/nc-500-netcat-pro2-yapisal-kablolama-test-cihazi\/#mainImage","width":768,"height":768,"caption":"NC-500 NETcat Pro2 Yap\u0131sal Kablolama Test Cihaz\u0131"},"primaryImageOfPage":{"@id":"https:\/\/enermak.com\/en\/urunler\/nc-500-netcat-pro2-yapisal-kablolama-test-cihazi\/#mainImage"},"datePublished":"2025-05-28T13:23:46+03:00","dateModified":"2026-02-18T15:28:21+03:00"},{"@type":"Organization","@id":"https:\/\/enermak.com\/en\/#organization","name":"Enermak Enerji","description":"Yeralt\u0131ndan Haberler","url":"https:\/\/enermak.com\/en\/","telephone":"+903123851102","logo":{"@type":"ImageObject","url":"https:\/\/enermak.com\/wp-content\/uploads\/2022\/03\/logo-tr-1.png","@id":"https:\/\/enermak.com\/en\/urunler\/nc-500-netcat-pro2-yapisal-kablolama-test-cihazi\/#organizationLogo"},"image":{"@id":"https:\/\/enermak.com\/en\/urunler\/nc-500-netcat-pro2-yapisal-kablolama-test-cihazi\/#organizationLogo"},"sameAs":["https:\/\/www.facebook.com\/YERALTINDANHABERLER\/","https:\/\/twitter.com\/enerjienermak","https:\/\/www.instagram.com\/enermakenerji\/","https:\/\/www.youtube.com\/c\/EnermakEnerji","https:\/\/www.linkedin.com\/in\/enermak"]},{"@type":"WebPage","@id":"https:\/\/enermak.com\/en\/urunler\/nc-500-netcat-pro2-yapisal-kablolama-test-cihazi\/#webpage","url":"https:\/\/enermak.com\/en\/urunler\/nc-500-netcat-pro2-yapisal-kablolama-test-cihazi\/","name":"NC-500 NETcat Pro2 - Enermak Enerji","description":"NETcat\u00ae Pro2 Yap\u0131sal Kablolama Test Cihaz\u0131, a\u011f altyap\u0131n\u0131z\u0131 test eden profesyonel bir \u00e7\u00f6z\u00fcm. PoE, Ethernet ve kablo uzunlu\u011fu \u00f6l\u00e7\u00fcm\u00fc i\u00e7in idealdir.","inLanguage":"en-US","isPartOf":{"@id":"https:\/\/enermak.com\/en\/#website"},"breadcrumb":{"@id":"https:\/\/enermak.com\/en\/urunler\/nc-500-netcat-pro2-yapisal-kablolama-test-cihazi\/#breadcrumblist"},"image":{"@type":"ImageObject","url":"https:\/\/enermak.com\/wp-content\/uploads\/2025\/05\/NC-500-NETcat-Pro2-Yapisal-Kablolama-Test-Cihazi.jpg","@id":"https:\/\/enermak.com\/en\/urunler\/nc-500-netcat-pro2-yapisal-kablolama-test-cihazi\/#mainImage","width":768,"height":768,"caption":"NC-500 NETcat Pro2 Yap\u0131sal Kablolama Test Cihaz\u0131"},"primaryImageOfPage":{"@id":"https:\/\/enermak.com\/en\/urunler\/nc-500-netcat-pro2-yapisal-kablolama-test-cihazi\/#mainImage"},"datePublished":"2025-05-28T13:23:46+03:00","dateModified":"2026-02-18T15:28:21+03:00"},{"@type":"WebSite","@id":"https:\/\/enermak.com\/en\/#website","url":"https:\/\/enermak.com\/en\/","name":"Enermak Enerji","alternateName":"Yeralt\u0131ndan Haberler","description":"Yeralt\u0131ndan Haberler","inLanguage":"en-US","publisher":{"@id":"https:\/\/enermak.com\/en\/#organization"}}]},"og:locale":"en_US","og:site_name":"Enermak Enerji - Yeralt\u0131ndan Haberler","og:type":"article","og:title":"NC-500 NETcat Pro2 - Enermak Enerji","og:description":"NETcat\u00ae Pro2 Yap\u0131sal Kablolama Test Cihaz\u0131, a\u011f altyap\u0131n\u0131z\u0131 test eden profesyonel bir \u00e7\u00f6z\u00fcm. PoE, Ethernet ve kablo uzunlu\u011fu \u00f6l\u00e7\u00fcm\u00fc i\u00e7in idealdir.","og:url":"https:\/\/enermak.com\/en\/urunler\/nc-500-netcat-pro2-yapisal-kablolama-test-cihazi\/","og:image":"https:\/\/enermak.com\/wp-content\/uploads\/2022\/03\/logo-tr-1.png","og:image:secure_url":"https:\/\/enermak.com\/wp-content\/uploads\/2022\/03\/logo-tr-1.png","article:published_time":"2025-05-28T10:23:46+00:00","article:modified_time":"2026-02-18T12:28:21+00:00","article:publisher":"https:\/\/www.facebook.com\/YERALTINDANHABERLER\/","twitter:card":"summary_large_image","twitter:site":"@enerjienermak","twitter:title":"NC-500 NETcat Pro2 - Enermak Enerji","twitter:description":"NETcat\u00ae Pro2 Yap\u0131sal Kablolama Test Cihaz\u0131, a\u011f altyap\u0131n\u0131z\u0131 test eden profesyonel bir \u00e7\u00f6z\u00fcm. PoE, Ethernet ve kablo uzunlu\u011fu \u00f6l\u00e7\u00fcm\u00fc i\u00e7in idealdir.","twitter:image":"https:\/\/enermak.com\/wp-content\/uploads\/2022\/03\/logo-tr-1.png"},"aioseo_meta_data":{"post_id":"31717","title":null,"description":"NETcat\u00ae Pro2 Yap\u0131sal Kablolama Test Cihaz\u0131, a\u011f altyap\u0131n\u0131z\u0131 test eden profesyonel bir \u00e7\u00f6z\u00fcm. PoE, Ethernet ve kablo uzunlu\u011fu \u00f6l\u00e7\u00fcm\u00fc i\u00e7in idealdir.","keywords":null,"keyphrases":{"focus":{"keyphrase":"Yap\u0131sal Kablolama Test Cihaz\u0131","score":85,"analysis":{"keyphraseInTitle":{"score":3,"maxScore":9,"error":1},"keyphraseInDescription":{"score":9,"maxScore":9,"error":0},"keyphraseLength":{"score":6,"maxScore":9,"error":1,"length":5},"keyphraseInURL":{"score":5,"maxScore":5,"error":0},"keyphraseInIntroduction":{"score":9,"maxScore":9,"error":0},"keyphraseInSubHeadings":{"score":9,"maxScore":9,"error":0},"keyphraseInImageAlt":[],"keywordDensity":{"type":"best","score":9,"maxScore":9,"error":0}}},"additional":[{"keyphrase":"Kablolama Test Cihaz\u0131","score":100,"analysis":{"keyphraseInDescription":{"score":9,"maxScore":9,"error":0},"keyphraseLength":{"score":9,"maxScore":9,"error":0,"length":3},"keyphraseInIntroduction":{"score":9,"maxScore":9,"error":0},"keyphraseInImageAlt":[],"keywordDensity":{"type":"best","score":9,"maxScore":9,"error":0}}}]},"primary_term":null,"canonical_url":null,"og_title":null,"og_description":null,"og_object_type":"default","og_image_type":"default","og_image_url":null,"og_image_width":null,"og_image_height":null,"og_image_custom_url":null,"og_image_custom_fields":null,"og_video":"","og_custom_url":null,"og_article_section":null,"og_article_tags":null,"twitter_use_og":false,"twitter_card":"default","twitter_image_type":"default","twitter_image_url":null,"twitter_image_custom_url":null,"twitter_image_custom_fields":null,"twitter_title":null,"twitter_description":null,"schema":{"blockGraphs":[],"customGraphs":[],"default":{"data":{"Article":[],"Course":[],"Dataset":[],"FAQPage":[],"Movie":[],"Person":[],"Product":[],"ProductReview":[],"Car":[],"Recipe":[],"Service":[],"SoftwareApplication":[],"WebPage":[]},"graphName":"ItemPage","isEnabled":true},"graphs":[]},"schema_type":"default","schema_type_options":null,"pillar_content":false,"robots_default":true,"robots_noindex":false,"robots_noarchive":false,"robots_nosnippet":false,"robots_nofollow":false,"robots_noimageindex":false,"robots_noodp":false,"robots_notranslate":false,"robots_max_snippet":"-1","robots_max_videopreview":"-1","robots_max_imagepreview":"large","priority":null,"frequency":"default","local_seo":null,"seo_analyzer_scan_date":"2026-02-18 12:30:20","breadcrumb_settings":null,"limit_modified_date":false,"reviewed_by":null,"open_ai":"{\"title\":{\"suggestions\":[],\"usage\":0},\"description\":{\"suggestions\":[],\"usage\":0}}","ai":{"faqs":[],"keyPoints":[],"titles":[],"descriptions":[],"socialPosts":{"email":[],"linkedin":[],"twitter":[],"facebook":[],"instagram":[]}},"created":"2025-05-28 10:23:46","updated":"2026-02-18 12:42:52"},"aioseo_breadcrumb":"<div class=\"aioseo-breadcrumbs\"><span class=\"aioseo-breadcrumb\">\n\t<a href=\"https:\/\/enermak.com\/en\" title=\"Home\">Home<\/a>\n<\/span><span class=\"aioseo-breadcrumb-separator\">\u00bb<\/span><span class=\"aioseo-breadcrumb\">\n\t<a href=\"https:\/\/enermak.com\/en\/urunler\/\" title=\"\u00dcr\u00fcnler\">\u00dcr\u00fcnler<\/a>\n<\/span><span class=\"aioseo-breadcrumb-separator\">\u00bb<\/span><span class=\"aioseo-breadcrumb\">\n\t<a href=\"https:\/\/enermak.com\/en\/brand\/tempo\/\" title=\"TEMPO\">TEMPO<\/a>\n<\/span><span class=\"aioseo-breadcrumb-separator\">\u00bb<\/span><span class=\"aioseo-breadcrumb\">\n\tNC-500 NETcat Pro2\n<\/span><\/div>","aioseo_breadcrumb_json":[{"label":"Home","link":"https:\/\/enermak.com\/en"},{"label":"\u00dcr\u00fcnler","link":"https:\/\/enermak.com\/en\/urunler\/"},{"label":"TEMPO","link":"https:\/\/enermak.com\/en\/brand\/tempo\/"},{"label":"NC-500 NETcat Pro2","link":"https:\/\/enermak.com\/en\/urunler\/nc-500-netcat-pro2-yapisal-kablolama-test-cihazi\/"}],"_links":{"self":[{"href":"https:\/\/enermak.com\/en\/wp-json\/wp\/v2\/product\/31717","targetHints":{"allow":["GET"]}}],"collection":[{"href":"https:\/\/enermak.com\/en\/wp-json\/wp\/v2\/product"}],"about":[{"href":"https:\/\/enermak.com\/en\/wp-json\/wp\/v2\/types\/product"}],"version-history":[{"count":0,"href":"https:\/\/enermak.com\/en\/wp-json\/wp\/v2\/product\/31717\/revisions"}],"wp:featuredmedia":[{"embeddable":true,"href":"https:\/\/enermak.com\/en\/wp-json\/wp\/v2\/media\/31721"}],"wp:attachment":[{"href":"https:\/\/enermak.com\/en\/wp-json\/wp\/v2\/media?parent=31717"}],"wp:term":[{"taxonomy":"product_brand","embeddable":true,"href":"https:\/\/enermak.com\/en\/wp-json\/wp\/v2\/product_brand?post=31717"},{"taxonomy":"product_cat","embeddable":true,"href":"https:\/\/enermak.com\/en\/wp-json\/wp\/v2\/product_cat?post=31717"},{"taxonomy":"product_tag","embeddable":true,"href":"https:\/\/enermak.com\/en\/wp-json\/wp\/v2\/product_tag?post=31717"},{"taxonomy":"product_brands","embeddable":true,"href":"https:\/\/enermak.com\/en\/wp-json\/wp\/v2\/product_brands?post=31717"}],"curies":[{"name":"wp","href":"https:\/\/api.w.org\/{rel}","templated":true}]}}