{"id":31691,"date":"2025-05-26T11:48:49","date_gmt":"2025-05-26T08:48:49","guid":{"rendered":"https:\/\/enermak.com\/?post_type=product&#038;p=31691"},"modified":"2026-02-18T15:28:53","modified_gmt":"2026-02-18T12:28:53","slug":"datascout-10g-ethernet-test-cihazi","status":"publish","type":"product","link":"https:\/\/enermak.com\/en\/urunler\/datascout-10g-ethernet-test-cihazi\/","title":{"rendered":"DataScout 10G"},"content":{"rendered":"<h2 class=\"wp-block-heading has-medium-font-size\"><span style=\"color: #000000;\"><strong>Tempo DataScout 10G\u00a0<\/strong><\/span><\/h2>\n<p><span style=\"color: #000000;\">Tempo DataScout 10G, sekt\u00f6rdeki en geli\u015fmi\u015f 10G Ethernet Test Cihaz\u0131 olarak, kapsaml\u0131 telekom\u00fcnikasyon test ve \u00f6l\u00e7\u00fcm ihtiya\u00e7lar\u0131n\u0131 kar\u015f\u0131lamak \u00fczere tasarlanm\u0131\u015ft\u0131r. Fiber optik ve a\u011f analiz\u00f6r\u00fc \u00f6zellikleri sayesinde, teknisyenler DS0-TIMS test cihaz\u0131 ile eski sistemleri kontrol edebilirken, end\u00fcstriyel a\u011f testi ve veri iletimi test cihaz\u0131 deste\u011fiyle modern ba\u011flant\u0131lar\u0131 da analiz edebilirler.<\/span><\/p>\n<h2 class=\"wp-block-heading has-medium-font-size\"><span style=\"color: #000000;\"><strong>Kolay Kullan\u0131m ve \u00dcst\u00fcn Performans<\/strong><\/span><\/h2>\n<ul>\n<li><span style=\"color: #000000;\">Dokunmatik ekranl\u0131 tablet tasar\u0131m\u0131, sezgisel kullan\u0131m sa\u011flar.<\/span><\/li>\n<li><span style=\"color: #000000;\">Karma\u015f\u0131k men\u00fcler olmadan h\u0131zl\u0131 ve kolay test yap\u0131land\u0131rmas\u0131 m\u00fcmk\u00fcn.<\/span><\/li>\n<li><span style=\"color: #000000;\">Uygulamaya entegre e\u011fitim videolar\u0131, kullan\u0131m s\u00fcrecini h\u0131zland\u0131r\u0131r.<\/span><\/li>\n<li><span style=\"color: #000000;\">Rakiplerinden 3 kat daha h\u0131zl\u0131 a\u00e7\u0131l\u0131\u015f s\u00fcresi, verimlili\u011fi art\u0131r\u0131r.<\/span><\/li>\n<\/ul>\n<h2 class=\"wp-block-heading has-medium-font-size\"><span style=\"color: #000000;\"><strong>Geli\u015fmi\u015f Test ve \u00d6l\u00e7\u00fcm \u00d6zellikleri<\/strong><\/span><\/h2>\n<ul>\n<li><span style=\"color: #000000;\">DS0-TIMS test cihaz\u0131 ile 10G Ethernet&#8217;e kadar kapsaml\u0131 analiz yapabilirsiniz.<\/span><\/li>\n<li><span style=\"color: #000000;\">Birden fazla hizmeti ayn\u0131 anda test etme imkan\u0131 sunar.<\/span><\/li>\n<li><span style=\"color: #000000;\">Ethernet ve DS1\/DS3 test cihaz\u0131, geni\u015f \u00e7apl\u0131 a\u011f de\u011ferlendirmelerine olanak tan\u0131r.<\/span><\/li>\n<li><span style=\"color: #000000;\">Bluetooth\u00ae ve web taray\u0131c\u0131 \u00fczerinden uzaktan kontrol, kullan\u0131m esnekli\u011fi sa\u011flar.<\/span><\/li>\n<\/ul>\n<h2 class=\"wp-block-heading has-medium-font-size\"><span style=\"color: #000000;\"><strong>Dayan\u0131kl\u0131 ve G\u00fcvenilir Yap\u0131<\/strong><\/span><\/h2>\n<ul>\n<li><span style=\"color: #000000;\">Ta\u015f\u0131nabilir test ve \u00f6l\u00e7\u00fcm cihaz\u0131 olarak mod\u00fcls\u00fcz &#8220;Tak ve Kullan&#8221; \u00e7\u00f6z\u00fcm\u00fc sunar.<\/span><\/li>\n<li><span style=\"color: #000000;\">Tempo DataScout 10G \u00f6zellikleri, sekiz farkl\u0131 el cihaz\u0131n\u0131n yerine ge\u00e7erek maliyet avantaj\u0131 sa\u011flar.<\/span><\/li>\n<li><span style=\"color: #000000;\">Koruyucu kau\u00e7uk kaplamal\u0131 al\u00fcminyum kasa, zorlu saha ko\u015fullar\u0131na dayan\u0131kl\u0131d\u0131r.<\/span><\/li>\n<\/ul>\n<h2 class=\"wp-block-heading has-medium-font-size\"><span style=\"color: #000000;\"><strong>Kimler \u0130\u00e7in Uygun?<\/strong><\/span><\/h2>\n<ul>\n<li><span style=\"color: #000000;\">Telekom\u00fcnikasyon hizmet sa\u011flay\u0131c\u0131lar\u0131<\/span><\/li>\n<li><span style=\"color: #000000;\">Belediyeler ve kamu hizmetleri<\/span><\/li>\n<li><span style=\"color: #000000;\">E911 ileti\u015fim a\u011flar\u0131<\/span><\/li>\n<li><span style=\"color: #000000;\">Veri merkezleri ve end\u00fcstriyel kullan\u0131m<\/span><\/li>\n<\/ul>","protected":false},"excerpt":{"rendered":"<p><!--StartFragment --><\/p>\n<h3><strong><span style=\"color: #000000;\">DataScout 10G\u2122 \u2013 Testin \u00d6tesine Ge\u00e7en Ak\u0131ll\u0131 Tablet!<\/span><\/strong><\/h3>\n<p><span style=\"color: #000000;\">Bu cihaz, sekt\u00f6r\u00fcn tek <strong>10G Ethernet Test Cihaz\u0131<\/strong> ile donat\u0131lm\u0131\u015f, g\u00fc\u00e7l\u00fc bir Android tabanl\u0131 dayan\u0131kl\u0131 tablet platformudur. Teknisyenler, eski DS0-TIMS, 10G Ethernet ve aradaki t\u00fcm testleri ger\u00e7ekle\u015ftirmek i\u00e7in ayr\u0131 bir diz\u00fcst\u00fc bilgisayar veya tablet ta\u015f\u0131maya gerek kalmadan, yaln\u0131zca bu g\u00fc\u00e7l\u00fc cihaz\u0131 kullanabilirler. Kullan\u0131m\u0131 kolay, h\u0131zl\u0131 \u00f6\u011frenilebilir dokunmatik ekran aray\u00fcz\u00fc \u00fczerinden e\u011fitim videolar\u0131 ve kullan\u0131c\u0131 k\u0131lavuzlar\u0131na do\u011frudan eri\u015fim sa\u011flanabilir.<\/span><\/p>\n<p><!--EndFragment --><\/p>","protected":false},"featured_media":31696,"template":"","meta":{"_bst_post_transparent":"default","_bst_post_title":"","_bst_post_layout":"default","_bst_post_sidebar_id":"","_bst_post_content_style":"default","_bst_post_vertical_padding":"default","_bst_post_feature":"","_bst_post_feature_position":"","_bst_post_header":false,"_bst_post_footer":false},"product_brand":[2005],"product_cat":[1594,151],"product_tag":[],"product_brands":[],"class_list":{"0":"post-31691","1":"product","2":"type-product","3":"status-publish","4":"has-post-thumbnail","6":"product_brand-tempo","7":"product_cat-ethernet","8":"product_cat-kablo-olcum-ve-hata-tespiti","10":"first","11":"instock","12":"shipping-taxable","13":"product-type-simple","14":"entry","15":"content-bg","16":"loop-entry"},"aioseo_notices":[],"_links":{"self":[{"href":"https:\/\/enermak.com\/en\/wp-json\/wp\/v2\/product\/31691","targetHints":{"allow":["GET"]}}],"collection":[{"href":"https:\/\/enermak.com\/en\/wp-json\/wp\/v2\/product"}],"about":[{"href":"https:\/\/enermak.com\/en\/wp-json\/wp\/v2\/types\/product"}],"version-history":[{"count":0,"href":"https:\/\/enermak.com\/en\/wp-json\/wp\/v2\/product\/31691\/revisions"}],"wp:featuredmedia":[{"embeddable":true,"href":"https:\/\/enermak.com\/en\/wp-json\/wp\/v2\/media\/31696"}],"wp:attachment":[{"href":"https:\/\/enermak.com\/en\/wp-json\/wp\/v2\/media?parent=31691"}],"wp:term":[{"taxonomy":"product_brand","embeddable":true,"href":"https:\/\/enermak.com\/en\/wp-json\/wp\/v2\/product_brand?post=31691"},{"taxonomy":"product_cat","embeddable":true,"href":"https:\/\/enermak.com\/en\/wp-json\/wp\/v2\/product_cat?post=31691"},{"taxonomy":"product_tag","embeddable":true,"href":"https:\/\/enermak.com\/en\/wp-json\/wp\/v2\/product_tag?post=31691"},{"taxonomy":"product_brands","embeddable":true,"href":"https:\/\/enermak.com\/en\/wp-json\/wp\/v2\/product_brands?post=31691"}],"curies":[{"name":"wp","href":"https:\/\/api.w.org\/{rel}","templated":true}]}}