{"id":31453,"date":"2025-05-07T10:37:23","date_gmt":"2025-05-07T07:37:23","guid":{"rendered":"https:\/\/enermak.com\/?post_type=product&#038;p=31453"},"modified":"2026-02-18T15:29:42","modified_gmt":"2026-02-18T12:29:42","slug":"fiber-optik-guc-olcer","status":"publish","type":"product","link":"https:\/\/enermak.com\/en\/urunler\/fiber-optik-guc-olcer\/","title":{"rendered":"Fiber Optik G\u00fc\u00e7 \u00d6l\u00e7er"},"content":{"rendered":"<h2 class=\"wp-block-heading has-medium-font-size\"><strong>Fiber Optik G\u00fc\u00e7 \u00d6l\u00e7er\u00a0<\/strong><\/h2>\n<p>Fiber optik a\u011flar\u0131n\u0131z\u0131n <strong>g\u00fc\u00e7 seviyelerini<\/strong> do\u011fru ve g\u00fcvenilir \u015fekilde \u00f6l\u00e7mek i\u00e7in <strong>Fiber Optik G\u00fc\u00e7 \u00d6l\u00e7er<\/strong> kullanman\u0131z \u015fart! <strong>Tempo OPM510\/520 Micro Optical Power Meter<\/strong>, Telco ve MSO sekt\u00f6rleri i\u00e7in <strong>standart ve y\u00fcksek g\u00fc\u00e7l\u00fc<\/strong> versiyonlar\u0131yla profesyonel \u00e7\u00f6z\u00fcmler sunar.<\/p>\n<h2 class=\"wp-block-heading has-medium-font-size\"><strong>Neden Fiber Optik G\u00fc\u00e7 \u00d6l\u00e7er Kullanmal\u0131s\u0131n\u0131z?<\/strong><\/h2>\n<p>\u2705 <strong>Y\u00fcksek Hassasiyetli \u00d6l\u00e7\u00fcm Cihaz\u0131<\/strong>: Optik a\u011flar\u0131n performans\u0131n\u0131 maksimum do\u011frulukla test edin.<br \/>\n\u2705 <strong>Geni\u015f Dalga Boyu Aral\u0131\u011f\u0131<\/strong>: 850, 980, 1270, 1300, 1310, 1490, 1550, 1577, 1625, 1650nm dalga boylar\u0131n\u0131 destekler.<br \/>\n\u2705 <strong>Mutlak ve Ba\u011f\u0131l G\u00fc\u00e7 \u00d6l\u00e7\u00fcmleri<\/strong>: Sistem performans\u0131n\u0131 analiz etmek ve kay\u0131plar\u0131 tespit etmek i\u00e7in kullan\u0131l\u0131r.<br \/>\n\u2705 <strong>Dayan\u0131kl\u0131 Tasar\u0131m<\/strong>: <strong>IP54 uyumlulu\u011fu<\/strong> sayesinde zor ko\u015fullarda bile g\u00fcvenli kullan\u0131m.<br \/>\n\u2705 <strong>Ton ve Problama Fonksiyonu<\/strong>: 270Hz, 1kHz ve 2kHz frekanslar\u0131nda fiber hatlar\u0131n\u0131z\u0131 inceleyin.<br \/>\n\u2705 <strong>Esnek Ba\u011flant\u0131 Se\u00e7enekleri<\/strong>: SC, LC, FC ve ST de\u011fi\u015ftirilebilir bulkhead ba\u011flant\u0131lar\u0131 ile uyumluluk.<\/p>\n<p><strong>Fiber optik a\u011flar\u0131n\u0131zda en do\u011fru g\u00fc\u00e7 \u00f6l\u00e7\u00fcmlerini almak ve g\u00fcvenilir performans testi yapmak i\u00e7in y\u00fcksek hassasiyetli \u00f6l\u00e7\u00fcm cihaz\u0131 olan Fiber Optik G\u00fc\u00e7 \u00d6l\u00e7er \u2013 Micro Optical Power Meter modellerimizi ke\u015ffedin! T\u00fcm kablo test cihazlar\u0131n\u0131 inceleyin! <a href=\"https:\/\/enermak.com\/en\/urunler\/kategori\/kablo-olcum-ve-hata-tespiti\/\" target=\"_blank\" rel=\"noopener sponsored\">bkz<\/a><\/strong><\/p>\n<p><!--EndFragment --><\/p>","protected":false},"excerpt":{"rendered":"<p><!--StartFragment --><\/p>\n<p><strong><span style=\"color: #000000;\">Tempo Fiber Optik G\u00fc\u00e7 \u00d6l\u00e7er (OPM510\/520) ile Fiber Optik A\u011flar\u0131n\u0131z\u0131 Test Edin ve Bak\u0131m\u0131n\u0131 Yap\u0131n!<\/span><\/strong><\/p>\n<p><strong><span style=\"color: #000000;\">Fiber optik a\u011flar\u0131n\u0131z\u0131n do\u011fru g\u00fc\u00e7 seviyelerinde \u00e7al\u0131\u015ft\u0131\u011f\u0131ndan emin olun! OPM510 ve OPM520 optik g\u00fc\u00e7 \u00f6l\u00e7erler, Telco ve MSO pazarlar\u0131 i\u00e7in standart ve y\u00fcksek g\u00fc\u00e7l\u00fc versiyonlarda sunulmaktad\u0131r. 850, 980, 1270, 1300, 1310, 1490, 1550, 1577, 1623 ve 1650nm dalga boylar\u0131n\u0131 destekler ve tek modlu ve \u00e7ok modlu a\u011flar\u0131 test ederken g\u00fcven sa\u011flayan sa\u011flam bir tasar\u0131ma sahiptir.<\/span><\/strong><\/p>\n<p><strong><span style=\"color: #000000;\"><!--EndFragment --><\/span><\/strong><\/p>","protected":false},"featured_media":31455,"template":"","meta":{"_bst_post_transparent":"default","_bst_post_title":"","_bst_post_layout":"default","_bst_post_sidebar_id":"","_bst_post_content_style":"default","_bst_post_vertical_padding":"default","_bst_post_feature":"","_bst_post_feature_position":"","_bst_post_header":false,"_bst_post_footer":false},"product_brand":[2005],"product_cat":[1583,151],"product_tag":[],"product_brands":[],"class_list":{"0":"post-31453","1":"product","2":"type-product","3":"status-publish","4":"has-post-thumbnail","6":"product_brand-tempo","7":"product_cat-fiber","8":"product_cat-kablo-olcum-ve-hata-tespiti","10":"first","11":"instock","12":"shipping-taxable","13":"product-type-simple","14":"entry","15":"content-bg","16":"loop-entry"},"aioseo_notices":[],"aioseo_head":"\n\t\t<!-- All in One SEO Pro 4.9.6.2 - aioseo.com -->\n\t<meta name=\"description\" content=\"Fiber Optik G\u00fc\u00e7 \u00d6l\u00e7er ile hassas ve g\u00fcvenilir optik g\u00fc\u00e7 \u00f6l\u00e7\u00fcmleri yap\u0131n. Tek modlu ve \u00e7ok modlu fiber a\u011flar i\u00e7in uygundur. Y\u00fcksek do\u011fruluk ve dayan\u0131kl\u0131l\u0131k!\" \/>\n\t<meta name=\"robots\" content=\"max-image-preview:large\" \/>\n\t<meta name=\"yandex-verification\" content=\"yandex-verification: 61c39bc218eec6a9\" \/>\n\t<link rel=\"canonical\" href=\"https:\/\/enermak.com\/en\/urunler\/fiber-optik-guc-olcer\/\" \/>\n\t<meta name=\"generator\" content=\"All in One SEO Pro (AIOSEO) 4.9.6.2\" \/>\n\t\t<meta property=\"og:locale\" content=\"en_US\" \/>\n\t\t<meta property=\"og:site_name\" content=\"Enermak Enerji - Yeralt\u0131ndan Haberler\" \/>\n\t\t<meta property=\"og:type\" content=\"article\" \/>\n\t\t<meta property=\"og:title\" content=\"Fiber Optik G\u00fc\u00e7 \u00d6l\u00e7er - Enermak Enerji\" \/>\n\t\t<meta property=\"og:description\" content=\"Fiber Optik G\u00fc\u00e7 \u00d6l\u00e7er ile hassas ve g\u00fcvenilir optik g\u00fc\u00e7 \u00f6l\u00e7\u00fcmleri yap\u0131n. Tek modlu ve \u00e7ok modlu fiber a\u011flar i\u00e7in uygundur. Y\u00fcksek do\u011fruluk ve dayan\u0131kl\u0131l\u0131k!\" \/>\n\t\t<meta property=\"og:url\" content=\"https:\/\/enermak.com\/en\/urunler\/fiber-optik-guc-olcer\/\" \/>\n\t\t<meta property=\"og:image\" content=\"https:\/\/enermak.com\/wp-content\/uploads\/2022\/03\/logo-tr-1.png\" \/>\n\t\t<meta property=\"og:image:secure_url\" content=\"https:\/\/enermak.com\/wp-content\/uploads\/2022\/03\/logo-tr-1.png\" \/>\n\t\t<meta property=\"article:published_time\" content=\"2025-05-07T07:37:23+00:00\" \/>\n\t\t<meta property=\"article:modified_time\" content=\"2026-02-18T12:29:42+00:00\" \/>\n\t\t<meta property=\"article:publisher\" content=\"https:\/\/www.facebook.com\/YERALTINDANHABERLER\/\" \/>\n\t\t<meta name=\"twitter:card\" content=\"summary_large_image\" \/>\n\t\t<meta name=\"twitter:site\" content=\"@enerjienermak\" \/>\n\t\t<meta name=\"twitter:title\" content=\"Fiber Optik G\u00fc\u00e7 \u00d6l\u00e7er - Enermak Enerji\" \/>\n\t\t<meta name=\"twitter:description\" content=\"Fiber Optik G\u00fc\u00e7 \u00d6l\u00e7er ile hassas ve g\u00fcvenilir optik g\u00fc\u00e7 \u00f6l\u00e7\u00fcmleri yap\u0131n. Tek modlu ve \u00e7ok modlu fiber a\u011flar i\u00e7in uygundur. Y\u00fcksek do\u011fruluk ve dayan\u0131kl\u0131l\u0131k!\" \/>\n\t\t<meta name=\"twitter:image\" content=\"https:\/\/enermak.com\/wp-content\/uploads\/2022\/03\/logo-tr-1.png\" \/>\n\t\t<script type=\"application\/ld+json\" class=\"aioseo-schema\">\n\t\t\t{\"@context\":\"https:\\\/\\\/schema.org\",\"@graph\":[{\"@type\":\"BreadcrumbList\",\"@id\":\"https:\\\/\\\/enermak.com\\\/en\\\/urunler\\\/fiber-optik-guc-olcer\\\/#breadcrumblist\",\"itemListElement\":[{\"@type\":\"ListItem\",\"@id\":\"https:\\\/\\\/enermak.com\\\/en#listItem\",\"position\":1,\"name\":\"Home\",\"item\":\"https:\\\/\\\/enermak.com\\\/en\",\"nextItem\":{\"@type\":\"ListItem\",\"@id\":\"https:\\\/\\\/enermak.com\\\/en\\\/urunler\\\/#listItem\",\"name\":\"\\u00dcr\\u00fcnler\"}},{\"@type\":\"ListItem\",\"@id\":\"https:\\\/\\\/enermak.com\\\/en\\\/urunler\\\/#listItem\",\"position\":2,\"name\":\"\\u00dcr\\u00fcnler\",\"item\":\"https:\\\/\\\/enermak.com\\\/en\\\/urunler\\\/\",\"nextItem\":{\"@type\":\"ListItem\",\"@id\":\"https:\\\/\\\/enermak.com\\\/en\\\/brand\\\/tempo\\\/#listItem\",\"name\":\"TEMPO\"},\"previousItem\":{\"@type\":\"ListItem\",\"@id\":\"https:\\\/\\\/enermak.com\\\/en#listItem\",\"name\":\"Home\"}},{\"@type\":\"ListItem\",\"@id\":\"https:\\\/\\\/enermak.com\\\/en\\\/brand\\\/tempo\\\/#listItem\",\"position\":3,\"name\":\"TEMPO\",\"item\":\"https:\\\/\\\/enermak.com\\\/en\\\/brand\\\/tempo\\\/\",\"nextItem\":{\"@type\":\"ListItem\",\"@id\":\"https:\\\/\\\/enermak.com\\\/en\\\/urunler\\\/fiber-optik-guc-olcer\\\/#listItem\",\"name\":\"Fiber Optik G\\u00fc\\u00e7 \\u00d6l\\u00e7er\"},\"previousItem\":{\"@type\":\"ListItem\",\"@id\":\"https:\\\/\\\/enermak.com\\\/en\\\/urunler\\\/#listItem\",\"name\":\"\\u00dcr\\u00fcnler\"}},{\"@type\":\"ListItem\",\"@id\":\"https:\\\/\\\/enermak.com\\\/en\\\/urunler\\\/fiber-optik-guc-olcer\\\/#listItem\",\"position\":4,\"name\":\"Fiber Optik G\\u00fc\\u00e7 \\u00d6l\\u00e7er\",\"previousItem\":{\"@type\":\"ListItem\",\"@id\":\"https:\\\/\\\/enermak.com\\\/en\\\/brand\\\/tempo\\\/#listItem\",\"name\":\"TEMPO\"}}]},{\"@type\":\"ItemPage\",\"@id\":\"https:\\\/\\\/enermak.com\\\/en\\\/urunler\\\/fiber-optik-guc-olcer\\\/#itempage\",\"url\":\"https:\\\/\\\/enermak.com\\\/en\\\/urunler\\\/fiber-optik-guc-olcer\\\/\",\"name\":\"Fiber Optik G\\u00fc\\u00e7 \\u00d6l\\u00e7er - Enermak Enerji\",\"description\":\"Fiber Optik G\\u00fc\\u00e7 \\u00d6l\\u00e7er ile hassas ve g\\u00fcvenilir optik g\\u00fc\\u00e7 \\u00f6l\\u00e7\\u00fcmleri yap\\u0131n. Tek modlu ve \\u00e7ok modlu fiber a\\u011flar i\\u00e7in uygundur. Y\\u00fcksek do\\u011fruluk ve dayan\\u0131kl\\u0131l\\u0131k!\",\"inLanguage\":\"en-US\",\"isPartOf\":{\"@id\":\"https:\\\/\\\/enermak.com\\\/en\\\/#website\"},\"breadcrumb\":{\"@id\":\"https:\\\/\\\/enermak.com\\\/en\\\/urunler\\\/fiber-optik-guc-olcer\\\/#breadcrumblist\"},\"image\":{\"@type\":\"ImageObject\",\"url\":\"https:\\\/\\\/enermak.com\\\/wp-content\\\/uploads\\\/2025\\\/05\\\/Fiber-Optik-Guc-Olcer-OPM.jpg\",\"@id\":\"https:\\\/\\\/enermak.com\\\/en\\\/urunler\\\/fiber-optik-guc-olcer\\\/#mainImage\",\"width\":1080,\"height\":834,\"caption\":\"Fiber Optik G\\u00fc\\u00e7 \\u00d6l\\u00e7er OPM\"},\"primaryImageOfPage\":{\"@id\":\"https:\\\/\\\/enermak.com\\\/en\\\/urunler\\\/fiber-optik-guc-olcer\\\/#mainImage\"},\"datePublished\":\"2025-05-07T10:37:23+03:00\",\"dateModified\":\"2026-02-18T15:29:42+03:00\"},{\"@type\":\"Organization\",\"@id\":\"https:\\\/\\\/enermak.com\\\/en\\\/#organization\",\"name\":\"Enermak Enerji\",\"description\":\"Yeralt\\u0131ndan Haberler\",\"url\":\"https:\\\/\\\/enermak.com\\\/en\\\/\",\"telephone\":\"+903123851102\",\"logo\":{\"@type\":\"ImageObject\",\"url\":\"https:\\\/\\\/enermak.com\\\/wp-content\\\/uploads\\\/2022\\\/03\\\/logo-tr-1.png\",\"@id\":\"https:\\\/\\\/enermak.com\\\/en\\\/urunler\\\/fiber-optik-guc-olcer\\\/#organizationLogo\"},\"image\":{\"@id\":\"https:\\\/\\\/enermak.com\\\/en\\\/urunler\\\/fiber-optik-guc-olcer\\\/#organizationLogo\"},\"sameAs\":[\"https:\\\/\\\/www.facebook.com\\\/YERALTINDANHABERLER\\\/\",\"https:\\\/\\\/twitter.com\\\/enerjienermak\",\"https:\\\/\\\/www.instagram.com\\\/enermakenerji\\\/\",\"https:\\\/\\\/www.youtube.com\\\/c\\\/EnermakEnerji\",\"https:\\\/\\\/www.linkedin.com\\\/in\\\/enermak\"]},{\"@type\":\"WebPage\",\"@id\":\"https:\\\/\\\/enermak.com\\\/en\\\/urunler\\\/fiber-optik-guc-olcer\\\/#webpage\",\"url\":\"https:\\\/\\\/enermak.com\\\/en\\\/urunler\\\/fiber-optik-guc-olcer\\\/\",\"name\":\"Fiber Optik G\\u00fc\\u00e7 \\u00d6l\\u00e7er - Enermak Enerji\",\"description\":\"Fiber Optik G\\u00fc\\u00e7 \\u00d6l\\u00e7er ile hassas ve g\\u00fcvenilir optik g\\u00fc\\u00e7 \\u00f6l\\u00e7\\u00fcmleri yap\\u0131n. Tek modlu ve \\u00e7ok modlu fiber a\\u011flar i\\u00e7in uygundur. Y\\u00fcksek do\\u011fruluk ve dayan\\u0131kl\\u0131l\\u0131k!\",\"inLanguage\":\"en-US\",\"isPartOf\":{\"@id\":\"https:\\\/\\\/enermak.com\\\/en\\\/#website\"},\"breadcrumb\":{\"@id\":\"https:\\\/\\\/enermak.com\\\/en\\\/urunler\\\/fiber-optik-guc-olcer\\\/#breadcrumblist\"},\"image\":{\"@type\":\"ImageObject\",\"url\":\"https:\\\/\\\/enermak.com\\\/wp-content\\\/uploads\\\/2025\\\/05\\\/Fiber-Optik-Guc-Olcer-OPM.jpg\",\"@id\":\"https:\\\/\\\/enermak.com\\\/en\\\/urunler\\\/fiber-optik-guc-olcer\\\/#mainImage\",\"width\":1080,\"height\":834,\"caption\":\"Fiber Optik G\\u00fc\\u00e7 \\u00d6l\\u00e7er OPM\"},\"primaryImageOfPage\":{\"@id\":\"https:\\\/\\\/enermak.com\\\/en\\\/urunler\\\/fiber-optik-guc-olcer\\\/#mainImage\"},\"datePublished\":\"2025-05-07T10:37:23+03:00\",\"dateModified\":\"2026-02-18T15:29:42+03:00\"},{\"@type\":\"WebSite\",\"@id\":\"https:\\\/\\\/enermak.com\\\/en\\\/#website\",\"url\":\"https:\\\/\\\/enermak.com\\\/en\\\/\",\"name\":\"Enermak Enerji\",\"alternateName\":\"Yeralt\\u0131ndan Haberler\",\"description\":\"Yeralt\\u0131ndan Haberler\",\"inLanguage\":\"en-US\",\"publisher\":{\"@id\":\"https:\\\/\\\/enermak.com\\\/en\\\/#organization\"}}]}\n\t\t<\/script>\n\t\t<!-- All in One SEO Pro -->\r\n\t\t<title>Fiber Optik G\u00fc\u00e7 \u00d6l\u00e7er - Enermak Enerji<\/title>\n\n","aioseo_head_json":{"title":"Fiber Optik G\u00fc\u00e7 \u00d6l\u00e7er - Enermak Enerji","description":"Fiber Optik G\u00fc\u00e7 \u00d6l\u00e7er ile hassas ve g\u00fcvenilir optik g\u00fc\u00e7 \u00f6l\u00e7\u00fcmleri yap\u0131n. Tek modlu ve \u00e7ok modlu fiber a\u011flar i\u00e7in uygundur. Y\u00fcksek do\u011fruluk ve dayan\u0131kl\u0131l\u0131k!","canonical_url":"https:\/\/enermak.com\/en\/urunler\/fiber-optik-guc-olcer\/","robots":"max-image-preview:large","keywords":"","webmasterTools":{"yandex-verification":"yandex-verification: 61c39bc218eec6a9","miscellaneous":""},"schema":{"@context":"https:\/\/schema.org","@graph":[{"@type":"BreadcrumbList","@id":"https:\/\/enermak.com\/en\/urunler\/fiber-optik-guc-olcer\/#breadcrumblist","itemListElement":[{"@type":"ListItem","@id":"https:\/\/enermak.com\/en#listItem","position":1,"name":"Home","item":"https:\/\/enermak.com\/en","nextItem":{"@type":"ListItem","@id":"https:\/\/enermak.com\/en\/urunler\/#listItem","name":"\u00dcr\u00fcnler"}},{"@type":"ListItem","@id":"https:\/\/enermak.com\/en\/urunler\/#listItem","position":2,"name":"\u00dcr\u00fcnler","item":"https:\/\/enermak.com\/en\/urunler\/","nextItem":{"@type":"ListItem","@id":"https:\/\/enermak.com\/en\/brand\/tempo\/#listItem","name":"TEMPO"},"previousItem":{"@type":"ListItem","@id":"https:\/\/enermak.com\/en#listItem","name":"Home"}},{"@type":"ListItem","@id":"https:\/\/enermak.com\/en\/brand\/tempo\/#listItem","position":3,"name":"TEMPO","item":"https:\/\/enermak.com\/en\/brand\/tempo\/","nextItem":{"@type":"ListItem","@id":"https:\/\/enermak.com\/en\/urunler\/fiber-optik-guc-olcer\/#listItem","name":"Fiber Optik G\u00fc\u00e7 \u00d6l\u00e7er"},"previousItem":{"@type":"ListItem","@id":"https:\/\/enermak.com\/en\/urunler\/#listItem","name":"\u00dcr\u00fcnler"}},{"@type":"ListItem","@id":"https:\/\/enermak.com\/en\/urunler\/fiber-optik-guc-olcer\/#listItem","position":4,"name":"Fiber Optik G\u00fc\u00e7 \u00d6l\u00e7er","previousItem":{"@type":"ListItem","@id":"https:\/\/enermak.com\/en\/brand\/tempo\/#listItem","name":"TEMPO"}}]},{"@type":"ItemPage","@id":"https:\/\/enermak.com\/en\/urunler\/fiber-optik-guc-olcer\/#itempage","url":"https:\/\/enermak.com\/en\/urunler\/fiber-optik-guc-olcer\/","name":"Fiber Optik G\u00fc\u00e7 \u00d6l\u00e7er - Enermak Enerji","description":"Fiber Optik G\u00fc\u00e7 \u00d6l\u00e7er ile hassas ve g\u00fcvenilir optik g\u00fc\u00e7 \u00f6l\u00e7\u00fcmleri yap\u0131n. Tek modlu ve \u00e7ok modlu fiber a\u011flar i\u00e7in uygundur. Y\u00fcksek do\u011fruluk ve dayan\u0131kl\u0131l\u0131k!","inLanguage":"en-US","isPartOf":{"@id":"https:\/\/enermak.com\/en\/#website"},"breadcrumb":{"@id":"https:\/\/enermak.com\/en\/urunler\/fiber-optik-guc-olcer\/#breadcrumblist"},"image":{"@type":"ImageObject","url":"https:\/\/enermak.com\/wp-content\/uploads\/2025\/05\/Fiber-Optik-Guc-Olcer-OPM.jpg","@id":"https:\/\/enermak.com\/en\/urunler\/fiber-optik-guc-olcer\/#mainImage","width":1080,"height":834,"caption":"Fiber Optik G\u00fc\u00e7 \u00d6l\u00e7er OPM"},"primaryImageOfPage":{"@id":"https:\/\/enermak.com\/en\/urunler\/fiber-optik-guc-olcer\/#mainImage"},"datePublished":"2025-05-07T10:37:23+03:00","dateModified":"2026-02-18T15:29:42+03:00"},{"@type":"Organization","@id":"https:\/\/enermak.com\/en\/#organization","name":"Enermak Enerji","description":"Yeralt\u0131ndan Haberler","url":"https:\/\/enermak.com\/en\/","telephone":"+903123851102","logo":{"@type":"ImageObject","url":"https:\/\/enermak.com\/wp-content\/uploads\/2022\/03\/logo-tr-1.png","@id":"https:\/\/enermak.com\/en\/urunler\/fiber-optik-guc-olcer\/#organizationLogo"},"image":{"@id":"https:\/\/enermak.com\/en\/urunler\/fiber-optik-guc-olcer\/#organizationLogo"},"sameAs":["https:\/\/www.facebook.com\/YERALTINDANHABERLER\/","https:\/\/twitter.com\/enerjienermak","https:\/\/www.instagram.com\/enermakenerji\/","https:\/\/www.youtube.com\/c\/EnermakEnerji","https:\/\/www.linkedin.com\/in\/enermak"]},{"@type":"WebPage","@id":"https:\/\/enermak.com\/en\/urunler\/fiber-optik-guc-olcer\/#webpage","url":"https:\/\/enermak.com\/en\/urunler\/fiber-optik-guc-olcer\/","name":"Fiber Optik G\u00fc\u00e7 \u00d6l\u00e7er - Enermak Enerji","description":"Fiber Optik G\u00fc\u00e7 \u00d6l\u00e7er ile hassas ve g\u00fcvenilir optik g\u00fc\u00e7 \u00f6l\u00e7\u00fcmleri yap\u0131n. Tek modlu ve \u00e7ok modlu fiber a\u011flar i\u00e7in uygundur. Y\u00fcksek do\u011fruluk ve dayan\u0131kl\u0131l\u0131k!","inLanguage":"en-US","isPartOf":{"@id":"https:\/\/enermak.com\/en\/#website"},"breadcrumb":{"@id":"https:\/\/enermak.com\/en\/urunler\/fiber-optik-guc-olcer\/#breadcrumblist"},"image":{"@type":"ImageObject","url":"https:\/\/enermak.com\/wp-content\/uploads\/2025\/05\/Fiber-Optik-Guc-Olcer-OPM.jpg","@id":"https:\/\/enermak.com\/en\/urunler\/fiber-optik-guc-olcer\/#mainImage","width":1080,"height":834,"caption":"Fiber Optik G\u00fc\u00e7 \u00d6l\u00e7er OPM"},"primaryImageOfPage":{"@id":"https:\/\/enermak.com\/en\/urunler\/fiber-optik-guc-olcer\/#mainImage"},"datePublished":"2025-05-07T10:37:23+03:00","dateModified":"2026-02-18T15:29:42+03:00"},{"@type":"WebSite","@id":"https:\/\/enermak.com\/en\/#website","url":"https:\/\/enermak.com\/en\/","name":"Enermak Enerji","alternateName":"Yeralt\u0131ndan Haberler","description":"Yeralt\u0131ndan Haberler","inLanguage":"en-US","publisher":{"@id":"https:\/\/enermak.com\/en\/#organization"}}]},"og:locale":"en_US","og:site_name":"Enermak Enerji - Yeralt\u0131ndan Haberler","og:type":"article","og:title":"Fiber Optik G\u00fc\u00e7 \u00d6l\u00e7er - Enermak Enerji","og:description":"Fiber Optik G\u00fc\u00e7 \u00d6l\u00e7er ile hassas ve g\u00fcvenilir optik g\u00fc\u00e7 \u00f6l\u00e7\u00fcmleri yap\u0131n. Tek modlu ve \u00e7ok modlu fiber a\u011flar i\u00e7in uygundur. Y\u00fcksek do\u011fruluk ve dayan\u0131kl\u0131l\u0131k!","og:url":"https:\/\/enermak.com\/en\/urunler\/fiber-optik-guc-olcer\/","og:image":"https:\/\/enermak.com\/wp-content\/uploads\/2022\/03\/logo-tr-1.png","og:image:secure_url":"https:\/\/enermak.com\/wp-content\/uploads\/2022\/03\/logo-tr-1.png","article:published_time":"2025-05-07T07:37:23+00:00","article:modified_time":"2026-02-18T12:29:42+00:00","article:publisher":"https:\/\/www.facebook.com\/YERALTINDANHABERLER\/","twitter:card":"summary_large_image","twitter:site":"@enerjienermak","twitter:title":"Fiber Optik G\u00fc\u00e7 \u00d6l\u00e7er - Enermak Enerji","twitter:description":"Fiber Optik G\u00fc\u00e7 \u00d6l\u00e7er ile hassas ve g\u00fcvenilir optik g\u00fc\u00e7 \u00f6l\u00e7\u00fcmleri yap\u0131n. Tek modlu ve \u00e7ok modlu fiber a\u011flar i\u00e7in uygundur. Y\u00fcksek do\u011fruluk ve dayan\u0131kl\u0131l\u0131k!","twitter:image":"https:\/\/enermak.com\/wp-content\/uploads\/2022\/03\/logo-tr-1.png"},"aioseo_meta_data":{"post_id":"31453","title":null,"description":"Fiber Optik G\u00fc\u00e7 \u00d6l\u00e7er ile hassas ve g\u00fcvenilir optik g\u00fc\u00e7 \u00f6l\u00e7\u00fcmleri yap\u0131n. Tek modlu ve \u00e7ok modlu fiber a\u011flar i\u00e7in uygundur. Y\u00fcksek do\u011fruluk ve dayan\u0131kl\u0131l\u0131k!","keywords":null,"keyphrases":{"focus":{"keyphrase":"Fiber Optik G\u00fc\u00e7 \u00d6l\u00e7er","score":75,"analysis":{"keyphraseInTitle":{"score":9,"maxScore":9,"error":0},"keyphraseInDescription":{"score":9,"maxScore":9,"error":0},"keyphraseLength":{"score":6,"maxScore":9,"error":1,"length":5},"keyphraseInURL":{"score":5,"maxScore":5,"error":0},"keyphraseInIntroduction":{"score":3,"maxScore":9,"error":1},"keyphraseInSubHeadings":{"score":3,"maxScore":9,"error":1},"keyphraseInImageAlt":[],"keywordDensity":{"type":"best","score":9,"maxScore":9,"error":0}}},"additional":[{"keyphrase":"Micro Optical Power Meter","score":67,"analysis":{"keyphraseInDescription":{"score":3,"maxScore":9,"error":1},"keyphraseLength":{"score":9,"maxScore":9,"error":0,"length":4},"keyphraseInIntroduction":{"score":3,"maxScore":9,"error":1},"keyphraseInImageAlt":[],"keywordDensity":{"type":"best","score":9,"maxScore":9,"error":0}}},{"keyphrase":"Y\u00fcksek Hassasiyetli \u00d6l\u00e7\u00fcm Cihaz\u0131","score":58,"analysis":{"keyphraseInDescription":{"score":3,"maxScore":9,"error":1},"keyphraseLength":{"score":6,"maxScore":9,"error":1,"length":6},"keyphraseInIntroduction":{"score":3,"maxScore":9,"error":1},"keyphraseInImageAlt":[],"keywordDensity":{"type":"best","score":9,"maxScore":9,"error":0}}}]},"primary_term":null,"canonical_url":null,"og_title":null,"og_description":null,"og_object_type":"default","og_image_type":"default","og_image_url":null,"og_image_width":null,"og_image_height":null,"og_image_custom_url":null,"og_image_custom_fields":null,"og_video":"","og_custom_url":null,"og_article_section":null,"og_article_tags":null,"twitter_use_og":false,"twitter_card":"default","twitter_image_type":"default","twitter_image_url":null,"twitter_image_custom_url":null,"twitter_image_custom_fields":null,"twitter_title":null,"twitter_description":null,"schema":{"blockGraphs":[],"customGraphs":[],"default":{"data":{"Article":[],"Course":[],"Dataset":[],"FAQPage":[],"Movie":[],"Person":[],"Product":[],"ProductReview":[],"Car":[],"Recipe":[],"Service":[],"SoftwareApplication":[],"WebPage":[]},"graphName":"ItemPage","isEnabled":true},"graphs":[]},"schema_type":"default","schema_type_options":null,"pillar_content":false,"robots_default":true,"robots_noindex":false,"robots_noarchive":false,"robots_nosnippet":false,"robots_nofollow":false,"robots_noimageindex":false,"robots_noodp":false,"robots_notranslate":false,"robots_max_snippet":"-1","robots_max_videopreview":"-1","robots_max_imagepreview":"large","priority":null,"frequency":"default","local_seo":null,"seo_analyzer_scan_date":"2026-02-18 12:34:26","breadcrumb_settings":null,"limit_modified_date":false,"reviewed_by":null,"open_ai":"{\"title\":{\"suggestions\":[],\"usage\":0},\"description\":{\"suggestions\":[],\"usage\":0}}","ai":{"faqs":[],"keyPoints":[],"titles":[],"descriptions":[],"socialPosts":{"email":[],"linkedin":[],"twitter":[],"facebook":[],"instagram":[]}},"created":"2025-05-07 07:20:17","updated":"2026-02-18 12:42:52"},"aioseo_breadcrumb":"<div class=\"aioseo-breadcrumbs\"><span class=\"aioseo-breadcrumb\">\n\t<a href=\"https:\/\/enermak.com\/en\" title=\"Home\">Home<\/a>\n<\/span><span class=\"aioseo-breadcrumb-separator\">\u00bb<\/span><span class=\"aioseo-breadcrumb\">\n\t<a href=\"https:\/\/enermak.com\/en\/urunler\/\" title=\"\u00dcr\u00fcnler\">\u00dcr\u00fcnler<\/a>\n<\/span><span class=\"aioseo-breadcrumb-separator\">\u00bb<\/span><span class=\"aioseo-breadcrumb\">\n\t<a href=\"https:\/\/enermak.com\/en\/brand\/tempo\/\" title=\"TEMPO\">TEMPO<\/a>\n<\/span><span class=\"aioseo-breadcrumb-separator\">\u00bb<\/span><span class=\"aioseo-breadcrumb\">\n\tFiber Optik G\u00fc\u00e7 \u00d6l\u00e7er\n<\/span><\/div>","aioseo_breadcrumb_json":[{"label":"Home","link":"https:\/\/enermak.com\/en"},{"label":"\u00dcr\u00fcnler","link":"https:\/\/enermak.com\/en\/urunler\/"},{"label":"TEMPO","link":"https:\/\/enermak.com\/en\/brand\/tempo\/"},{"label":"Fiber Optik G\u00fc\u00e7 \u00d6l\u00e7er","link":"https:\/\/enermak.com\/en\/urunler\/fiber-optik-guc-olcer\/"}],"_links":{"self":[{"href":"https:\/\/enermak.com\/en\/wp-json\/wp\/v2\/product\/31453","targetHints":{"allow":["GET"]}}],"collection":[{"href":"https:\/\/enermak.com\/en\/wp-json\/wp\/v2\/product"}],"about":[{"href":"https:\/\/enermak.com\/en\/wp-json\/wp\/v2\/types\/product"}],"version-history":[{"count":0,"href":"https:\/\/enermak.com\/en\/wp-json\/wp\/v2\/product\/31453\/revisions"}],"wp:featuredmedia":[{"embeddable":true,"href":"https:\/\/enermak.com\/en\/wp-json\/wp\/v2\/media\/31455"}],"wp:attachment":[{"href":"https:\/\/enermak.com\/en\/wp-json\/wp\/v2\/media?parent=31453"}],"wp:term":[{"taxonomy":"product_brand","embeddable":true,"href":"https:\/\/enermak.com\/en\/wp-json\/wp\/v2\/product_brand?post=31453"},{"taxonomy":"product_cat","embeddable":true,"href":"https:\/\/enermak.com\/en\/wp-json\/wp\/v2\/product_cat?post=31453"},{"taxonomy":"product_tag","embeddable":true,"href":"https:\/\/enermak.com\/en\/wp-json\/wp\/v2\/product_tag?post=31453"},{"taxonomy":"product_brands","embeddable":true,"href":"https:\/\/enermak.com\/en\/wp-json\/wp\/v2\/product_brands?post=31453"}],"curies":[{"name":"wp","href":"https:\/\/api.w.org\/{rel}","templated":true}]}}