{"id":29401,"date":"2024-10-08T11:22:03","date_gmt":"2024-10-08T08:22:03","guid":{"rendered":"https:\/\/enermak.com\/?post_type=product&#038;p=29401"},"modified":"2026-02-18T12:30:42","modified_gmt":"2026-02-18T09:30:42","slug":"microgator-air-kanal-temizleme-robotu","status":"publish","type":"product","link":"https:\/\/enermak.com\/en\/urunler\/microgator-air-kanal-temizleme-robotu\/","title":{"rendered":"MicroGator Air | Kanal temizleme robotu"},"content":{"rendered":"<h2 class=\"wp-block-heading has-medium-font-size\"><span style=\"color: #000000;\">Kanal temizleme robotu<\/span><\/h2>\r\n<!-- \/wp:post-content -->\r\n\r\n<!-- wp:paragraph -->\r\n<p><span style=\"color: #000000;\"><strong>IBAK MicroGator AIR: Yeni Nesil Kanal Temizleme Robotu ile Kanalizasyon Hatlar\u0131nda G\u00fc\u00e7 ve Hassasiyet!<\/strong> \ud83c\udf1f<\/span><\/p>\r\n<!-- \/wp:paragraph -->\r\n\r\n<!-- wp:paragraph -->\r\n<p><span style=\"color: #000000;\">Kanalizasyon hatlar\u0131ndaki t\u0131kan\u0131kl\u0131k ve bak\u0131m sorunlar\u0131 i\u00e7in \u00f6zel olarak geli\u015ftirilen <strong>IBAK MicroGator AIR<\/strong>, kanal temizleme robotu teknolojisinde bir devrim niteli\u011findedir. Hafif ve kompakt tasar\u0131m\u0131yla dar alanlarda bile m\u00fckemmel manevra kabiliyeti sunarken, g\u00fc\u00e7l\u00fc kesme ve temizleme sistemiyle t\u0131kan\u0131kl\u0131klar\u0131 h\u0131zl\u0131ca giderir. \ud83d\ude80<\/span><\/p>\r\n<!-- \/wp:paragraph -->\r\n\r\n<!-- wp:heading {\"level\":3} -->\r\n<h3 class=\"wp-block-heading\"><span style=\"color: #000000;\"><strong>\u00d6ne \u00c7\u0131kan \u00d6zellikler:<\/strong><\/span><\/h3>\r\n<!-- \/wp:heading -->\r\n\r\n<!-- wp:paragraph -->\r\n<p><span style=\"color: #000000;\"><strong>\u25aaKompakt ve Hafif Kanal Temizleme Robotu:<\/strong> Zor ula\u015f\u0131lan b\u00f6lgelerde bile y\u00fcksek performans.<\/span><\/p>\r\n<!-- \/wp:paragraph -->\r\n\r\n<!-- wp:paragraph -->\r\n<p><span style=\"color: #000000;\"><strong>\u25aaY\u00fcksek \u00c7\u00f6z\u00fcn\u00fcrl\u00fckl\u00fc G\u00f6r\u00fcnt\u00fcleme:<\/strong> Kanalizasyon hatt\u0131ndaki t\u0131kan\u0131kl\u0131klar\u0131 an\u0131nda tespit edin.<\/span><\/p>\r\n<!-- \/wp:paragraph -->\r\n\r\n<!-- wp:paragraph -->\r\n<p><span style=\"color: #000000;\"><strong>\u25aaG\u00fc\u00e7l\u00fc Kesme ve Temizleme Mekanizmas\u0131:<\/strong> En zorlu kal\u0131nt\u0131lar\u0131 bile k\u0131sa s\u00fcrede temizler.<\/span><\/p>\r\n<!-- \/wp:paragraph -->\r\n\r\n<!-- wp:paragraph -->\r\n<p><span style=\"color: #000000;\"><strong>\u25aaKolay Kurulum ve Kullan\u0131m:<\/strong> Zaman ve i\u015f g\u00fcc\u00fcnden tasarruf sa\u011flayarak verimlili\u011fi art\u0131r\u0131r.<\/span><\/p>\r\n<!-- \/wp:paragraph -->\r\n\r\n<!-- wp:paragraph -->\r\n<p><span style=\"color: #000000;\"><strong>\u25aaIBAK MicroGator AIR kanal temizleme robotu<\/strong>, altyap\u0131 y\u00f6netiminde profesyonellere zaman kazand\u0131r\u0131rken g\u00fcvenilir ve kal\u0131c\u0131 \u00e7\u00f6z\u00fcmler sunar. Bu ileri teknoloji \u00fcr\u00fcn\u00fc robot ile kanalizasyon hatlar\u0131n\u0131z\u0131 kolayca temizleyin ve bak\u0131m s\u00fcre\u00e7lerini h\u0131zland\u0131r\u0131n!<\/span><\/p>\r\n<!-- \/wp:paragraph -->\r\n\r\n<!-- wp:separator --><hr class=\"wp-block-separator has-alpha-channel-opacity\" \/><!-- \/wp:separator -->\r\n\r\n<!-- wp:heading {\"level\":3} -->\r\n<h2 class=\"wp-block-heading has-medium-font-size\"><strong><span style=\"color: #000000;\">MicroGator Air \u00d6zellikleri<\/span><\/strong><\/h2>\r\n<!-- \/wp:heading -->\r\n\r\n<!-- wp:paragraph -->\r\n<p><span style=\"color: #000000;\"><strong>\u25aa <\/strong>Kesme Motoru<\/span><\/p>\r\n<!-- \/wp:paragraph -->\r\n\r\n<!-- wp:paragraph -->\r\n<p><span style=\"color: #000000;\"><strong>\u25aa <\/strong>Temizleme i\u015flevine sahip CutterCam<\/span><\/p>\r\n<!-- \/wp:paragraph -->\r\n\r\n<!-- wp:paragraph -->\r\n<p><span style=\"color: #000000;\"><strong>\u25aa <\/strong>4 y\u00f6nl\u00fc eksen<\/span><\/p>\r\n<!-- \/wp:paragraph -->\r\n\r\n<!-- wp:paragraph -->\r\n<p><span style=\"color: #000000;\"><strong>\u25aa <\/strong>Trakt\u00f6r uzant\u0131s\u0131 DN600&#8217;e kadar<\/span><\/p>\r\n<!-- \/wp:paragraph -->\r\n\r\n<!-- wp:paragraph -->\r\n<p><span style=\"color: #000000;\"><strong>\u25aa <\/strong>Trakt\u00f6r uzant\u0131s\u0131 DN800&#8217;e kadar<\/span><\/p>\r\n<!-- \/wp:paragraph -->\r\n\r\n<!-- wp:image {\"id\":29402,\"align\":\"left\"} \/-->","protected":false},"excerpt":{"rendered":"<h3><!--StartFragment --><\/h3>\n<h3><span style=\"color: #000000;\">IBAK MicroGator AIR: Kanalizasyon Hatlar\u0131nda G\u00fc\u00e7, Hassasiyet ve Yenilik\u00e7i Teknoloji!<\/span><\/h3>\n<p><span style=\"color: #000000;\">Kanalizasyon hatlar\u0131ndaki t\u0131kan\u0131kl\u0131k ve bak\u0131m sorunlar\u0131na kesin \u00e7\u00f6z\u00fcm sunan <strong>IBAK MicroGator AIR<\/strong>, kanal temizleme robotlar\u0131 alan\u0131nda \u00e7\u0131\u011f\u0131r a\u00e7an bir teknolojiyle geliyor!<\/span><\/p>\n<ul>\n<li><span style=\"color: #000000;\"><strong>Ultra Hafif ve Kompakt Tasar\u0131m:<\/strong> Dar alanlarda y\u00fcksek manevra kabiliyetiyle kesintisiz operasyon sa\u011flar.<\/span><\/li>\n<li><span style=\"color: #000000;\"><strong>Geli\u015fmi\u015f Kesme ve Temizleme Sistemi:<\/strong> G\u00fc\u00e7l\u00fc mekanizmas\u0131 sayesinde sert t\u0131kan\u0131kl\u0131klar\u0131 h\u0131zl\u0131 ve etkili bir \u015fekilde giderir.<\/span><\/li>\n<li><span style=\"color: #000000;\"><strong>Hassas ve G\u00fcvenilir Performans:<\/strong> Kanal altyap\u0131lar\u0131nda y\u00fcksek hassasiyetle \u00e7al\u0131\u015farak hasar\u0131 en aza indirir.<\/span><\/li>\n<li><span style=\"color: #000000;\"><strong>En Son Robotik Teknolojisi:<\/strong> Ak\u0131ll\u0131 kontrol mekanizmas\u0131yla i\u015f s\u00fcre\u00e7lerinizi h\u0131zland\u0131r\u0131r ve verimlili\u011fi art\u0131r\u0131r.<\/span><\/li>\n<\/ul>\n<p><span style=\"color: #000000;\"><strong>IBAK MicroGator AIR ile kanalizasyon hatlar\u0131nda maksimum verimlilik ve minimum maliyet!<\/strong><\/span><!--EndFragment --><\/p>","protected":false},"featured_media":29407,"template":"","meta":{"_bst_post_transparent":"default","_bst_post_title":"","_bst_post_layout":"default","_bst_post_sidebar_id":"","_bst_post_content_style":"default","_bst_post_vertical_padding":"default","_bst_post_feature":"","_bst_post_feature_position":"","_bst_post_header":false,"_bst_post_footer":false},"product_brand":[2001],"product_cat":[148,157,150],"product_tag":[],"product_brands":[],"class_list":{"0":"post-29401","1":"product","2":"type-product","3":"status-publish","4":"has-post-thumbnail","6":"product_brand-ibak","7":"product_cat-kanal-acma-ve-temizleme","8":"product_cat-kanal-goruntuleme","9":"product_cat-kanal-freze-ve-rehabilitasyon","11":"first","12":"instock","13":"shipping-taxable","14":"product-type-simple","15":"entry","16":"content-bg","17":"loop-entry"},"aioseo_notices":[],"aioseo_head":"\n\t\t<!-- All in One SEO Pro 4.9.6.2 - aioseo.com -->\n\t<meta name=\"description\" content=\"IBAK MicroGator AIR, kanal temizleme robotu olarak g\u00fc\u00e7l\u00fc, hafif ve y\u00fcksek \u00e7\u00f6z\u00fcn\u00fcrl\u00fckl\u00fc g\u00f6r\u00fcnt\u00fcleme ile kanalizasyon hatlar\u0131n\u0131z\u0131 temizlemenizi sa\u011flar.\" \/>\n\t<meta name=\"robots\" content=\"max-image-preview:large\" \/>\n\t<meta name=\"yandex-verification\" content=\"yandex-verification: 61c39bc218eec6a9\" \/>\n\t<link rel=\"canonical\" href=\"https:\/\/enermak.com\/en\/urunler\/microgator-air-kanal-temizleme-robotu\/\" \/>\n\t<meta name=\"generator\" content=\"All in One SEO Pro (AIOSEO) 4.9.6.2\" \/>\n\t\t<meta property=\"og:locale\" content=\"en_US\" \/>\n\t\t<meta property=\"og:site_name\" content=\"Enermak Enerji - Yeralt\u0131ndan Haberler\" \/>\n\t\t<meta property=\"og:type\" content=\"article\" \/>\n\t\t<meta property=\"og:title\" content=\"MicroGator Air | Kanal temizleme robotu - Enermak Enerji\" \/>\n\t\t<meta property=\"og:description\" content=\"IBAK MicroGator AIR, kanal temizleme robotu olarak g\u00fc\u00e7l\u00fc, hafif ve y\u00fcksek \u00e7\u00f6z\u00fcn\u00fcrl\u00fckl\u00fc g\u00f6r\u00fcnt\u00fcleme ile kanalizasyon hatlar\u0131n\u0131z\u0131 temizlemenizi sa\u011flar.\" \/>\n\t\t<meta property=\"og:url\" content=\"https:\/\/enermak.com\/en\/urunler\/microgator-air-kanal-temizleme-robotu\/\" \/>\n\t\t<meta property=\"og:image\" content=\"https:\/\/enermak.com\/wp-content\/uploads\/2022\/03\/logo-tr-1.png\" \/>\n\t\t<meta property=\"og:image:secure_url\" content=\"https:\/\/enermak.com\/wp-content\/uploads\/2022\/03\/logo-tr-1.png\" \/>\n\t\t<meta property=\"article:published_time\" content=\"2024-10-08T08:22:03+00:00\" \/>\n\t\t<meta property=\"article:modified_time\" content=\"2026-02-18T09:30:42+00:00\" \/>\n\t\t<meta property=\"article:publisher\" content=\"https:\/\/www.facebook.com\/YERALTINDANHABERLER\/\" \/>\n\t\t<meta name=\"twitter:card\" content=\"summary_large_image\" \/>\n\t\t<meta name=\"twitter:site\" content=\"@enerjienermak\" \/>\n\t\t<meta name=\"twitter:title\" content=\"MicroGator Air | Kanal temizleme robotu - Enermak Enerji\" \/>\n\t\t<meta name=\"twitter:description\" content=\"IBAK MicroGator AIR, kanal temizleme robotu olarak g\u00fc\u00e7l\u00fc, hafif ve y\u00fcksek \u00e7\u00f6z\u00fcn\u00fcrl\u00fckl\u00fc g\u00f6r\u00fcnt\u00fcleme ile kanalizasyon hatlar\u0131n\u0131z\u0131 temizlemenizi sa\u011flar.\" \/>\n\t\t<meta name=\"twitter:image\" content=\"https:\/\/enermak.com\/wp-content\/uploads\/2022\/03\/logo-tr-1.png\" \/>\n\t\t<script type=\"application\/ld+json\" class=\"aioseo-schema\">\n\t\t\t{\"@context\":\"https:\\\/\\\/schema.org\",\"@graph\":[{\"@type\":\"BreadcrumbList\",\"@id\":\"https:\\\/\\\/enermak.com\\\/en\\\/urunler\\\/microgator-air-kanal-temizleme-robotu\\\/#breadcrumblist\",\"itemListElement\":[{\"@type\":\"ListItem\",\"@id\":\"https:\\\/\\\/enermak.com\\\/en#listItem\",\"position\":1,\"name\":\"Home\",\"item\":\"https:\\\/\\\/enermak.com\\\/en\",\"nextItem\":{\"@type\":\"ListItem\",\"@id\":\"https:\\\/\\\/enermak.com\\\/en\\\/urunler\\\/#listItem\",\"name\":\"\\u00dcr\\u00fcnler\"}},{\"@type\":\"ListItem\",\"@id\":\"https:\\\/\\\/enermak.com\\\/en\\\/urunler\\\/#listItem\",\"position\":2,\"name\":\"\\u00dcr\\u00fcnler\",\"item\":\"https:\\\/\\\/enermak.com\\\/en\\\/urunler\\\/\",\"nextItem\":{\"@type\":\"ListItem\",\"@id\":\"https:\\\/\\\/enermak.com\\\/en\\\/brand\\\/ibak\\\/#listItem\",\"name\":\"IBAK\"},\"previousItem\":{\"@type\":\"ListItem\",\"@id\":\"https:\\\/\\\/enermak.com\\\/en#listItem\",\"name\":\"Home\"}},{\"@type\":\"ListItem\",\"@id\":\"https:\\\/\\\/enermak.com\\\/en\\\/brand\\\/ibak\\\/#listItem\",\"position\":3,\"name\":\"IBAK\",\"item\":\"https:\\\/\\\/enermak.com\\\/en\\\/brand\\\/ibak\\\/\",\"nextItem\":{\"@type\":\"ListItem\",\"@id\":\"https:\\\/\\\/enermak.com\\\/en\\\/urunler\\\/microgator-air-kanal-temizleme-robotu\\\/#listItem\",\"name\":\"MicroGator Air | Kanal temizleme robotu\"},\"previousItem\":{\"@type\":\"ListItem\",\"@id\":\"https:\\\/\\\/enermak.com\\\/en\\\/urunler\\\/#listItem\",\"name\":\"\\u00dcr\\u00fcnler\"}},{\"@type\":\"ListItem\",\"@id\":\"https:\\\/\\\/enermak.com\\\/en\\\/urunler\\\/microgator-air-kanal-temizleme-robotu\\\/#listItem\",\"position\":4,\"name\":\"MicroGator Air | Kanal temizleme robotu\",\"previousItem\":{\"@type\":\"ListItem\",\"@id\":\"https:\\\/\\\/enermak.com\\\/en\\\/brand\\\/ibak\\\/#listItem\",\"name\":\"IBAK\"}}]},{\"@type\":\"ItemPage\",\"@id\":\"https:\\\/\\\/enermak.com\\\/en\\\/urunler\\\/microgator-air-kanal-temizleme-robotu\\\/#itempage\",\"url\":\"https:\\\/\\\/enermak.com\\\/en\\\/urunler\\\/microgator-air-kanal-temizleme-robotu\\\/\",\"name\":\"MicroGator Air | Kanal temizleme robotu - Enermak Enerji\",\"description\":\"IBAK MicroGator AIR, kanal temizleme robotu olarak g\\u00fc\\u00e7l\\u00fc, hafif ve y\\u00fcksek \\u00e7\\u00f6z\\u00fcn\\u00fcrl\\u00fckl\\u00fc g\\u00f6r\\u00fcnt\\u00fcleme ile kanalizasyon hatlar\\u0131n\\u0131z\\u0131 temizlemenizi sa\\u011flar.\",\"inLanguage\":\"en-US\",\"isPartOf\":{\"@id\":\"https:\\\/\\\/enermak.com\\\/en\\\/#website\"},\"breadcrumb\":{\"@id\":\"https:\\\/\\\/enermak.com\\\/en\\\/urunler\\\/microgator-air-kanal-temizleme-robotu\\\/#breadcrumblist\"},\"image\":{\"@type\":\"ImageObject\",\"url\":\"https:\\\/\\\/enermak.com\\\/wp-content\\\/uploads\\\/2024\\\/10\\\/MicroGator-Air-Kanal-temizleme-robotu-afis.jpg\",\"@id\":\"https:\\\/\\\/enermak.com\\\/en\\\/urunler\\\/microgator-air-kanal-temizleme-robotu\\\/#mainImage\",\"width\":640,\"height\":640},\"primaryImageOfPage\":{\"@id\":\"https:\\\/\\\/enermak.com\\\/en\\\/urunler\\\/microgator-air-kanal-temizleme-robotu\\\/#mainImage\"},\"datePublished\":\"2024-10-08T11:22:03+03:00\",\"dateModified\":\"2026-02-18T12:30:42+03:00\"},{\"@type\":\"Organization\",\"@id\":\"https:\\\/\\\/enermak.com\\\/en\\\/#organization\",\"name\":\"Enermak Enerji\",\"description\":\"Yeralt\\u0131ndan Haberler\",\"url\":\"https:\\\/\\\/enermak.com\\\/en\\\/\",\"telephone\":\"+903123851102\",\"logo\":{\"@type\":\"ImageObject\",\"url\":\"https:\\\/\\\/enermak.com\\\/wp-content\\\/uploads\\\/2022\\\/03\\\/logo-tr-1.png\",\"@id\":\"https:\\\/\\\/enermak.com\\\/en\\\/urunler\\\/microgator-air-kanal-temizleme-robotu\\\/#organizationLogo\"},\"image\":{\"@id\":\"https:\\\/\\\/enermak.com\\\/en\\\/urunler\\\/microgator-air-kanal-temizleme-robotu\\\/#organizationLogo\"},\"sameAs\":[\"https:\\\/\\\/www.facebook.com\\\/YERALTINDANHABERLER\\\/\",\"https:\\\/\\\/twitter.com\\\/enerjienermak\",\"https:\\\/\\\/www.instagram.com\\\/enermakenerji\\\/\",\"https:\\\/\\\/www.youtube.com\\\/c\\\/EnermakEnerji\",\"https:\\\/\\\/www.linkedin.com\\\/in\\\/enermak\"]},{\"@type\":\"WebPage\",\"@id\":\"https:\\\/\\\/enermak.com\\\/en\\\/urunler\\\/microgator-air-kanal-temizleme-robotu\\\/#webpage\",\"url\":\"https:\\\/\\\/enermak.com\\\/en\\\/urunler\\\/microgator-air-kanal-temizleme-robotu\\\/\",\"name\":\"MicroGator Air | Kanal temizleme robotu - Enermak Enerji\",\"description\":\"IBAK MicroGator AIR, kanal temizleme robotu olarak g\\u00fc\\u00e7l\\u00fc, hafif ve y\\u00fcksek \\u00e7\\u00f6z\\u00fcn\\u00fcrl\\u00fckl\\u00fc g\\u00f6r\\u00fcnt\\u00fcleme ile kanalizasyon hatlar\\u0131n\\u0131z\\u0131 temizlemenizi sa\\u011flar.\",\"inLanguage\":\"en-US\",\"isPartOf\":{\"@id\":\"https:\\\/\\\/enermak.com\\\/en\\\/#website\"},\"breadcrumb\":{\"@id\":\"https:\\\/\\\/enermak.com\\\/en\\\/urunler\\\/microgator-air-kanal-temizleme-robotu\\\/#breadcrumblist\"},\"image\":{\"@type\":\"ImageObject\",\"url\":\"https:\\\/\\\/enermak.com\\\/wp-content\\\/uploads\\\/2024\\\/10\\\/MicroGator-Air-Kanal-temizleme-robotu-afis.jpg\",\"@id\":\"https:\\\/\\\/enermak.com\\\/en\\\/urunler\\\/microgator-air-kanal-temizleme-robotu\\\/#mainImage\",\"width\":640,\"height\":640},\"primaryImageOfPage\":{\"@id\":\"https:\\\/\\\/enermak.com\\\/en\\\/urunler\\\/microgator-air-kanal-temizleme-robotu\\\/#mainImage\"},\"datePublished\":\"2024-10-08T11:22:03+03:00\",\"dateModified\":\"2026-02-18T12:30:42+03:00\"},{\"@type\":\"WebSite\",\"@id\":\"https:\\\/\\\/enermak.com\\\/en\\\/#website\",\"url\":\"https:\\\/\\\/enermak.com\\\/en\\\/\",\"name\":\"Enermak Enerji\",\"alternateName\":\"Yeralt\\u0131ndan Haberler\",\"description\":\"Yeralt\\u0131ndan Haberler\",\"inLanguage\":\"en-US\",\"publisher\":{\"@id\":\"https:\\\/\\\/enermak.com\\\/en\\\/#organization\"}}]}\n\t\t<\/script>\n\t\t<!-- All in One SEO Pro -->\r\n\t\t<title>MicroGator Air | Kanal temizleme robotu - Enermak Enerji<\/title>\n\n","aioseo_head_json":{"title":"MicroGator Air | Kanal temizleme robotu - Enermak Enerji","description":"IBAK MicroGator AIR, kanal temizleme robotu olarak g\u00fc\u00e7l\u00fc, hafif ve y\u00fcksek \u00e7\u00f6z\u00fcn\u00fcrl\u00fckl\u00fc g\u00f6r\u00fcnt\u00fcleme ile kanalizasyon hatlar\u0131n\u0131z\u0131 temizlemenizi sa\u011flar.","canonical_url":"https:\/\/enermak.com\/en\/urunler\/microgator-air-kanal-temizleme-robotu\/","robots":"max-image-preview:large","keywords":"","webmasterTools":{"yandex-verification":"yandex-verification: 61c39bc218eec6a9","miscellaneous":""},"schema":{"@context":"https:\/\/schema.org","@graph":[{"@type":"BreadcrumbList","@id":"https:\/\/enermak.com\/en\/urunler\/microgator-air-kanal-temizleme-robotu\/#breadcrumblist","itemListElement":[{"@type":"ListItem","@id":"https:\/\/enermak.com\/en#listItem","position":1,"name":"Home","item":"https:\/\/enermak.com\/en","nextItem":{"@type":"ListItem","@id":"https:\/\/enermak.com\/en\/urunler\/#listItem","name":"\u00dcr\u00fcnler"}},{"@type":"ListItem","@id":"https:\/\/enermak.com\/en\/urunler\/#listItem","position":2,"name":"\u00dcr\u00fcnler","item":"https:\/\/enermak.com\/en\/urunler\/","nextItem":{"@type":"ListItem","@id":"https:\/\/enermak.com\/en\/brand\/ibak\/#listItem","name":"IBAK"},"previousItem":{"@type":"ListItem","@id":"https:\/\/enermak.com\/en#listItem","name":"Home"}},{"@type":"ListItem","@id":"https:\/\/enermak.com\/en\/brand\/ibak\/#listItem","position":3,"name":"IBAK","item":"https:\/\/enermak.com\/en\/brand\/ibak\/","nextItem":{"@type":"ListItem","@id":"https:\/\/enermak.com\/en\/urunler\/microgator-air-kanal-temizleme-robotu\/#listItem","name":"MicroGator Air | Kanal temizleme robotu"},"previousItem":{"@type":"ListItem","@id":"https:\/\/enermak.com\/en\/urunler\/#listItem","name":"\u00dcr\u00fcnler"}},{"@type":"ListItem","@id":"https:\/\/enermak.com\/en\/urunler\/microgator-air-kanal-temizleme-robotu\/#listItem","position":4,"name":"MicroGator Air | Kanal temizleme robotu","previousItem":{"@type":"ListItem","@id":"https:\/\/enermak.com\/en\/brand\/ibak\/#listItem","name":"IBAK"}}]},{"@type":"ItemPage","@id":"https:\/\/enermak.com\/en\/urunler\/microgator-air-kanal-temizleme-robotu\/#itempage","url":"https:\/\/enermak.com\/en\/urunler\/microgator-air-kanal-temizleme-robotu\/","name":"MicroGator Air | Kanal temizleme robotu - Enermak Enerji","description":"IBAK MicroGator AIR, kanal temizleme robotu olarak g\u00fc\u00e7l\u00fc, hafif ve y\u00fcksek \u00e7\u00f6z\u00fcn\u00fcrl\u00fckl\u00fc g\u00f6r\u00fcnt\u00fcleme ile kanalizasyon hatlar\u0131n\u0131z\u0131 temizlemenizi sa\u011flar.","inLanguage":"en-US","isPartOf":{"@id":"https:\/\/enermak.com\/en\/#website"},"breadcrumb":{"@id":"https:\/\/enermak.com\/en\/urunler\/microgator-air-kanal-temizleme-robotu\/#breadcrumblist"},"image":{"@type":"ImageObject","url":"https:\/\/enermak.com\/wp-content\/uploads\/2024\/10\/MicroGator-Air-Kanal-temizleme-robotu-afis.jpg","@id":"https:\/\/enermak.com\/en\/urunler\/microgator-air-kanal-temizleme-robotu\/#mainImage","width":640,"height":640},"primaryImageOfPage":{"@id":"https:\/\/enermak.com\/en\/urunler\/microgator-air-kanal-temizleme-robotu\/#mainImage"},"datePublished":"2024-10-08T11:22:03+03:00","dateModified":"2026-02-18T12:30:42+03:00"},{"@type":"Organization","@id":"https:\/\/enermak.com\/en\/#organization","name":"Enermak Enerji","description":"Yeralt\u0131ndan Haberler","url":"https:\/\/enermak.com\/en\/","telephone":"+903123851102","logo":{"@type":"ImageObject","url":"https:\/\/enermak.com\/wp-content\/uploads\/2022\/03\/logo-tr-1.png","@id":"https:\/\/enermak.com\/en\/urunler\/microgator-air-kanal-temizleme-robotu\/#organizationLogo"},"image":{"@id":"https:\/\/enermak.com\/en\/urunler\/microgator-air-kanal-temizleme-robotu\/#organizationLogo"},"sameAs":["https:\/\/www.facebook.com\/YERALTINDANHABERLER\/","https:\/\/twitter.com\/enerjienermak","https:\/\/www.instagram.com\/enermakenerji\/","https:\/\/www.youtube.com\/c\/EnermakEnerji","https:\/\/www.linkedin.com\/in\/enermak"]},{"@type":"WebPage","@id":"https:\/\/enermak.com\/en\/urunler\/microgator-air-kanal-temizleme-robotu\/#webpage","url":"https:\/\/enermak.com\/en\/urunler\/microgator-air-kanal-temizleme-robotu\/","name":"MicroGator Air | Kanal temizleme robotu - Enermak Enerji","description":"IBAK MicroGator AIR, kanal temizleme robotu olarak g\u00fc\u00e7l\u00fc, hafif ve y\u00fcksek \u00e7\u00f6z\u00fcn\u00fcrl\u00fckl\u00fc g\u00f6r\u00fcnt\u00fcleme ile kanalizasyon hatlar\u0131n\u0131z\u0131 temizlemenizi sa\u011flar.","inLanguage":"en-US","isPartOf":{"@id":"https:\/\/enermak.com\/en\/#website"},"breadcrumb":{"@id":"https:\/\/enermak.com\/en\/urunler\/microgator-air-kanal-temizleme-robotu\/#breadcrumblist"},"image":{"@type":"ImageObject","url":"https:\/\/enermak.com\/wp-content\/uploads\/2024\/10\/MicroGator-Air-Kanal-temizleme-robotu-afis.jpg","@id":"https:\/\/enermak.com\/en\/urunler\/microgator-air-kanal-temizleme-robotu\/#mainImage","width":640,"height":640},"primaryImageOfPage":{"@id":"https:\/\/enermak.com\/en\/urunler\/microgator-air-kanal-temizleme-robotu\/#mainImage"},"datePublished":"2024-10-08T11:22:03+03:00","dateModified":"2026-02-18T12:30:42+03:00"},{"@type":"WebSite","@id":"https:\/\/enermak.com\/en\/#website","url":"https:\/\/enermak.com\/en\/","name":"Enermak Enerji","alternateName":"Yeralt\u0131ndan Haberler","description":"Yeralt\u0131ndan Haberler","inLanguage":"en-US","publisher":{"@id":"https:\/\/enermak.com\/en\/#organization"}}]},"og:locale":"en_US","og:site_name":"Enermak Enerji - Yeralt\u0131ndan Haberler","og:type":"article","og:title":"MicroGator Air | Kanal temizleme robotu - Enermak Enerji","og:description":"IBAK MicroGator AIR, kanal temizleme robotu olarak g\u00fc\u00e7l\u00fc, hafif ve y\u00fcksek \u00e7\u00f6z\u00fcn\u00fcrl\u00fckl\u00fc g\u00f6r\u00fcnt\u00fcleme ile kanalizasyon hatlar\u0131n\u0131z\u0131 temizlemenizi sa\u011flar.","og:url":"https:\/\/enermak.com\/en\/urunler\/microgator-air-kanal-temizleme-robotu\/","og:image":"https:\/\/enermak.com\/wp-content\/uploads\/2022\/03\/logo-tr-1.png","og:image:secure_url":"https:\/\/enermak.com\/wp-content\/uploads\/2022\/03\/logo-tr-1.png","article:published_time":"2024-10-08T08:22:03+00:00","article:modified_time":"2026-02-18T09:30:42+00:00","article:publisher":"https:\/\/www.facebook.com\/YERALTINDANHABERLER\/","twitter:card":"summary_large_image","twitter:site":"@enerjienermak","twitter:title":"MicroGator Air | Kanal temizleme robotu - Enermak Enerji","twitter:description":"IBAK MicroGator AIR, kanal temizleme robotu olarak g\u00fc\u00e7l\u00fc, hafif ve y\u00fcksek \u00e7\u00f6z\u00fcn\u00fcrl\u00fckl\u00fc g\u00f6r\u00fcnt\u00fcleme ile kanalizasyon hatlar\u0131n\u0131z\u0131 temizlemenizi sa\u011flar.","twitter:image":"https:\/\/enermak.com\/wp-content\/uploads\/2022\/03\/logo-tr-1.png"},"aioseo_meta_data":{"post_id":"29401","title":null,"description":"IBAK MicroGator AIR, kanal temizleme robotu olarak g\u00fc\u00e7l\u00fc, hafif ve y\u00fcksek \u00e7\u00f6z\u00fcn\u00fcrl\u00fckl\u00fc g\u00f6r\u00fcnt\u00fcleme ile kanalizasyon hatlar\u0131n\u0131z\u0131 temizlemenizi sa\u011flar.","keywords":null,"keyphrases":{"focus":{"keyphrase":"Kanal temizleme robotu","score":100,"analysis":{"keyphraseInTitle":{"score":9,"maxScore":9,"error":0},"keyphraseInDescription":{"score":9,"maxScore":9,"error":0},"keyphraseLength":{"score":9,"maxScore":9,"error":0,"length":3},"keyphraseInURL":{"score":5,"maxScore":5,"error":0},"keyphraseInIntroduction":{"score":9,"maxScore":9,"error":0},"keyphraseInSubHeadings":{"score":9,"maxScore":9,"error":0},"keyphraseInImageAlt":[],"keywordDensity":{"type":"best","score":9,"maxScore":9,"error":0}}},"additional":[{"keyphrase":"IBAK MicroGator AIR","score":100,"analysis":{"keyphraseInDescription":{"score":9,"maxScore":9,"error":0},"keyphraseLength":{"score":9,"maxScore":9,"error":0,"length":3},"keyphraseInIntroduction":{"score":9,"maxScore":9,"error":0},"keyphraseInImageAlt":[],"keywordDensity":{"type":"best","score":9,"maxScore":9,"error":0}}}]},"primary_term":null,"canonical_url":null,"og_title":null,"og_description":null,"og_object_type":"default","og_image_type":"default","og_image_url":null,"og_image_width":null,"og_image_height":null,"og_image_custom_url":null,"og_image_custom_fields":null,"og_video":"","og_custom_url":null,"og_article_section":null,"og_article_tags":null,"twitter_use_og":false,"twitter_card":"default","twitter_image_type":"default","twitter_image_url":null,"twitter_image_custom_url":null,"twitter_image_custom_fields":null,"twitter_title":null,"twitter_description":null,"schema":{"blockGraphs":[],"customGraphs":[],"default":{"data":{"Article":[],"Course":[],"Dataset":[],"FAQPage":[],"Movie":[],"Person":[],"Product":[],"ProductReview":[],"Car":[],"Recipe":[],"Service":[],"SoftwareApplication":[],"WebPage":[]},"graphName":"ItemPage","isEnabled":true},"graphs":[]},"schema_type":"default","schema_type_options":null,"pillar_content":false,"robots_default":true,"robots_noindex":false,"robots_noarchive":false,"robots_nosnippet":false,"robots_nofollow":false,"robots_noimageindex":false,"robots_noodp":false,"robots_notranslate":false,"robots_max_snippet":"-1","robots_max_videopreview":"-1","robots_max_imagepreview":"large","priority":null,"frequency":"default","local_seo":null,"seo_analyzer_scan_date":"2026-02-18 09:37:12","breadcrumb_settings":null,"limit_modified_date":false,"reviewed_by":null,"open_ai":"{\"title\":{\"suggestions\":[],\"usage\":0},\"description\":{\"suggestions\":[],\"usage\":0}}","ai":{"faqs":[],"keyPoints":[],"titles":[],"descriptions":[],"socialPosts":{"email":[],"linkedin":[],"twitter":[],"facebook":[],"instagram":[]}},"created":"2024-10-08 08:22:03","updated":"2026-02-18 09:37:12"},"aioseo_breadcrumb":"<div class=\"aioseo-breadcrumbs\"><span class=\"aioseo-breadcrumb\">\n\t<a href=\"https:\/\/enermak.com\/en\" title=\"Home\">Home<\/a>\n<\/span><span class=\"aioseo-breadcrumb-separator\">\u00bb<\/span><span class=\"aioseo-breadcrumb\">\n\t<a href=\"https:\/\/enermak.com\/en\/urunler\/\" title=\"\u00dcr\u00fcnler\">\u00dcr\u00fcnler<\/a>\n<\/span><span class=\"aioseo-breadcrumb-separator\">\u00bb<\/span><span class=\"aioseo-breadcrumb\">\n\t<a href=\"https:\/\/enermak.com\/en\/brand\/ibak\/\" title=\"IBAK\">IBAK<\/a>\n<\/span><span class=\"aioseo-breadcrumb-separator\">\u00bb<\/span><span class=\"aioseo-breadcrumb\">\n\tMicroGator Air | Kanal temizleme robotu\n<\/span><\/div>","aioseo_breadcrumb_json":[{"label":"Home","link":"https:\/\/enermak.com\/en"},{"label":"\u00dcr\u00fcnler","link":"https:\/\/enermak.com\/en\/urunler\/"},{"label":"IBAK","link":"https:\/\/enermak.com\/en\/brand\/ibak\/"},{"label":"MicroGator Air | Kanal temizleme robotu","link":"https:\/\/enermak.com\/en\/urunler\/microgator-air-kanal-temizleme-robotu\/"}],"_links":{"self":[{"href":"https:\/\/enermak.com\/en\/wp-json\/wp\/v2\/product\/29401","targetHints":{"allow":["GET"]}}],"collection":[{"href":"https:\/\/enermak.com\/en\/wp-json\/wp\/v2\/product"}],"about":[{"href":"https:\/\/enermak.com\/en\/wp-json\/wp\/v2\/types\/product"}],"version-history":[{"count":0,"href":"https:\/\/enermak.com\/en\/wp-json\/wp\/v2\/product\/29401\/revisions"}],"wp:featuredmedia":[{"embeddable":true,"href":"https:\/\/enermak.com\/en\/wp-json\/wp\/v2\/media\/29407"}],"wp:attachment":[{"href":"https:\/\/enermak.com\/en\/wp-json\/wp\/v2\/media?parent=29401"}],"wp:term":[{"taxonomy":"product_brand","embeddable":true,"href":"https:\/\/enermak.com\/en\/wp-json\/wp\/v2\/product_brand?post=29401"},{"taxonomy":"product_cat","embeddable":true,"href":"https:\/\/enermak.com\/en\/wp-json\/wp\/v2\/product_cat?post=29401"},{"taxonomy":"product_tag","embeddable":true,"href":"https:\/\/enermak.com\/en\/wp-json\/wp\/v2\/product_tag?post=29401"},{"taxonomy":"product_brands","embeddable":true,"href":"https:\/\/enermak.com\/en\/wp-json\/wp\/v2\/product_brands?post=29401"}],"curies":[{"name":"wp","href":"https:\/\/api.w.org\/{rel}","templated":true}]}}