{"id":27576,"date":"2024-03-20T15:54:44","date_gmt":"2024-03-20T12:54:44","guid":{"rendered":"https:\/\/enermak.com\/?post_type=product&#038;p=27576"},"modified":"2026-02-18T14:15:50","modified_gmt":"2026-02-18T11:15:50","slug":"pcm-a-frame","status":"publish","type":"product","link":"https:\/\/enermak.com\/en\/urunler\/pcm-a-frame\/","title":{"rendered":"PCM A-Frame"},"content":{"rendered":"<h2 class=\"wp-block-heading has-medium-font-size\"><span style=\"color: #000000;\">A-Frame (10-RX-AFRAME)<\/span><\/h2>\n<p><span style=\"color: #000000;\">Radiodetection A-Frame, RD8100, RD7KTL, RD7KPL veya RD8KPL(B) yer belirleyicileri ile birlikte kullan\u0131l\u0131r ve kablolar \u00fczerindeki ar\u0131zalar\u0131, ayr\u0131ca boru hatlar\u0131nda kaplama kusurlar\u0131n\u0131 bulmak i\u00e7in kullan\u0131l\u0131r.<\/span><\/p>\n<p><span style=\"color: #000000;\">Ar\u0131za bulma sinyali sa\u011flamak i\u00e7in bir Tx-3(B) veya Tx-10(B) vericisi de gereklidir. A-Frame, daha sonra yer belirleyicinin ekran\u0131nda ar\u0131zan\u0131n hem y\u00f6n\u00fcn\u00fc hem de b\u00fcy\u00fckl\u00fc\u011f\u00fcn\u00fc sa\u011flar.<\/span><\/p>\n<p><span style=\"color: #000000;\">Bu \u00fcr\u00fcn ayr\u0131ca bir A-Frame Lead ile birlikte gelir.<\/span><\/p>\n<h2 class=\"wp-block-heading has-medium-font-size\"><span style=\"color: #000000;\">Ana \u00d6zellikler<\/span><\/h2>\n<p><span style=\"color: #000000;\">\u25fc\ufe0f\u00c7e\u015fitli Radiodetection yer belirleyicileri ile uyumludur.<\/span><\/p>\n<p><span style=\"color: #000000;\">\u25fc\ufe0fBa\u011fl\u0131 yer belirleyicinin ekran\u0131nda detayl\u0131 ar\u0131za raporlar\u0131 g\u00f6r\u00fcnt\u00fcler.<\/span><\/p>\n<p><span style=\"color: #000000;\">\u25fc\ufe0f\u00d6zel bir \u00e7anta ile de mevcuttur (10\/RX-AFRAME-BAG).<\/span><\/p>\n<h2 class=\"wp-block-heading has-medium-font-size\"><span style=\"color: #000000;\">Kutuda ne var?<\/span><\/h2>\n<p><span style=\"color: #000000;\">\u25fc\ufe0fA-Frame<\/span><\/p>\n<p><span style=\"color: #000000;\">\u25fc\ufe0fA-Frame Lead<\/span><\/p>","protected":false},"excerpt":{"rendered":"<h2><span style=\"color: #000000;\">A-Frame (10-RX-AFRAME)<\/span><\/h2>\n<p><span style=\"color: #000000;\">Radiodetection A-Frame, RD8100, RD7KTL, RD7KPL veya RD8KPL(B) yer belirleyicileri ile birlikte kullan\u0131l\u0131r ve kablolar \u00fczerindeki ar\u0131zalar\u0131, ayr\u0131ca boru hatlar\u0131nda kaplama kusurlar\u0131n\u0131 bulmak i\u00e7in kullan\u0131l\u0131r.<\/span><\/p>\n<p><span style=\"color: #000000;\">Ar\u0131za bulma sinyali sa\u011flamak i\u00e7in bir Tx-3(B) veya Tx-10(B) vericisi de gereklidir. A-Frame, daha sonra yer belirleyicinin ekran\u0131nda ar\u0131zan\u0131n hem y\u00f6n\u00fcn\u00fc hem de b\u00fcy\u00fckl\u00fc\u011f\u00fcn\u00fc sa\u011flar.<\/span><\/p>\n<p><span style=\"color: #000000;\">Bu \u00fcr\u00fcn ayr\u0131ca bir A-Frame Lead ile birlikte gelir.<\/span><\/p>","protected":false},"featured_media":27855,"template":"","meta":{"_bst_post_transparent":"default","_bst_post_title":"","_bst_post_layout":"default","_bst_post_sidebar_id":"","_bst_post_content_style":"default","_bst_post_vertical_padding":"default","_bst_post_feature":"","_bst_post_feature_position":"","_bst_post_header":false,"_bst_post_footer":false},"product_brand":[],"product_cat":[151],"product_tag":[1483],"product_brands":[],"class_list":{"0":"post-27576","1":"product","2":"type-product","3":"status-publish","4":"has-post-thumbnail","6":"product_cat-kablo-olcum-ve-hata-tespiti","7":"product_tag-a-frame","9":"first","10":"instock","11":"shipping-taxable","12":"product-type-simple","13":"entry","14":"content-bg","15":"loop-entry"},"aioseo_notices":[],"_links":{"self":[{"href":"https:\/\/enermak.com\/en\/wp-json\/wp\/v2\/product\/27576","targetHints":{"allow":["GET"]}}],"collection":[{"href":"https:\/\/enermak.com\/en\/wp-json\/wp\/v2\/product"}],"about":[{"href":"https:\/\/enermak.com\/en\/wp-json\/wp\/v2\/types\/product"}],"version-history":[{"count":0,"href":"https:\/\/enermak.com\/en\/wp-json\/wp\/v2\/product\/27576\/revisions"}],"wp:featuredmedia":[{"embeddable":true,"href":"https:\/\/enermak.com\/en\/wp-json\/wp\/v2\/media\/27855"}],"wp:attachment":[{"href":"https:\/\/enermak.com\/en\/wp-json\/wp\/v2\/media?parent=27576"}],"wp:term":[{"taxonomy":"product_brand","embeddable":true,"href":"https:\/\/enermak.com\/en\/wp-json\/wp\/v2\/product_brand?post=27576"},{"taxonomy":"product_cat","embeddable":true,"href":"https:\/\/enermak.com\/en\/wp-json\/wp\/v2\/product_cat?post=27576"},{"taxonomy":"product_tag","embeddable":true,"href":"https:\/\/enermak.com\/en\/wp-json\/wp\/v2\/product_tag?post=27576"},{"taxonomy":"product_brands","embeddable":true,"href":"https:\/\/enermak.com\/en\/wp-json\/wp\/v2\/product_brands?post=27576"}],"curies":[{"name":"wp","href":"https:\/\/api.w.org\/{rel}","templated":true}]}}