{"id":25771,"date":"2023-01-30T11:38:07","date_gmt":"2023-01-30T08:38:07","guid":{"rendered":"https:\/\/enermak.com\/?post_type=product&#038;p=25771"},"modified":"2024-12-06T10:52:37","modified_gmt":"2024-12-06T07:52:37","slug":"smarttow-jeoradar","status":"publish","type":"product","link":"https:\/\/enermak.com\/en\/urunler\/smarttow-jeoradar\/","title":{"rendered":"SmartTow\u2122 Jeoradar"},"content":{"rendered":"<h2 class=\"wp-block-heading has-medium-font-size\"><span style=\"color: #000000;\">SmartTow\u2122 Jeoradar<\/span><\/h2>\n<p><span style=\"color: #000000;\">Jeoradarlar<\/span><\/p>\n<h3><span style=\"color: #000000;\">Kullanma usul\u00fc, \u00e7al\u0131\u015fma \u015fekli:<\/span><\/h3>\n<p><span style=\"color: #000000;\">SmartTow\u2122 Jeoradar &#8211; NOGGIN\u00ae SmartTow\u2122 konfig\u00fcrasyonu, \u00e7imenli, \u00e7al\u0131l\u0131klarla kapl\u0131 veya kayal\u0131k y\u00fczeyler gibi d\u00fcz ve engebeli arazilerde elle \u00e7ekmeyle \u00f6l\u00e7\u00fcm yapmak i\u00e7in tasarlanm\u0131\u015ft\u0131r. Ancak NOGGIN\u00ae&#8217;inizi p\u00fcr\u00fczl\u00fc y\u00fczeylerde s\u00fcr\u00fckleyerek zarar verme konusunda endi\u015felenmeyin &#8211; t\u00fcm Noggins&#8217;lerin alt k\u0131sm\u0131nda, herhangi bir y\u00fczeyde sorunsuz bir \u015fekilde kaymas\u0131 ve maksimum sinyal penetrasyonu i\u00e7in toprak ba\u011flant\u0131s\u0131n\u0131 s\u00fcrd\u00fcrmesi i\u00e7in dayan\u0131kl\u0131 bir kayd\u0131rma plakas\u0131 bulunur.<\/span><\/p>\n<h2 class=\"wp-block-heading has-medium-font-size\"><span style=\"color: #000000;\">SmartTow\u2122\u00a0 Jeoradar \u00f6zellikleri:<\/span><\/h2>\n<ul>\n<li><span style=\"color: #000000;\">Tek tip veri kapsam\u0131 sa\u011flamak i\u00e7in varsay\u0131lan veya kullan\u0131c\u0131 tan\u0131ml\u0131 aral\u0131klarla (ad\u0131m boyutu) veri toplamay\u0131 tetikleyen bir tekerlek kilometre sayac\u0131.<\/span><\/li>\n<li><span style=\"color: #000000;\">Bir y\u00f6nde veri toplamay\u0131 tetikleyen ve di\u011fer y\u00f6nde, ara\u015ft\u0131rma hatt\u0131nda bulunan nesnelerin yerini kolayca saptamak i\u00e7in bir geri ok sa\u011flayan \u00e7ift y\u00f6nl\u00fc bir kilometre sayac\u0131.<\/span><\/li>\n<li><span style=\"color: #000000;\">Sensors &amp; Software&#8217;in benzersiz DynaQ\u00ae \u00f6zelli\u011fi, veri toplama oranlar\u0131n\u0131 otomatik olarak anket h\u0131z\u0131na g\u00f6re ayarlar;\u00a0veri kalitesini en \u00fcst d\u00fczeye \u00e7\u0131karmak i\u00e7in dinamik y\u0131\u011f\u0131nlama sa\u011flar.<\/span><\/li>\n<\/ul>\n<h2 class=\"wp-block-heading has-medium-font-size\"><span style=\"color: #000000;\">SmartTow\u2122 Jeoradar Se\u00e7enekler:<\/span><\/h2>\n<ul>\n<li><span style=\"color: #000000;\">Verilere ba\u011fl\u0131 co\u011frafi referansl\u0131 koordinatlar sa\u011flamak i\u00e7in GPS.<\/span><\/li>\n<li><span style=\"color: #000000;\">GPR sens\u00f6r\u00fc hareket ettirilirken DVL&#8217;nin sabit bir konuma ayarlanmas\u0131n\u0131 sa\u011flamak i\u00e7in daha uzun kablolar.<\/span><\/li>\n<li><span style=\"color: #000000;\">Saha s\u00fcresine veya ta\u015f\u0131nabilirlik gereksinimlerine ba\u011fl\u0131 olarak farkl\u0131 boyut ve kapasitelerde piller<\/span><\/li>\n<li id=\"SmartChariot\"><span style=\"color: #000000;\">NOGGIN\u00ae 100, 250, 500 ve 1000 sistemleri aras\u0131nda h\u0131zla ge\u00e7i\u015f yapmak i\u00e7in braketler.<\/span><\/li>\n<\/ul>\n<h2 class=\"wp-block-heading has-medium-font-size\"><span style=\"color: #000000;\">Desteklenen Sens\u00f6rler:<\/span><\/h2>\n<p><span style=\"color: #000000;\">SmartTow\u2122 Jeoradar , t\u00fcm NOGGIN\u00ae sens\u00f6rlerini destekler.<\/span><\/p>","protected":false},"excerpt":{"rendered":"<h2>SmartTow\u2122 Jeoradar<\/h2>\n<p>NOGGIN\u00ae SmartTow Jeoradar\u2122 konfig\u00fcrasyonu, \u00e7imenli, \u00e7al\u0131l\u0131klarla kapl\u0131 veya kayal\u0131k y\u00fczeyler gibi d\u00fcz ve engebeli arazilerde elle \u00e7ekmeyle \u00f6l\u00e7\u00fcm yapmak i\u00e7in tasarlanm\u0131\u015ft\u0131r. Ancak NOGGIN\u00ae&#8217;inizi p\u00fcr\u00fczl\u00fc y\u00fczeylerde s\u00fcr\u00fckleyerek zarar verme konusunda endi\u015felenmeyin &#8211; t\u00fcm Noggins&#8217;lerin alt k\u0131sm\u0131nda, herhangi bir y\u00fczeyde sorunsuz bir \u015fekilde kaymas\u0131 ve maksimum sinyal penetrasyonu i\u00e7in toprak ba\u011flant\u0131s\u0131n\u0131 s\u00fcrd\u00fcrmesi i\u00e7in dayan\u0131kl\u0131 bir kayd\u0131rma plakas\u0131 bulunur.<\/p>","protected":false},"featured_media":33895,"template":"","meta":{"_bst_post_transparent":"default","_bst_post_title":"","_bst_post_layout":"default","_bst_post_sidebar_id":"","_bst_post_content_style":"default","_bst_post_vertical_padding":"default","_bst_post_feature":"","_bst_post_feature_position":"","_bst_post_header":false,"_bst_post_footer":false},"product_brand":[2004],"product_cat":[155],"product_tag":[1406,399,1407,1408],"product_brands":[],"class_list":{"0":"post-25771","1":"product","2":"type-product","3":"status-publish","4":"has-post-thumbnail","6":"product_brand-sensor_software","7":"product_cat-yeralti-radarlari-gpr","8":"product_tag-georadar","9":"product_tag-gpr","10":"product_tag-jeoradar","11":"product_tag-smarttow","13":"first","14":"instock","15":"featured","16":"shipping-taxable","17":"product-type-simple","18":"entry","19":"content-bg","20":"loop-entry"},"aioseo_notices":[],"aioseo_head":"\n\t\t<!-- All in One SEO Pro 4.9.6.2 - aioseo.com -->\n\t<meta name=\"description\" content=\"Altyap\u0131 ve \u015febeke tespitinde kullanabilece\u011finiz, profesy\u00f6nelli\u011finizi bir ad\u0131m ileri ta\u015f\u0131yacak bir \u00e7ok \u00fcr\u00fcn Enermak Enerji&#039;de. SmartTow\u2122 Jeoradar\" \/>\n\t<meta name=\"robots\" content=\"max-image-preview:large\" \/>\n\t<meta name=\"yandex-verification\" content=\"yandex-verification: 61c39bc218eec6a9\" \/>\n\t<link rel=\"canonical\" href=\"https:\/\/enermak.com\/en\/urunler\/smarttow-jeoradar\/\" \/>\n\t<meta name=\"generator\" content=\"All in One SEO Pro (AIOSEO) 4.9.6.2\" \/>\n\t\t<meta property=\"og:locale\" content=\"en_US\" \/>\n\t\t<meta property=\"og:site_name\" content=\"Enermak Enerji - Yeralt\u0131ndan Haberler\" \/>\n\t\t<meta property=\"og:type\" content=\"article\" \/>\n\t\t<meta property=\"og:title\" content=\"SmartTow\u2122 Jeoradar - Enermak Enerji\" \/>\n\t\t<meta property=\"og:description\" content=\"Altyap\u0131 ve \u015febeke tespitinde kullanabilece\u011finiz, profesy\u00f6nelli\u011finizi bir ad\u0131m ileri ta\u015f\u0131yacak bir \u00e7ok \u00fcr\u00fcn Enermak Enerji&#039;de. SmartTow\u2122 Jeoradar\" \/>\n\t\t<meta property=\"og:url\" content=\"https:\/\/enermak.com\/en\/urunler\/smarttow-jeoradar\/\" \/>\n\t\t<meta property=\"og:image\" content=\"https:\/\/enermak.com\/wp-content\/uploads\/2022\/03\/logo-tr-1.png\" \/>\n\t\t<meta property=\"og:image:secure_url\" content=\"https:\/\/enermak.com\/wp-content\/uploads\/2022\/03\/logo-tr-1.png\" \/>\n\t\t<meta property=\"article:published_time\" content=\"2023-01-30T08:38:07+00:00\" \/>\n\t\t<meta property=\"article:modified_time\" content=\"2024-12-06T07:52:37+00:00\" \/>\n\t\t<meta property=\"article:publisher\" content=\"https:\/\/www.facebook.com\/YERALTINDANHABERLER\/\" \/>\n\t\t<meta name=\"twitter:card\" content=\"summary_large_image\" \/>\n\t\t<meta name=\"twitter:site\" content=\"@enerjienermak\" \/>\n\t\t<meta name=\"twitter:title\" content=\"SmartTow\u2122 Jeoradar - Enermak Enerji\" \/>\n\t\t<meta name=\"twitter:description\" content=\"Altyap\u0131 ve \u015febeke tespitinde kullanabilece\u011finiz, profesy\u00f6nelli\u011finizi bir ad\u0131m ileri ta\u015f\u0131yacak bir \u00e7ok \u00fcr\u00fcn Enermak Enerji&#039;de. SmartTow\u2122 Jeoradar\" \/>\n\t\t<meta name=\"twitter:image\" content=\"https:\/\/enermak.com\/wp-content\/uploads\/2022\/03\/logo-tr-1.png\" \/>\n\t\t<script type=\"application\/ld+json\" class=\"aioseo-schema\">\n\t\t\t{\"@context\":\"https:\\\/\\\/schema.org\",\"@graph\":[{\"@type\":\"BreadcrumbList\",\"@id\":\"https:\\\/\\\/enermak.com\\\/en\\\/urunler\\\/smarttow-jeoradar\\\/#breadcrumblist\",\"itemListElement\":[{\"@type\":\"ListItem\",\"@id\":\"https:\\\/\\\/enermak.com\\\/en#listItem\",\"position\":1,\"name\":\"Home\",\"item\":\"https:\\\/\\\/enermak.com\\\/en\",\"nextItem\":{\"@type\":\"ListItem\",\"@id\":\"https:\\\/\\\/enermak.com\\\/en\\\/urunler\\\/#listItem\",\"name\":\"\\u00dcr\\u00fcnler\"}},{\"@type\":\"ListItem\",\"@id\":\"https:\\\/\\\/enermak.com\\\/en\\\/urunler\\\/#listItem\",\"position\":2,\"name\":\"\\u00dcr\\u00fcnler\",\"item\":\"https:\\\/\\\/enermak.com\\\/en\\\/urunler\\\/\",\"nextItem\":{\"@type\":\"ListItem\",\"@id\":\"https:\\\/\\\/enermak.com\\\/en\\\/brand\\\/radiodetection\\\/#listItem\",\"name\":\"RADIODETECTION\"},\"previousItem\":{\"@type\":\"ListItem\",\"@id\":\"https:\\\/\\\/enermak.com\\\/en#listItem\",\"name\":\"Home\"}},{\"@type\":\"ListItem\",\"@id\":\"https:\\\/\\\/enermak.com\\\/en\\\/brand\\\/radiodetection\\\/#listItem\",\"position\":3,\"name\":\"RADIODETECTION\",\"item\":\"https:\\\/\\\/enermak.com\\\/en\\\/brand\\\/radiodetection\\\/\",\"nextItem\":{\"@type\":\"ListItem\",\"@id\":\"https:\\\/\\\/enermak.com\\\/en\\\/brand\\\/radiodetection\\\/sensor_software\\\/#listItem\",\"name\":\"SENSOR&amp;SOFTWARE\"},\"previousItem\":{\"@type\":\"ListItem\",\"@id\":\"https:\\\/\\\/enermak.com\\\/en\\\/urunler\\\/#listItem\",\"name\":\"\\u00dcr\\u00fcnler\"}},{\"@type\":\"ListItem\",\"@id\":\"https:\\\/\\\/enermak.com\\\/en\\\/brand\\\/radiodetection\\\/sensor_software\\\/#listItem\",\"position\":4,\"name\":\"SENSOR&amp;SOFTWARE\",\"item\":\"https:\\\/\\\/enermak.com\\\/en\\\/brand\\\/radiodetection\\\/sensor_software\\\/\",\"nextItem\":{\"@type\":\"ListItem\",\"@id\":\"https:\\\/\\\/enermak.com\\\/en\\\/urunler\\\/smarttow-jeoradar\\\/#listItem\",\"name\":\"SmartTow\\u2122 Jeoradar\"},\"previousItem\":{\"@type\":\"ListItem\",\"@id\":\"https:\\\/\\\/enermak.com\\\/en\\\/brand\\\/radiodetection\\\/#listItem\",\"name\":\"RADIODETECTION\"}},{\"@type\":\"ListItem\",\"@id\":\"https:\\\/\\\/enermak.com\\\/en\\\/urunler\\\/smarttow-jeoradar\\\/#listItem\",\"position\":5,\"name\":\"SmartTow\\u2122 Jeoradar\",\"previousItem\":{\"@type\":\"ListItem\",\"@id\":\"https:\\\/\\\/enermak.com\\\/en\\\/brand\\\/radiodetection\\\/sensor_software\\\/#listItem\",\"name\":\"SENSOR&amp;SOFTWARE\"}}]},{\"@type\":\"ItemPage\",\"@id\":\"https:\\\/\\\/enermak.com\\\/en\\\/urunler\\\/smarttow-jeoradar\\\/#itempage\",\"url\":\"https:\\\/\\\/enermak.com\\\/en\\\/urunler\\\/smarttow-jeoradar\\\/\",\"name\":\"SmartTow\\u2122 Jeoradar - Enermak Enerji\",\"description\":\"Altyap\\u0131 ve \\u015febeke tespitinde kullanabilece\\u011finiz, profesy\\u00f6nelli\\u011finizi bir ad\\u0131m ileri ta\\u015f\\u0131yacak bir \\u00e7ok \\u00fcr\\u00fcn Enermak Enerji'de. SmartTow\\u2122 Jeoradar\",\"inLanguage\":\"en-US\",\"isPartOf\":{\"@id\":\"https:\\\/\\\/enermak.com\\\/en\\\/#website\"},\"breadcrumb\":{\"@id\":\"https:\\\/\\\/enermak.com\\\/en\\\/urunler\\\/smarttow-jeoradar\\\/#breadcrumblist\"},\"image\":{\"@type\":\"ImageObject\",\"url\":\"https:\\\/\\\/enermak.com\\\/wp-content\\\/uploads\\\/2023\\\/01\\\/SmartTow\\u2122-Jeoradar-GPR-.jpg\",\"@id\":\"https:\\\/\\\/enermak.com\\\/en\\\/urunler\\\/smarttow-jeoradar\\\/#mainImage\",\"width\":600,\"height\":518,\"caption\":\"SmartTow\\u2122 Jeoradar GPR\"},\"primaryImageOfPage\":{\"@id\":\"https:\\\/\\\/enermak.com\\\/en\\\/urunler\\\/smarttow-jeoradar\\\/#mainImage\"},\"datePublished\":\"2023-01-30T11:38:07+03:00\",\"dateModified\":\"2024-12-06T10:52:37+03:00\"},{\"@type\":\"Organization\",\"@id\":\"https:\\\/\\\/enermak.com\\\/en\\\/#organization\",\"name\":\"Enermak Enerji\",\"description\":\"Yeralt\\u0131ndan Haberler\",\"url\":\"https:\\\/\\\/enermak.com\\\/en\\\/\",\"telephone\":\"+903123851102\",\"logo\":{\"@type\":\"ImageObject\",\"url\":\"https:\\\/\\\/enermak.com\\\/wp-content\\\/uploads\\\/2022\\\/03\\\/logo-tr-1.png\",\"@id\":\"https:\\\/\\\/enermak.com\\\/en\\\/urunler\\\/smarttow-jeoradar\\\/#organizationLogo\"},\"image\":{\"@id\":\"https:\\\/\\\/enermak.com\\\/en\\\/urunler\\\/smarttow-jeoradar\\\/#organizationLogo\"},\"sameAs\":[\"https:\\\/\\\/www.facebook.com\\\/YERALTINDANHABERLER\\\/\",\"https:\\\/\\\/twitter.com\\\/enerjienermak\",\"https:\\\/\\\/www.instagram.com\\\/enermakenerji\\\/\",\"https:\\\/\\\/www.youtube.com\\\/c\\\/EnermakEnerji\",\"https:\\\/\\\/www.linkedin.com\\\/in\\\/enermak\"]},{\"@type\":\"WebPage\",\"@id\":\"https:\\\/\\\/enermak.com\\\/en\\\/urunler\\\/smarttow-jeoradar\\\/#webpage\",\"url\":\"https:\\\/\\\/enermak.com\\\/en\\\/urunler\\\/smarttow-jeoradar\\\/\",\"name\":\"SmartTow\\u2122 Jeoradar - Enermak Enerji\",\"description\":\"Altyap\\u0131 ve \\u015febeke tespitinde kullanabilece\\u011finiz, profesy\\u00f6nelli\\u011finizi bir ad\\u0131m ileri ta\\u015f\\u0131yacak bir \\u00e7ok \\u00fcr\\u00fcn Enermak Enerji'de. SmartTow\\u2122 Jeoradar\",\"inLanguage\":\"en-US\",\"isPartOf\":{\"@id\":\"https:\\\/\\\/enermak.com\\\/en\\\/#website\"},\"breadcrumb\":{\"@id\":\"https:\\\/\\\/enermak.com\\\/en\\\/urunler\\\/smarttow-jeoradar\\\/#breadcrumblist\"},\"image\":{\"@type\":\"ImageObject\",\"url\":\"https:\\\/\\\/enermak.com\\\/wp-content\\\/uploads\\\/2023\\\/01\\\/SmartTow\\u2122-Jeoradar-GPR-.jpg\",\"@id\":\"https:\\\/\\\/enermak.com\\\/en\\\/urunler\\\/smarttow-jeoradar\\\/#mainImage\",\"width\":600,\"height\":518,\"caption\":\"SmartTow\\u2122 Jeoradar GPR\"},\"primaryImageOfPage\":{\"@id\":\"https:\\\/\\\/enermak.com\\\/en\\\/urunler\\\/smarttow-jeoradar\\\/#mainImage\"},\"datePublished\":\"2023-01-30T11:38:07+03:00\",\"dateModified\":\"2024-12-06T10:52:37+03:00\"},{\"@type\":\"WebSite\",\"@id\":\"https:\\\/\\\/enermak.com\\\/en\\\/#website\",\"url\":\"https:\\\/\\\/enermak.com\\\/en\\\/\",\"name\":\"Enermak Enerji\",\"alternateName\":\"Yeralt\\u0131ndan Haberler\",\"description\":\"Yeralt\\u0131ndan Haberler\",\"inLanguage\":\"en-US\",\"publisher\":{\"@id\":\"https:\\\/\\\/enermak.com\\\/en\\\/#organization\"}}]}\n\t\t<\/script>\n\t\t<!-- All in One SEO Pro -->\r\n\t\t<title>SmartTow\u2122 Jeoradar - Enermak Enerji<\/title>\n\n","aioseo_head_json":{"title":"SmartTow\u2122 Jeoradar - Enermak Enerji","description":"Altyap\u0131 ve \u015febeke tespitinde kullanabilece\u011finiz, profesy\u00f6nelli\u011finizi bir ad\u0131m ileri ta\u015f\u0131yacak bir \u00e7ok \u00fcr\u00fcn Enermak Enerji'de. SmartTow\u2122 Jeoradar","canonical_url":"https:\/\/enermak.com\/en\/urunler\/smarttow-jeoradar\/","robots":"max-image-preview:large","keywords":"","webmasterTools":{"yandex-verification":"yandex-verification: 61c39bc218eec6a9","miscellaneous":""},"schema":{"@context":"https:\/\/schema.org","@graph":[{"@type":"BreadcrumbList","@id":"https:\/\/enermak.com\/en\/urunler\/smarttow-jeoradar\/#breadcrumblist","itemListElement":[{"@type":"ListItem","@id":"https:\/\/enermak.com\/en#listItem","position":1,"name":"Home","item":"https:\/\/enermak.com\/en","nextItem":{"@type":"ListItem","@id":"https:\/\/enermak.com\/en\/urunler\/#listItem","name":"\u00dcr\u00fcnler"}},{"@type":"ListItem","@id":"https:\/\/enermak.com\/en\/urunler\/#listItem","position":2,"name":"\u00dcr\u00fcnler","item":"https:\/\/enermak.com\/en\/urunler\/","nextItem":{"@type":"ListItem","@id":"https:\/\/enermak.com\/en\/brand\/radiodetection\/#listItem","name":"RADIODETECTION"},"previousItem":{"@type":"ListItem","@id":"https:\/\/enermak.com\/en#listItem","name":"Home"}},{"@type":"ListItem","@id":"https:\/\/enermak.com\/en\/brand\/radiodetection\/#listItem","position":3,"name":"RADIODETECTION","item":"https:\/\/enermak.com\/en\/brand\/radiodetection\/","nextItem":{"@type":"ListItem","@id":"https:\/\/enermak.com\/en\/brand\/radiodetection\/sensor_software\/#listItem","name":"SENSOR&amp;SOFTWARE"},"previousItem":{"@type":"ListItem","@id":"https:\/\/enermak.com\/en\/urunler\/#listItem","name":"\u00dcr\u00fcnler"}},{"@type":"ListItem","@id":"https:\/\/enermak.com\/en\/brand\/radiodetection\/sensor_software\/#listItem","position":4,"name":"SENSOR&amp;SOFTWARE","item":"https:\/\/enermak.com\/en\/brand\/radiodetection\/sensor_software\/","nextItem":{"@type":"ListItem","@id":"https:\/\/enermak.com\/en\/urunler\/smarttow-jeoradar\/#listItem","name":"SmartTow\u2122 Jeoradar"},"previousItem":{"@type":"ListItem","@id":"https:\/\/enermak.com\/en\/brand\/radiodetection\/#listItem","name":"RADIODETECTION"}},{"@type":"ListItem","@id":"https:\/\/enermak.com\/en\/urunler\/smarttow-jeoradar\/#listItem","position":5,"name":"SmartTow\u2122 Jeoradar","previousItem":{"@type":"ListItem","@id":"https:\/\/enermak.com\/en\/brand\/radiodetection\/sensor_software\/#listItem","name":"SENSOR&amp;SOFTWARE"}}]},{"@type":"ItemPage","@id":"https:\/\/enermak.com\/en\/urunler\/smarttow-jeoradar\/#itempage","url":"https:\/\/enermak.com\/en\/urunler\/smarttow-jeoradar\/","name":"SmartTow\u2122 Jeoradar - Enermak Enerji","description":"Altyap\u0131 ve \u015febeke tespitinde kullanabilece\u011finiz, profesy\u00f6nelli\u011finizi bir ad\u0131m ileri ta\u015f\u0131yacak bir \u00e7ok \u00fcr\u00fcn Enermak Enerji'de. SmartTow\u2122 Jeoradar","inLanguage":"en-US","isPartOf":{"@id":"https:\/\/enermak.com\/en\/#website"},"breadcrumb":{"@id":"https:\/\/enermak.com\/en\/urunler\/smarttow-jeoradar\/#breadcrumblist"},"image":{"@type":"ImageObject","url":"https:\/\/enermak.com\/wp-content\/uploads\/2023\/01\/SmartTow\u2122-Jeoradar-GPR-.jpg","@id":"https:\/\/enermak.com\/en\/urunler\/smarttow-jeoradar\/#mainImage","width":600,"height":518,"caption":"SmartTow\u2122 Jeoradar GPR"},"primaryImageOfPage":{"@id":"https:\/\/enermak.com\/en\/urunler\/smarttow-jeoradar\/#mainImage"},"datePublished":"2023-01-30T11:38:07+03:00","dateModified":"2024-12-06T10:52:37+03:00"},{"@type":"Organization","@id":"https:\/\/enermak.com\/en\/#organization","name":"Enermak Enerji","description":"Yeralt\u0131ndan Haberler","url":"https:\/\/enermak.com\/en\/","telephone":"+903123851102","logo":{"@type":"ImageObject","url":"https:\/\/enermak.com\/wp-content\/uploads\/2022\/03\/logo-tr-1.png","@id":"https:\/\/enermak.com\/en\/urunler\/smarttow-jeoradar\/#organizationLogo"},"image":{"@id":"https:\/\/enermak.com\/en\/urunler\/smarttow-jeoradar\/#organizationLogo"},"sameAs":["https:\/\/www.facebook.com\/YERALTINDANHABERLER\/","https:\/\/twitter.com\/enerjienermak","https:\/\/www.instagram.com\/enermakenerji\/","https:\/\/www.youtube.com\/c\/EnermakEnerji","https:\/\/www.linkedin.com\/in\/enermak"]},{"@type":"WebPage","@id":"https:\/\/enermak.com\/en\/urunler\/smarttow-jeoradar\/#webpage","url":"https:\/\/enermak.com\/en\/urunler\/smarttow-jeoradar\/","name":"SmartTow\u2122 Jeoradar - Enermak Enerji","description":"Altyap\u0131 ve \u015febeke tespitinde kullanabilece\u011finiz, profesy\u00f6nelli\u011finizi bir ad\u0131m ileri ta\u015f\u0131yacak bir \u00e7ok \u00fcr\u00fcn Enermak Enerji'de. SmartTow\u2122 Jeoradar","inLanguage":"en-US","isPartOf":{"@id":"https:\/\/enermak.com\/en\/#website"},"breadcrumb":{"@id":"https:\/\/enermak.com\/en\/urunler\/smarttow-jeoradar\/#breadcrumblist"},"image":{"@type":"ImageObject","url":"https:\/\/enermak.com\/wp-content\/uploads\/2023\/01\/SmartTow\u2122-Jeoradar-GPR-.jpg","@id":"https:\/\/enermak.com\/en\/urunler\/smarttow-jeoradar\/#mainImage","width":600,"height":518,"caption":"SmartTow\u2122 Jeoradar GPR"},"primaryImageOfPage":{"@id":"https:\/\/enermak.com\/en\/urunler\/smarttow-jeoradar\/#mainImage"},"datePublished":"2023-01-30T11:38:07+03:00","dateModified":"2024-12-06T10:52:37+03:00"},{"@type":"WebSite","@id":"https:\/\/enermak.com\/en\/#website","url":"https:\/\/enermak.com\/en\/","name":"Enermak Enerji","alternateName":"Yeralt\u0131ndan Haberler","description":"Yeralt\u0131ndan Haberler","inLanguage":"en-US","publisher":{"@id":"https:\/\/enermak.com\/en\/#organization"}}]},"og:locale":"en_US","og:site_name":"Enermak Enerji - Yeralt\u0131ndan Haberler","og:type":"article","og:title":"SmartTow\u2122 Jeoradar - Enermak Enerji","og:description":"Altyap\u0131 ve \u015febeke tespitinde kullanabilece\u011finiz, profesy\u00f6nelli\u011finizi bir ad\u0131m ileri ta\u015f\u0131yacak bir \u00e7ok \u00fcr\u00fcn Enermak Enerji'de. SmartTow\u2122 Jeoradar","og:url":"https:\/\/enermak.com\/en\/urunler\/smarttow-jeoradar\/","og:image":"https:\/\/enermak.com\/wp-content\/uploads\/2022\/03\/logo-tr-1.png","og:image:secure_url":"https:\/\/enermak.com\/wp-content\/uploads\/2022\/03\/logo-tr-1.png","article:published_time":"2023-01-30T08:38:07+00:00","article:modified_time":"2024-12-06T07:52:37+00:00","article:publisher":"https:\/\/www.facebook.com\/YERALTINDANHABERLER\/","twitter:card":"summary_large_image","twitter:site":"@enerjienermak","twitter:title":"SmartTow\u2122 Jeoradar - Enermak Enerji","twitter:description":"Altyap\u0131 ve \u015febeke tespitinde kullanabilece\u011finiz, profesy\u00f6nelli\u011finizi bir ad\u0131m ileri ta\u015f\u0131yacak bir \u00e7ok \u00fcr\u00fcn Enermak Enerji'de. SmartTow\u2122 Jeoradar","twitter:image":"https:\/\/enermak.com\/wp-content\/uploads\/2022\/03\/logo-tr-1.png"},"aioseo_meta_data":{"post_id":"25771","title":null,"description":"Altyap\u0131 ve \u015febeke tespitinde kullanabilece\u011finiz, profesy\u00f6nelli\u011finizi bir ad\u0131m ileri ta\u015f\u0131yacak bir \u00e7ok \u00fcr\u00fcn Enermak Enerji'de. SmartTow\u2122 Jeoradar","keywords":null,"keyphrases":{"focus":{"keyphrase":"Jeoradar","score":90,"analysis":{"keyphraseInTitle":{"score":9,"maxScore":9,"error":0},"keyphraseInDescription":{"score":9,"maxScore":9,"error":0},"keyphraseLength":{"score":9,"maxScore":9,"error":0,"length":1},"keyphraseInURL":{"score":5,"maxScore":5,"error":0},"keyphraseInIntroduction":{"score":3,"maxScore":9,"error":1},"keyphraseInSubHeadings":{"score":9,"maxScore":9,"error":0},"keyphraseInImageAlt":[],"keywordDensity":{"type":"best","score":9,"maxScore":9,"error":0}}},"additional":[]},"primary_term":null,"canonical_url":null,"og_title":null,"og_description":null,"og_object_type":"default","og_image_type":"default","og_image_url":null,"og_image_width":null,"og_image_height":null,"og_image_custom_url":null,"og_image_custom_fields":null,"og_video":"","og_custom_url":null,"og_article_section":null,"og_article_tags":null,"twitter_use_og":false,"twitter_card":"default","twitter_image_type":"default","twitter_image_url":null,"twitter_image_custom_url":null,"twitter_image_custom_fields":null,"twitter_title":null,"twitter_description":null,"schema":{"blockGraphs":[],"customGraphs":[],"default":{"data":{"Article":[],"Course":[],"Dataset":[],"FAQPage":[],"Movie":[],"Person":[],"Product":[],"ProductReview":[],"Car":[],"Recipe":[],"Service":[],"SoftwareApplication":[],"WebPage":[]},"graphName":"ItemPage","isEnabled":true},"graphs":[]},"schema_type":"default","schema_type_options":null,"pillar_content":false,"robots_default":true,"robots_noindex":false,"robots_noarchive":false,"robots_nosnippet":false,"robots_nofollow":false,"robots_noimageindex":false,"robots_noodp":false,"robots_notranslate":false,"robots_max_snippet":"-1","robots_max_videopreview":"-1","robots_max_imagepreview":"large","priority":null,"frequency":"default","local_seo":null,"seo_analyzer_scan_date":"2026-02-18 11:21:56","breadcrumb_settings":null,"limit_modified_date":true,"reviewed_by":null,"open_ai":"{\"title\":{\"suggestions\":[],\"usage\":0},\"description\":{\"suggestions\":[],\"usage\":0}}","ai":{"faqs":[],"keyPoints":[],"titles":[],"descriptions":[],"socialPosts":{"email":[],"linkedin":[],"twitter":[],"facebook":[],"instagram":[]}},"created":"2023-01-30 08:38:07","updated":"2026-02-18 11:21:56"},"aioseo_breadcrumb":"<div class=\"aioseo-breadcrumbs\"><span class=\"aioseo-breadcrumb\">\n\t<a href=\"https:\/\/enermak.com\/en\" title=\"Home\">Home<\/a>\n<\/span><span class=\"aioseo-breadcrumb-separator\">\u00bb<\/span><span class=\"aioseo-breadcrumb\">\n\t<a href=\"https:\/\/enermak.com\/en\/urunler\/\" title=\"\u00dcr\u00fcnler\">\u00dcr\u00fcnler<\/a>\n<\/span><span class=\"aioseo-breadcrumb-separator\">\u00bb<\/span><span class=\"aioseo-breadcrumb\">\n\t<a href=\"https:\/\/enermak.com\/en\/brand\/radiodetection\/\" title=\"RADIODETECTION\">RADIODETECTION<\/a>\n<\/span><span class=\"aioseo-breadcrumb-separator\">\u00bb<\/span><span class=\"aioseo-breadcrumb\">\n\t<a href=\"https:\/\/enermak.com\/en\/brand\/radiodetection\/sensor_software\/\" title=\"SENSOR&amp;SOFTWARE\">SENSOR&amp;SOFTWARE<\/a>\n<\/span><span class=\"aioseo-breadcrumb-separator\">\u00bb<\/span><span class=\"aioseo-breadcrumb\">\n\tSmartTow\u2122 Jeoradar\n<\/span><\/div>","aioseo_breadcrumb_json":[{"label":"Home","link":"https:\/\/enermak.com\/en"},{"label":"\u00dcr\u00fcnler","link":"https:\/\/enermak.com\/en\/urunler\/"},{"label":"RADIODETECTION","link":"https:\/\/enermak.com\/en\/brand\/radiodetection\/"},{"label":"SENSOR&amp;SOFTWARE","link":"https:\/\/enermak.com\/en\/brand\/radiodetection\/sensor_software\/"},{"label":"SmartTow\u2122 Jeoradar","link":"https:\/\/enermak.com\/en\/urunler\/smarttow-jeoradar\/"}],"_links":{"self":[{"href":"https:\/\/enermak.com\/en\/wp-json\/wp\/v2\/product\/25771","targetHints":{"allow":["GET"]}}],"collection":[{"href":"https:\/\/enermak.com\/en\/wp-json\/wp\/v2\/product"}],"about":[{"href":"https:\/\/enermak.com\/en\/wp-json\/wp\/v2\/types\/product"}],"version-history":[{"count":0,"href":"https:\/\/enermak.com\/en\/wp-json\/wp\/v2\/product\/25771\/revisions"}],"wp:featuredmedia":[{"embeddable":true,"href":"https:\/\/enermak.com\/en\/wp-json\/wp\/v2\/media\/33895"}],"wp:attachment":[{"href":"https:\/\/enermak.com\/en\/wp-json\/wp\/v2\/media?parent=25771"}],"wp:term":[{"taxonomy":"product_brand","embeddable":true,"href":"https:\/\/enermak.com\/en\/wp-json\/wp\/v2\/product_brand?post=25771"},{"taxonomy":"product_cat","embeddable":true,"href":"https:\/\/enermak.com\/en\/wp-json\/wp\/v2\/product_cat?post=25771"},{"taxonomy":"product_tag","embeddable":true,"href":"https:\/\/enermak.com\/en\/wp-json\/wp\/v2\/product_tag?post=25771"},{"taxonomy":"product_brands","embeddable":true,"href":"https:\/\/enermak.com\/en\/wp-json\/wp\/v2\/product_brands?post=25771"}],"curies":[{"name":"wp","href":"https:\/\/api.w.org\/{rel}","templated":true}]}}