{"id":60,"date":"2023-10-05T04:26:55","date_gmt":"2023-10-05T04:26:55","guid":{"rendered":"http:\/\/192.168.1.150\/user2\/wp_prototypes\/medical\/?page_id=60"},"modified":"2026-02-06T15:15:10","modified_gmt":"2026-02-06T12:15:10","slug":"sss","status":"publish","type":"page","link":"https:\/\/enermak.com\/en\/sss\/","title":{"rendered":"FAQ"},"content":{"rendered":"\t\t<div data-elementor-type=\"wp-page\" data-elementor-id=\"60\" class=\"elementor elementor-60\">\n\t\t\t\t\t\t<section class=\"elementor-section elementor-top-section elementor-element elementor-element-e687636 elementor-section-full_width elementor-section-stretched elementor-section-height-default elementor-section-height-default\" data-id=\"e687636\" data-element_type=\"section\" data-e-type=\"section\" data-settings=\"{&quot;stretch_section&quot;:&quot;section-stretched&quot;}\">\n\t\t\t\t\t\t<div class=\"elementor-container elementor-column-gap-default\">\n\t\t\t\t\t<div class=\"elementor-column elementor-col-100 elementor-top-column elementor-element elementor-element-0511b0e\" data-id=\"0511b0e\" data-element_type=\"column\" data-e-type=\"column\">\n\t\t\t<div class=\"elementor-widget-wrap elementor-element-populated\">\n\t\t\t\t\t\t<div class=\"elementor-element elementor-element-3c52651 elementor-widget elementor-widget-html\" data-id=\"3c52651\" data-element_type=\"widget\" data-e-type=\"widget\" data-widget_type=\"html.default\">\n\t\t\t\t\t<!DOCTYPE html>\r\n<html lang=\"tr\">\r\n<head>\r\n    <meta charset=\"UTF-8\">\r\n    <meta name=\"viewport\" content=\"width=device-width, initial-scale=1.0\">\r\n    <link href=\"https:\/\/fonts.googleapis.com\/css2?family=Jost:wght@400;500;600;800&display=swap\" rel=\"stylesheet\">\r\n    <style>\r\n        \/* ================= ENERMAK \u00d6ZEL SSS ALANI ================= *\/\r\n        .enm-support-wrapper { \r\n            font-family: 'Jost', sans-serif; \r\n            color: #1a1a1a; \r\n            background: #fff; \r\n            line-height: 1.6; \r\n            position: relative; \r\n            overflow: hidden;\r\n            display: block;\r\n        }\r\n\r\n        \/* ================= \u00dcST BA\u015eLIK ALANI ================= *\/\r\n        .enm-support-header {\r\n            position: relative;\r\n            padding: 100px 20px 80px;\r\n            background: #fdfdfd;\r\n            text-align: center;\r\n        }\r\n\r\n        .enm-support-label {\r\n            display: inline-block;\r\n            padding: 6px 18px;\r\n            background: rgba(242, 121, 0, 0.1);\r\n            color: #f27900;\r\n            border-radius: 50px;\r\n            font-size: 13px;\r\n            font-weight: 600;\r\n            margin-bottom: 25px;\r\n            position: relative;\r\n            z-index: 5;\r\n        }\r\n\r\n        .enm-support-title { \r\n            font-size: 52px; \r\n            font-weight: 600; \r\n            margin-bottom: 20px; \r\n            position: relative; \r\n            z-index: 5; \r\n            letter-spacing: -1px; \r\n            line-height: 1.2;\r\n        }\r\n        .enm-support-title span { color: #f27900; }\r\n        .enm-support-desc { max-width: 600px; margin: 0 auto; color: #666; font-size: 18px; position: relative; z-index: 5; }\r\n\r\n        \/* ARKA PLAN EFEKTLER\u0130 *\/\r\n        .enm-support-line {\r\n            position: absolute;\r\n            left: -10%; width: 140%; height: 2px;\r\n            background: linear-gradient(90deg, transparent, #f27900, transparent);\r\n            opacity: .15;\r\n            animation: enm-flow 12s linear infinite;\r\n            pointer-events: none;\r\n            z-index: 1;\r\n        }\r\n        .enm-line-pos { top: 60% } \r\n        \r\n        .enm-support-circle {\r\n            position: absolute;\r\n            width: 400px; height: 400px;\r\n            border: 1px solid #f27900;\r\n            border-radius: 50%;\r\n            opacity: .08;\r\n            animation: enm-rotate 60s linear infinite;\r\n            pointer-events: none;\r\n            z-index: 1;\r\n        }\r\n        .enm-circle-pos { top: -100px; right: -100px; }\r\n\r\n        @keyframes enm-flow { from { transform: translateX(-10%) } to { transform: translateX(10%) } }\r\n        @keyframes enm-rotate { from { transform: rotate(0deg) } to { transform: rotate(360deg) } }\r\n\r\n        \/* ================= AKORD\u0130YON L\u0130STES\u0130 ================= *\/\r\n        .enm-faq-main {\r\n            max-width: 900px;\r\n            margin: -40px auto 100px;\r\n            padding: 0 20px;\r\n            position: relative;\r\n            z-index: 10;\r\n        }\r\n\r\n        .enm-faq-box {\r\n            background: #fff;\r\n            border: 1px solid #eee !important;\r\n            border-radius: 15px;\r\n            margin-bottom: 15px;\r\n            transition: all 0.3s ease;\r\n            box-shadow: 0 5px 15px rgba(0,0,0,0.02);\r\n            display: block;\r\n            overflow: hidden;\r\n        }\r\n\r\n        .enm-faq-box:hover {\r\n            border-color: #f27900 !important;\r\n            box-shadow: 0 10px 25px rgba(242, 121, 0, 0.08);\r\n        }\r\n\r\n        .enm-faq-box summary {\r\n            padding: 25px 30px;\r\n            list-style: none;\r\n            cursor: pointer;\r\n            font-size: 19px;\r\n            font-weight: 600;\r\n            color: #1a1a1a;\r\n            display: flex;\r\n            justify-content: space-between;\r\n            align-items: center;\r\n        }\r\n\r\n        .enm-faq-box summary::-webkit-details-marker { display: none; }\r\n\r\n        .enm-faq-box summary::after {\r\n            content: '+';\r\n            font-size: 24px;\r\n            color: #f27900;\r\n            transition: transform 0.3s ease;\r\n        }\r\n\r\n        .enm-faq-box[open] summary::after {\r\n            transform: rotate(45deg);\r\n        }\r\n\r\n        .enm-faq-box[open] summary {\r\n            border-bottom: 1px solid #f9f9f9;\r\n            color: #f27900;\r\n        }\r\n\r\n        .enm-faq-text {\r\n            padding: 20px 30px 30px;\r\n            font-size: 17px;\r\n            color: #555;\r\n            line-height: 1.7;\r\n        }\r\n\r\n        \/* ================= MOB\u0130L AYARLAR ================= *\/\r\n        @media(max-width:768px){\r\n            .enm-support-title { font-size: 32px; }\r\n            .enm-support-header { padding: 60px 20px 40px; }\r\n            .enm-faq-box summary { font-size: 17px; padding: 20px; }\r\n            .enm-faq-text { padding: 15px 20px 25px; }\r\n        }\r\n    <\/style>\r\n<\/head>\r\n<body>\r\n\r\n<main class=\"enm-support-wrapper\">\r\n\r\n    <header class=\"enm-support-header\">\r\n        <div class=\"enm-support-line enm-line-pos\"><\/div>\r\n        <div class=\"enm-support-circle enm-circle-pos\"><\/div>\r\n        \r\n        <span class=\"enm-support-label\">Destek Merkezi<\/span>\r\n        <h1 class=\"enm-support-title\">Merak Edilenler: <span>SSS<\/span><\/h1>\r\n        <p class=\"enm-support-desc\">Enermak Enerji \u00e7\u00f6z\u00fcmleri, s\u00fcre\u00e7leri ve teknik hizmetleri hakk\u0131nda en \u00e7ok sorulan sorular\u0131 bir araya getirdik.<\/p>\r\n    <\/header>\r\n\r\n    <div class=\"enm-faq-main\">\r\n        \r\n        <details class=\"enm-faq-box\">\r\n            <summary>Enermak Enerji hangi hizmetleri sunuyor?<\/summary>\r\n            <div class=\"enm-faq-text\">\r\n                Altyap\u0131 ve \u015febeke tespitinde profesyonel \u00e7\u00f6z\u00fcmler; kanal g\u00f6r\u00fcnt\u00fcleme, su kay\u0131p tespiti, boru hatt\u0131 denetimleri ve daha fazlas\u0131yla u\u00e7tan uca m\u00fchendislik deste\u011fi sa\u011fl\u0131yoruz.\r\n            <\/div>\r\n        <\/details>\r\n\r\n        <details class=\"enm-faq-box\">\r\n            <summary>Belgeleriniz ve sertifikalar\u0131n\u0131z nelerdir?<\/summary>\r\n            <div class=\"enm-faq-text\">\r\n                Kalite standartlar\u0131m\u0131z\u0131 tescilliyoruz. ISO 9001, ISO 14001, TSE Hizmet Yeterlilik Belgesi ve CE belgeleriyle uluslararas\u0131 normlara uygun olarak faaliyet g\u00f6steriyoruz.\r\n            <\/div>\r\n        <\/details>\r\n\r\n        <details class=\"enm-faq-box\">\r\n            <summary>\u00dcr\u00fcnlerinizin garanti s\u00fcresi ne kadar?<\/summary>\r\n            <div class=\"enm-faq-text\">\r\n                T\u00fcm teknolojik cihazlar\u0131m\u0131z ve donan\u0131mlar\u0131m\u0131z \u00fcretici garantisi kapsam\u0131ndad\u0131r. Garanti s\u00fcreleri, \u00fcr\u00fcn\u00fcn niteli\u011fine ve tipine ba\u011fl\u0131 olarak de\u011fi\u015fkenlik g\u00f6sterebilir; detayl\u0131 bilgi i\u00e7in teknik ekibimizle g\u00f6r\u00fc\u015febilirsiniz.\r\n            <\/div>\r\n        <\/details>\r\n\r\n        <details class=\"enm-faq-box\">\r\n            <summary>Servis ve bak\u0131m hizmeti veriyor musunuz?<\/summary>\r\n            <div class=\"enm-faq-text\">\r\n                Kesinlikle. Sadece sat\u0131\u015f odakl\u0131 de\u011fil, \u00e7\u00f6z\u00fcm odakl\u0131y\u0131z. Sat\u0131\u015f sonras\u0131 teknik destek, periyodik bak\u0131m ve h\u0131zl\u0131 onar\u0131m hizmetlerimizle cihazlar\u0131n\u0131z\u0131n \u00f6mr\u00fcn\u00fc uzat\u0131yoruz.\r\n            <\/div>\r\n        <\/details>\r\n\r\n        <details class=\"enm-faq-box\">\r\n            <summary>Yerli \u00fcretim \u00fcr\u00fcnleriniz var m\u0131?<\/summary>\r\n            <div class=\"enm-faq-text\">\r\n                Evet, yerli teknolojiye yat\u0131r\u0131m yap\u0131yoruz. <strong>Tespit edilebilir ikaz band\u0131<\/strong> ve <strong>Elektronik i\u015faretleyici (Omni Marker)<\/strong> gibi kritik altyap\u0131 bile\u015fenlerini yerli \u00fcretimle sunuyoruz.\r\n            <\/div>\r\n        <\/details>\r\n\r\n        <details class=\"enm-faq-box\">\r\n            <summary>Nas\u0131l ileti\u015fim kurabilirim?<\/summary>\r\n            <div class=\"enm-faq-text\">\r\n                Size bir telefon kadar yak\u0131n\u0131z. Telefon, e-posta veya web sitemizdeki interaktif ileti\u015fim formu \u00fczerinden bizimle diledi\u011finiz zaman ileti\u015fime ge\u00e7ebilirsiniz.\r\n            <\/div>\r\n        <\/details>\r\n\r\n    <\/div>\r\n\r\n<\/main>\r\n\r\n<\/body>\r\n<\/html>\t\t\t\t<\/div>\n\t\t\t\t\t<\/div>\n\t\t<\/div>\n\t\t\t\t\t<\/div>\n\t\t<\/section>\n\t\t\t\t<\/div>\n\t\t","protected":false},"excerpt":{"rendered":"<p>Destek Merkezi Merak Edilenler: SSS Enermak Enerji \u00e7\u00f6z\u00fcmleri, s\u00fcre\u00e7leri ve teknik hizmetleri hakk\u0131nda en \u00e7ok sorulan sorular\u0131 bir araya getirdik. Enermak Enerji hangi hizmetleri sunuyor? Altyap\u0131 ve \u015febeke tespitinde profesyonel \u00e7\u00f6z\u00fcmler; kanal g\u00f6r\u00fcnt\u00fcleme, su kay\u0131p tespiti, boru hatt\u0131 denetimleri ve daha fazlas\u0131yla u\u00e7tan uca m\u00fchendislik deste\u011fi sa\u011fl\u0131yoruz. Belgeleriniz ve sertifikalar\u0131n\u0131z nelerdir? Kalite standartlar\u0131m\u0131z\u0131 tescilliyoruz. ISO&#8230;<\/p>","protected":false},"author":1,"featured_media":0,"parent":0,"menu_order":0,"comment_status":"closed","ping_status":"closed","template":"elementor_theme","meta":{"_bst_post_transparent":"","_bst_post_title":"hide","_bst_post_layout":"normal","_bst_post_sidebar_id":"","_bst_post_content_style":"unboxed","_bst_post_vertical_padding":"default","_bst_post_feature":"hide","_bst_post_feature_position":"","_bst_post_header":false,"_bst_post_footer":false,"footnotes":""},"class_list":["post-60","page","type-page","status-publish","hentry"],"aioseo_notices":[],"aioseo_head":"\n\t\t<!-- All in One SEO Pro 4.9.6.2 - aioseo.com -->\n\t<meta name=\"description\" content=\"Enermak SSS sayfas\u0131yla su ka\u00e7a\u011f\u0131 tespiti, altyap\u0131 g\u00f6r\u00fcnt\u00fcleme ve debi \u00f6l\u00e7\u00fcm\u00fc gibi teknik konularda merak etti\u011finiz t\u00fcm sorular\u0131n yan\u0131tlar\u0131na h\u0131zl\u0131ca ula\u015f\u0131n.\" \/>\n\t<meta name=\"robots\" content=\"max-image-preview:large\" \/>\n\t<meta name=\"yandex-verification\" content=\"yandex-verification: 61c39bc218eec6a9\" \/>\n\t<link rel=\"canonical\" href=\"https:\/\/enermak.com\/en\/sss\/\" \/>\n\t<meta name=\"generator\" content=\"All in One SEO Pro (AIOSEO) 4.9.6.2\" \/>\n\t\t<meta property=\"og:locale\" content=\"en_US\" \/>\n\t\t<meta property=\"og:site_name\" content=\"Enermak Enerji - Yeralt\u0131ndan Haberler\" \/>\n\t\t<meta property=\"og:type\" content=\"article\" \/>\n\t\t<meta property=\"og:title\" content=\"S\u0131k\u00e7a Sorulan Sorular - Enermak Enerji\" \/>\n\t\t<meta property=\"og:description\" content=\"Enermak SSS sayfas\u0131yla su ka\u00e7a\u011f\u0131 tespiti, altyap\u0131 g\u00f6r\u00fcnt\u00fcleme ve debi \u00f6l\u00e7\u00fcm\u00fc gibi teknik konularda merak etti\u011finiz t\u00fcm sorular\u0131n yan\u0131tlar\u0131na h\u0131zl\u0131ca ula\u015f\u0131n.\" \/>\n\t\t<meta property=\"og:url\" content=\"https:\/\/enermak.com\/en\/sss\/\" \/>\n\t\t<meta property=\"og:image\" content=\"https:\/\/enermak.com\/wp-content\/uploads\/2022\/03\/logo-tr-1.png\" \/>\n\t\t<meta property=\"og:image:secure_url\" content=\"https:\/\/enermak.com\/wp-content\/uploads\/2022\/03\/logo-tr-1.png\" \/>\n\t\t<meta property=\"article:published_time\" content=\"2023-10-05T04:26:55+00:00\" \/>\n\t\t<meta property=\"article:modified_time\" content=\"2026-02-06T12:15:10+00:00\" \/>\n\t\t<meta property=\"article:publisher\" content=\"https:\/\/www.facebook.com\/YERALTINDANHABERLER\/\" \/>\n\t\t<meta name=\"twitter:card\" content=\"summary_large_image\" \/>\n\t\t<meta name=\"twitter:site\" content=\"@enerjienermak\" \/>\n\t\t<meta name=\"twitter:title\" content=\"S\u0131k\u00e7a Sorulan Sorular - Enermak Enerji\" \/>\n\t\t<meta name=\"twitter:description\" content=\"Enermak SSS sayfas\u0131yla su ka\u00e7a\u011f\u0131 tespiti, altyap\u0131 g\u00f6r\u00fcnt\u00fcleme ve debi \u00f6l\u00e7\u00fcm\u00fc gibi teknik konularda merak etti\u011finiz t\u00fcm sorular\u0131n yan\u0131tlar\u0131na h\u0131zl\u0131ca ula\u015f\u0131n.\" \/>\n\t\t<meta name=\"twitter:creator\" content=\"@enerjienermak\" \/>\n\t\t<meta name=\"twitter:image\" content=\"https:\/\/enermak.com\/wp-content\/uploads\/2022\/03\/logo-tr-1.png\" \/>\n\t\t<script type=\"application\/ld+json\" class=\"aioseo-schema\">\n\t\t\t{\"@context\":\"https:\\\/\\\/schema.org\",\"@graph\":[{\"@type\":\"BreadcrumbList\",\"@id\":\"https:\\\/\\\/enermak.com\\\/en\\\/sss\\\/#breadcrumblist\",\"itemListElement\":[{\"@type\":\"ListItem\",\"@id\":\"https:\\\/\\\/enermak.com\\\/en#listItem\",\"position\":1,\"name\":\"Home\",\"item\":\"https:\\\/\\\/enermak.com\\\/en\",\"nextItem\":{\"@type\":\"ListItem\",\"@id\":\"https:\\\/\\\/enermak.com\\\/en\\\/sss\\\/#listItem\",\"name\":\"SSS\"}},{\"@type\":\"ListItem\",\"@id\":\"https:\\\/\\\/enermak.com\\\/en\\\/sss\\\/#listItem\",\"position\":2,\"name\":\"SSS\",\"previousItem\":{\"@type\":\"ListItem\",\"@id\":\"https:\\\/\\\/enermak.com\\\/en#listItem\",\"name\":\"Home\"}}]},{\"@type\":\"Organization\",\"@id\":\"https:\\\/\\\/enermak.com\\\/en\\\/#organization\",\"name\":\"Enermak Enerji\",\"description\":\"Yeralt\\u0131ndan Haberler\",\"url\":\"https:\\\/\\\/enermak.com\\\/en\\\/\",\"telephone\":\"+903123851102\",\"logo\":{\"@type\":\"ImageObject\",\"url\":\"https:\\\/\\\/enermak.com\\\/wp-content\\\/uploads\\\/2022\\\/03\\\/logo-tr-1.png\",\"@id\":\"https:\\\/\\\/enermak.com\\\/en\\\/sss\\\/#organizationLogo\"},\"image\":{\"@id\":\"https:\\\/\\\/enermak.com\\\/en\\\/sss\\\/#organizationLogo\"},\"sameAs\":[\"https:\\\/\\\/www.facebook.com\\\/YERALTINDANHABERLER\\\/\",\"https:\\\/\\\/twitter.com\\\/enerjienermak\",\"https:\\\/\\\/www.instagram.com\\\/enermakenerji\\\/\",\"https:\\\/\\\/www.youtube.com\\\/c\\\/EnermakEnerji\",\"https:\\\/\\\/www.linkedin.com\\\/in\\\/enermak\"]},{\"@type\":\"WebPage\",\"@id\":\"https:\\\/\\\/enermak.com\\\/en\\\/sss\\\/#webpage\",\"url\":\"https:\\\/\\\/enermak.com\\\/en\\\/sss\\\/\",\"name\":\"S\\u0131k\\u00e7a Sorulan Sorular - Enermak Enerji\",\"description\":\"Enermak SSS sayfas\\u0131yla su ka\\u00e7a\\u011f\\u0131 tespiti, altyap\\u0131 g\\u00f6r\\u00fcnt\\u00fcleme ve debi \\u00f6l\\u00e7\\u00fcm\\u00fc gibi teknik konularda merak etti\\u011finiz t\\u00fcm sorular\\u0131n yan\\u0131tlar\\u0131na h\\u0131zl\\u0131ca ula\\u015f\\u0131n.\",\"inLanguage\":\"en-US\",\"isPartOf\":{\"@id\":\"https:\\\/\\\/enermak.com\\\/en\\\/#website\"},\"breadcrumb\":{\"@id\":\"https:\\\/\\\/enermak.com\\\/en\\\/sss\\\/#breadcrumblist\"},\"datePublished\":\"2023-10-05T04:26:55+03:00\",\"dateModified\":\"2026-02-06T15:15:10+03:00\"},{\"@type\":\"WebSite\",\"@id\":\"https:\\\/\\\/enermak.com\\\/en\\\/#website\",\"url\":\"https:\\\/\\\/enermak.com\\\/en\\\/\",\"name\":\"Enermak Enerji\",\"alternateName\":\"Yeralt\\u0131ndan Haberler\",\"description\":\"Yeralt\\u0131ndan Haberler\",\"inLanguage\":\"en-US\",\"publisher\":{\"@id\":\"https:\\\/\\\/enermak.com\\\/en\\\/#organization\"}}]}\n\t\t<\/script>\n\t\t<!-- All in One SEO Pro -->\r\n\t\t<title>S\u0131k\u00e7a Sorulan Sorular - Enermak Enerji<\/title>\n\n","aioseo_head_json":{"title":"S\u0131k\u00e7a Sorulan Sorular - Enermak Enerji","description":"Enermak SSS sayfas\u0131yla su ka\u00e7a\u011f\u0131 tespiti, altyap\u0131 g\u00f6r\u00fcnt\u00fcleme ve debi \u00f6l\u00e7\u00fcm\u00fc gibi teknik konularda merak etti\u011finiz t\u00fcm sorular\u0131n yan\u0131tlar\u0131na h\u0131zl\u0131ca ula\u015f\u0131n.","canonical_url":"https:\/\/enermak.com\/en\/sss\/","robots":"max-image-preview:large","keywords":"","webmasterTools":{"yandex-verification":"yandex-verification: 61c39bc218eec6a9","miscellaneous":""},"schema":{"@context":"https:\/\/schema.org","@graph":[{"@type":"BreadcrumbList","@id":"https:\/\/enermak.com\/en\/sss\/#breadcrumblist","itemListElement":[{"@type":"ListItem","@id":"https:\/\/enermak.com\/en#listItem","position":1,"name":"Home","item":"https:\/\/enermak.com\/en","nextItem":{"@type":"ListItem","@id":"https:\/\/enermak.com\/en\/sss\/#listItem","name":"SSS"}},{"@type":"ListItem","@id":"https:\/\/enermak.com\/en\/sss\/#listItem","position":2,"name":"SSS","previousItem":{"@type":"ListItem","@id":"https:\/\/enermak.com\/en#listItem","name":"Home"}}]},{"@type":"Organization","@id":"https:\/\/enermak.com\/en\/#organization","name":"Enermak Enerji","description":"Yeralt\u0131ndan Haberler","url":"https:\/\/enermak.com\/en\/","telephone":"+903123851102","logo":{"@type":"ImageObject","url":"https:\/\/enermak.com\/wp-content\/uploads\/2022\/03\/logo-tr-1.png","@id":"https:\/\/enermak.com\/en\/sss\/#organizationLogo"},"image":{"@id":"https:\/\/enermak.com\/en\/sss\/#organizationLogo"},"sameAs":["https:\/\/www.facebook.com\/YERALTINDANHABERLER\/","https:\/\/twitter.com\/enerjienermak","https:\/\/www.instagram.com\/enermakenerji\/","https:\/\/www.youtube.com\/c\/EnermakEnerji","https:\/\/www.linkedin.com\/in\/enermak"]},{"@type":"WebPage","@id":"https:\/\/enermak.com\/en\/sss\/#webpage","url":"https:\/\/enermak.com\/en\/sss\/","name":"S\u0131k\u00e7a Sorulan Sorular - Enermak Enerji","description":"Enermak SSS sayfas\u0131yla su ka\u00e7a\u011f\u0131 tespiti, altyap\u0131 g\u00f6r\u00fcnt\u00fcleme ve debi \u00f6l\u00e7\u00fcm\u00fc gibi teknik konularda merak etti\u011finiz t\u00fcm sorular\u0131n yan\u0131tlar\u0131na h\u0131zl\u0131ca ula\u015f\u0131n.","inLanguage":"en-US","isPartOf":{"@id":"https:\/\/enermak.com\/en\/#website"},"breadcrumb":{"@id":"https:\/\/enermak.com\/en\/sss\/#breadcrumblist"},"datePublished":"2023-10-05T04:26:55+03:00","dateModified":"2026-02-06T15:15:10+03:00"},{"@type":"WebSite","@id":"https:\/\/enermak.com\/en\/#website","url":"https:\/\/enermak.com\/en\/","name":"Enermak Enerji","alternateName":"Yeralt\u0131ndan Haberler","description":"Yeralt\u0131ndan Haberler","inLanguage":"en-US","publisher":{"@id":"https:\/\/enermak.com\/en\/#organization"}}]},"og:locale":"en_US","og:site_name":"Enermak Enerji - Yeralt\u0131ndan Haberler","og:type":"article","og:title":"S\u0131k\u00e7a Sorulan Sorular - Enermak Enerji","og:description":"Enermak SSS sayfas\u0131yla su ka\u00e7a\u011f\u0131 tespiti, altyap\u0131 g\u00f6r\u00fcnt\u00fcleme ve debi \u00f6l\u00e7\u00fcm\u00fc gibi teknik konularda merak etti\u011finiz t\u00fcm sorular\u0131n yan\u0131tlar\u0131na h\u0131zl\u0131ca ula\u015f\u0131n.","og:url":"https:\/\/enermak.com\/en\/sss\/","og:image":"https:\/\/enermak.com\/wp-content\/uploads\/2022\/03\/logo-tr-1.png","og:image:secure_url":"https:\/\/enermak.com\/wp-content\/uploads\/2022\/03\/logo-tr-1.png","article:published_time":"2023-10-05T04:26:55+00:00","article:modified_time":"2026-02-06T12:15:10+00:00","article:publisher":"https:\/\/www.facebook.com\/YERALTINDANHABERLER\/","twitter:card":"summary_large_image","twitter:site":"@enerjienermak","twitter:title":"S\u0131k\u00e7a Sorulan Sorular - Enermak Enerji","twitter:description":"Enermak SSS sayfas\u0131yla su ka\u00e7a\u011f\u0131 tespiti, altyap\u0131 g\u00f6r\u00fcnt\u00fcleme ve debi \u00f6l\u00e7\u00fcm\u00fc gibi teknik konularda merak etti\u011finiz t\u00fcm sorular\u0131n yan\u0131tlar\u0131na h\u0131zl\u0131ca ula\u015f\u0131n.","twitter:creator":"@enerjienermak","twitter:image":"https:\/\/enermak.com\/wp-content\/uploads\/2022\/03\/logo-tr-1.png"},"aioseo_meta_data":{"post_id":"60","title":"S\u0131k\u00e7a Sorulan Sorular #separator_sa #site_title","description":"Enermak SSS sayfas\u0131yla su ka\u00e7a\u011f\u0131 tespiti, altyap\u0131 g\u00f6r\u00fcnt\u00fcleme ve debi \u00f6l\u00e7\u00fcm\u00fc gibi teknik konularda merak etti\u011finiz t\u00fcm sorular\u0131n yan\u0131tlar\u0131na h\u0131zl\u0131ca ula\u015f\u0131n.","keywords":null,"keyphrases":{"focus":{"keyphrase":"sss","score":58,"analysis":{"keyphraseInTitle":{"score":3,"maxScore":9,"error":1},"keyphraseInDescription":{"score":9,"maxScore":9,"error":0},"keyphraseLength":{"score":9,"maxScore":9,"error":0,"length":1},"keyphraseInURL":{"score":5,"maxScore":5,"error":0},"keyphraseInIntroduction":{"score":3,"maxScore":9,"error":1},"keyphraseInSubHeadings":[],"keyphraseInImageAlt":[],"keywordDensity":{"score":0,"type":"low","maxScore":9,"error":1}}},"additional":[{"keyphrase":"s\u0131k\u00e7a sorulan sorular","score":33,"analysis":{"keyphraseInDescription":{"score":3,"maxScore":9,"error":1},"keyphraseLength":{"score":6,"maxScore":9,"error":1,"length":5},"keyphraseInIntroduction":{"score":3,"maxScore":9,"error":1},"keyphraseInImageAlt":[],"keywordDensity":{"score":0,"type":"low","maxScore":9,"error":1}}}]},"primary_term":null,"canonical_url":null,"og_title":null,"og_description":null,"og_object_type":"default","og_image_type":"default","og_image_url":null,"og_image_width":null,"og_image_height":null,"og_image_custom_url":null,"og_image_custom_fields":null,"og_video":"","og_custom_url":null,"og_article_section":null,"og_article_tags":null,"twitter_use_og":false,"twitter_card":"default","twitter_image_type":"default","twitter_image_url":null,"twitter_image_custom_url":null,"twitter_image_custom_fields":null,"twitter_title":null,"twitter_description":null,"schema":{"blockGraphs":[],"customGraphs":[],"default":{"data":{"Article":[],"Course":[],"Dataset":[],"FAQPage":[],"Movie":[],"Person":[],"Product":[],"ProductReview":[],"Car":[],"Recipe":[],"Service":[],"SoftwareApplication":[],"WebPage":[]},"graphName":"none","isEnabled":true},"graphs":[]},"schema_type":"default","schema_type_options":null,"pillar_content":false,"robots_default":true,"robots_noindex":false,"robots_noarchive":false,"robots_nosnippet":false,"robots_nofollow":false,"robots_noimageindex":false,"robots_noodp":false,"robots_notranslate":false,"robots_max_snippet":"-1","robots_max_videopreview":"-1","robots_max_imagepreview":"large","priority":null,"frequency":"default","local_seo":null,"seo_analyzer_scan_date":"2026-02-06 12:18:48","breadcrumb_settings":null,"limit_modified_date":false,"reviewed_by":null,"open_ai":null,"ai":{"faqs":[],"keyPoints":[],"titles":[],"descriptions":[],"socialPosts":{"email":[],"linkedin":[],"twitter":[],"facebook":[],"instagram":[]}},"created":"2025-12-26 13:36:35","updated":"2026-02-06 12:18:48"},"aioseo_breadcrumb":"<div class=\"aioseo-breadcrumbs\"><span class=\"aioseo-breadcrumb\">\n\t<a href=\"https:\/\/enermak.com\/en\" title=\"Home\">Home<\/a>\n<\/span><span class=\"aioseo-breadcrumb-separator\">\u00bb<\/span><span class=\"aioseo-breadcrumb\">\n\tSSS\n<\/span><\/div>","aioseo_breadcrumb_json":[{"label":"Home","link":"https:\/\/enermak.com\/en"},{"label":"SSS","link":"https:\/\/enermak.com\/en\/sss\/"}],"_links":{"self":[{"href":"https:\/\/enermak.com\/en\/wp-json\/wp\/v2\/pages\/60","targetHints":{"allow":["GET"]}}],"collection":[{"href":"https:\/\/enermak.com\/en\/wp-json\/wp\/v2\/pages"}],"about":[{"href":"https:\/\/enermak.com\/en\/wp-json\/wp\/v2\/types\/page"}],"author":[{"embeddable":true,"href":"https:\/\/enermak.com\/en\/wp-json\/wp\/v2\/users\/1"}],"replies":[{"embeddable":true,"href":"https:\/\/enermak.com\/en\/wp-json\/wp\/v2\/comments?post=60"}],"version-history":[{"count":0,"href":"https:\/\/enermak.com\/en\/wp-json\/wp\/v2\/pages\/60\/revisions"}],"wp:attachment":[{"href":"https:\/\/enermak.com\/en\/wp-json\/wp\/v2\/media?parent=60"}],"curies":[{"name":"wp","href":"https:\/\/api.w.org\/{rel}","templated":true}]}}