{"id":40908,"date":"2026-01-20T13:37:37","date_gmt":"2026-01-20T10:37:37","guid":{"rendered":"https:\/\/enermak.com\/?page_id=40908"},"modified":"2026-03-11T13:54:47","modified_gmt":"2026-03-11T10:54:47","slug":"fiber-optik-kablo-foc","status":"publish","type":"page","link":"https:\/\/enermak.com\/en\/fiber-optik-kablo-foc\/","title":{"rendered":"Fiber Optic Cable (FOC)"},"content":{"rendered":"<div data-elementor-type=\"wp-page\" data-elementor-id=\"40908\" class=\"elementor elementor-40908\">\n\t\t\t\t\t\t<section class=\"elementor-section elementor-top-section elementor-element elementor-element-eac6f08 elementor-section-boxed elementor-section-height-default elementor-section-height-default\" data-id=\"eac6f08\" data-element_type=\"section\" data-e-type=\"section\">\n\t\t\t\t\t\t<div class=\"elementor-container elementor-column-gap-default\">\n\t\t\t\t\t<div class=\"elementor-column elementor-col-100 elementor-top-column elementor-element elementor-element-199f067\" data-id=\"199f067\" data-element_type=\"column\" data-e-type=\"column\">\n\t\t\t<div class=\"elementor-widget-wrap elementor-element-populated\">\n\t\t\t\t\t\t<div class=\"elementor-element elementor-element-1eaf35b elementor-widget elementor-widget-html\" data-id=\"1eaf35b\" data-element_type=\"widget\" data-e-type=\"widget\" data-widget_type=\"html.default\">\n\t\t\t\t\t<style>\r\n    @import url('https:\/\/fonts.googleapis.com\/css2?family=Space+Grotesk:wght@300;400;600;700&display=swap');\r\n\r\n    :root {\r\n        --enermak-blue: #004a8d;\r\n        --enermak-gold: #ffcc00;\r\n        --neon-blue: #00d2ff;\r\n        --dark-bg: #0a1128;\r\n        --glass: rgba(255, 255, 255, 0.03);\r\n    }\r\n\r\n    .foc-page {\r\n        font-family: 'Space Grotesk', sans-serif;\r\n        color: #e2e8f0;\r\n        background: #ffffff;\r\n        line-height: 1.6;\r\n    }\r\n\r\n    \/* Fiber Hero Section *\/\r\n    .hero-foc {\r\n        background: linear-gradient(135deg, var(--dark-bg) 0%, #001f3f 100%);\r\n        padding: 100px 5%;\r\n        text-align: center;\r\n        border-radius: 0 0 80px 0;\r\n        position: relative;\r\n        overflow: hidden;\r\n    }\r\n\r\n    \/* Pulse effect to simulate light data *\/\r\n    .hero-foc::after {\r\n        content: \"\";\r\n        position: absolute;\r\n        top: 0; left: 0; right: 0; bottom: 0;\r\n        background: repeating-linear-gradient(90deg, transparent, rgba(0, 210, 255, 0.05) 1px, transparent 20px);\r\n        pointer-events: none;\r\n    }\r\n\r\n    .foc-badge {\r\n        background: transparent;\r\n        border: 1px solid var(--neon-blue);\r\n        color: var(--neon-blue);\r\n        padding: 6px 20px;\r\n        border-radius: 50px;\r\n        font-size: 0.85rem;\r\n        font-weight: 600;\r\n        text-transform: uppercase;\r\n        letter-spacing: 2px;\r\n        margin-bottom: 25px;\r\n        display: inline-block;\r\n    }\r\n\r\n    .hero-foc h1 {\r\n        font-size: clamp(2.5rem, 6vw, 4rem);\r\n        font-weight: 700;\r\n        color: #fff;\r\n        margin-bottom: 20px;\r\n    }\r\n\r\n    .hero-foc p {\r\n        font-size: 1.25rem;\r\n        max-width: 800px;\r\n        margin: 0 auto;\r\n        color: #cbd5e1;\r\n    }\r\n\r\n    \/* Key Benefits Grid *\/\r\n    .benefits-grid {\r\n        display: grid;\r\n        grid-template-columns: repeat(auto-fit, minmax(280px, 1fr));\r\n        gap: 25px;\r\n        padding: 60px 5%;\r\n        margin-top: -60px;\r\n    }\r\n\r\n    .benefit-card {\r\n        background: #fff;\r\n        padding: 40px;\r\n        border-radius: 24px;\r\n        box-shadow: 0 20px 40px rgba(0,0,0,0.08);\r\n        border: 1px solid #f1f5f9;\r\n        transition: transform 0.3s ease;\r\n        text-align: left;\r\n    }\r\n\r\n    .benefit-card:hover {\r\n        transform: translateY(-10px);\r\n        border-color: var(--enermak-blue);\r\n    }\r\n\r\n    .benefit-card h3 {\r\n        color: var(--enermak-blue);\r\n        font-weight: 700;\r\n        font-size: 1.4rem;\r\n        margin-bottom: 15px;\r\n    }\r\n\r\n    .benefit-card p {\r\n        color: #475569;\r\n        font-size: 0.95rem;\r\n    }\r\n\r\n    \/* Technical Comparison Section *\/\r\n    .tech-foc-section {\r\n        padding: 80px 5%;\r\n        background: #fff;\r\n        color: #1e293b;\r\n    }\r\n\r\n    .foc-split {\r\n        display: flex;\r\n        flex-wrap: wrap;\r\n        gap: 60px;\r\n        align-items: center;\r\n    }\r\n\r\n    .foc-content { flex: 1; min-width: 320px; }\r\n    \r\n    .foc-highlight-list {\r\n        list-style: none;\r\n        padding: 0;\r\n        margin-top: 30px;\r\n    }\r\n\r\n    .foc-highlight-list li {\r\n        margin-bottom: 20px;\r\n        padding-left: 35px;\r\n        position: relative;\r\n        font-weight: 500;\r\n    }\r\n\r\n    .foc-highlight-list li::before {\r\n        content: \"\u26a1\";\r\n        position: absolute;\r\n        left: 0;\r\n        color: var(--enermak-gold);\r\n    }\r\n\r\n    \/* Comparison Table Card *\/\r\n    .spec-table-container {\r\n        flex: 1;\r\n        min-width: 320px;\r\n        background: var(--dark-bg);\r\n        padding: 40px;\r\n        border-radius: 30px;\r\n        color: #fff;\r\n        box-shadow: 0 25px 50px rgba(0,0,0,0.15);\r\n    }\r\n\r\n    .spec-table-container h4 {\r\n        color: var(--enermak-gold);\r\n        margin-bottom: 25px;\r\n        font-size: 1.5rem;\r\n    }\r\n\r\n    .foc-table {\r\n        width: 100%;\r\n        border-collapse: collapse;\r\n    }\r\n\r\n    .foc-table td {\r\n        padding: 15px 0;\r\n        border-bottom: 1px solid rgba(255,255,255,0.05);\r\n        font-size: 0.95rem;\r\n    }\r\n\r\n    .foc-table td:first-child { color: var(--neon-blue); font-weight: 600; }\r\n    .foc-table td:last-child { text-align: right; opacity: 0.8; }\r\n\r\n    \/* Footer Action *\/\r\n    .foc-footer {\r\n        background: var(--enermak-blue);\r\n        color: white;\r\n        padding: 60px 5%;\r\n        text-align: center;\r\n        border-radius: 40px 40px 0 0;\r\n        margin-top: 40px;\r\n    }\r\n\r\n    @media (max-width: 768px) {\r\n        .hero-foc { border-radius: 0 0 40px 0; }\r\n        .benefits-grid { margin-top: 20px; }\r\n    }\r\n<\/style>\r\n\r\n<div class=\"foc-page\">\r\n    <header class=\"hero-foc\">\r\n        <div class=\"foc-badge\">I\u015eIK HIZINDA VER\u0130 \u0130LET\u0130M\u0130<\/div>\r\n        <h1>Fiber Optik (FOC) Teknolojisi<\/h1>\r\n        <p>Bak\u0131r kablolar\u0131n limitlerini a\u015f\u0131n. IBAK Fiber Optik altyap\u0131s\u0131 ile mesafe s\u0131n\u0131r\u0131 olmadan, kay\u0131ps\u0131z ve parazitsiz g\u00f6r\u00fcnt\u00fc kalitesini deneyimleyin.<\/p>\r\n    <\/header>\r\n\r\n    <section class=\"benefits-grid\">\r\n        <div class=\"benefit-card\">\r\n            <h3>S\u0131f\u0131r Parazit<\/h3>\r\n            <p>Elektromanyetik dalgalardan etkilenmeyen \u0131\u015f\u0131k sinyalleri sayesinde motor veya d\u0131\u015f kaynakl\u0131 kar\u0131ncalanmalar ge\u00e7mi\u015fte kal\u0131r.<\/p>\r\n        <\/div>\r\n        <div class=\"benefit-card\">\r\n            <h3>600m+ Menzil<\/h3>\r\n            <p>Sinyal zay\u0131flamas\u0131 (attenuation) olmadan \u00e7ok daha uzun hatlar\u0131 tek bir giri\u015f noktas\u0131ndan denetleme imkan\u0131 sa\u011flar.<\/p>\r\n        <\/div>\r\n        <div class=\"benefit-card\">\r\n            <h3>Ger\u00e7ek Zamanl\u0131 4K<\/h3>\r\n            <p>PANORAMO ve 4K kameralar gibi devasa veri \u00fcreten sistemler i\u00e7in gereken y\u00fcksek bant geni\u015fli\u011fini kay\u0131ps\u0131z sunar.<\/p>\r\n        <\/div>\r\n    <\/section>\r\n\r\n    <section class=\"tech-foc-section\">\r\n        <div class=\"foc-split\">\r\n            <div class=\"foc-content\">\r\n                <h2 style=\"color: var(--enermak-blue); font-size: 2.2rem; margin-bottom: 20px;\">Dijital \u0130leti\u015fimde Yeni Standart<\/h2>\r\n                <p>Bak\u0131r kablolarda ya\u015fanan voltaj d\u00fc\u015f\u00fcm\u00fc ve sinyal kayb\u0131, \u00f6zellikle 300 metre \u00fczerindeki mesafelerde g\u00f6r\u00fcnt\u00fc kalitesini bozar. IBAK FOC teknolojisi, veriyi \u0131\u015f\u0131k h\u0131z\u0131nda ta\u015f\u0131yarak bu sorunu tamamen ortadan kald\u0131r\u0131r.<\/p>\r\n                \r\n                <ul class=\"foc-highlight-list\">\r\n                    <li><strong>Ultra \u0130nce ve Hafif:<\/strong> Geleneksel kablolara g\u00f6re daha ince yap\u0131s\u0131 sayesinde robotun \u00e7eki\u015f g\u00fcc\u00fcn\u00fc ve menzilini art\u0131r\u0131r.<\/li>\r\n                    <li><strong>Kevlar Takviyeli Yap\u0131:<\/strong> Zorlu kanalizasyon ortamlar\u0131 i\u00e7in a\u015f\u0131nmaya ve y\u00fcksek \u00e7ekme kuvvetlerine kar\u015f\u0131 maksimum diren\u00e7.<\/li>\r\n                    <li><strong>Gelece\u011fe Haz\u0131r Altyap\u0131:<\/strong> Yapay zeka ve y\u00fcksek \u00e7\u00f6z\u00fcn\u00fcrl\u00fckl\u00fc analiz yaz\u0131l\u0131mlar\u0131 i\u00e7in gereken veri trafi\u011fini tam destekler.<\/li>\r\n                <\/ul>\r\n            <\/div>\r\n            \r\n            <div class=\"spec-table-container\">\r\n                <h4>Teknik \u00dcst\u00fcnl\u00fckler<\/h4>\r\n                <table class=\"foc-table\">\r\n                    <tr>\r\n                        <td>\u0130letim T\u00fcr\u00fc<\/td>\r\n                        <td>I\u015f\u0131k Sinyali (Fiber)<\/td>\r\n                    <\/tr>\r\n                    <tr>\r\n                        <td>Maksimum Uzunluk<\/td>\r\n                        <td>600 Metre ve \u00dczeri<\/td>\r\n                    <\/tr>\r\n                    <tr>\r\n                        <td>Bant Geni\u015fli\u011fi<\/td>\r\n                        <td>Ultra Y\u00fcksek (4K\/HD Destekli)<\/td>\r\n                    <\/tr>\r\n                    <tr>\r\n                        <td>Parazit Dayan\u0131m\u0131<\/td>\r\n                        <td>Tam Muafiyet (S\u0131f\u0131r Noiz)<\/td>\r\n                    <\/tr>\r\n                    <tr>\r\n                        <td>Kablo Dayan\u0131m\u0131<\/td>\r\n                        <td>Kevlar Z\u0131rhl\u0131 Takviye<\/td>\r\n                    <\/tr>\r\n                    <tr>\r\n                        <td>Tambur Uyumlulu\u011fu<\/td>\r\n                        <td>KW 310, KW 505 FOC Opsiyonu<\/td>\r\n                    <\/tr>\r\n                <\/table>\r\n            <\/div>\r\n        <\/div>\r\n    <\/section>\r\n\r\n    <footer class=\"foc-footer\">\r\n        <h3 style=\"color: var(--enermak-gold); margin-bottom: 15px;\">Mesafe Limitlerini Bizimle A\u015f\u0131n<\/h3>\r\n        <p style=\"opacity: 0.9; max-width: 600px; margin: 0 auto;\">Mevcut sisteminizi Fiber Optik altyap\u0131ya y\u00fckseltmek veya FOC uyumlu yeni \u00e7\u00f6z\u00fcmlerimiz hakk\u0131nda bilgi almak i\u00e7in bizimle ileti\u015fime ge\u00e7in.<\/p>\r\n    <\/footer>\r\n<\/div>\t\t\t\t<\/div>\n\t\t\t\t\t<\/div>\n\t\t<\/div>\n\t\t\t\t\t<\/div>\n\t\t<\/section>\n\t\t\t\t<\/div>","protected":false},"excerpt":{"rendered":"<p>I\u015eIK HIZINDA VER\u0130 \u0130LET\u0130M\u0130 Fiber Optik (FOC) Teknolojisi Bak\u0131r kablolar\u0131n limitlerini a\u015f\u0131n. IBAK Fiber Optik altyap\u0131s\u0131 ile mesafe s\u0131n\u0131r\u0131 olmadan, kay\u0131ps\u0131z ve parazitsiz g\u00f6r\u00fcnt\u00fc kalitesini deneyimleyin. S\u0131f\u0131r Parazit Elektromanyetik dalgalardan etkilenmeyen \u0131\u015f\u0131k sinyalleri sayesinde motor veya d\u0131\u015f kaynakl\u0131 kar\u0131ncalanmalar ge\u00e7mi\u015fte kal\u0131r. 600m+ Menzil Sinyal zay\u0131flamas\u0131 (attenuation) olmadan \u00e7ok daha uzun hatlar\u0131 tek bir giri\u015f noktas\u0131ndan&#8230;<\/p>","protected":false},"author":1,"featured_media":0,"parent":0,"menu_order":0,"comment_status":"closed","ping_status":"closed","template":"","meta":{"_bst_post_transparent":"","_bst_post_title":"hide","_bst_post_layout":"fullwidth","_bst_post_sidebar_id":"","_bst_post_content_style":"unboxed","_bst_post_vertical_padding":"hide","_bst_post_feature":"hide","_bst_post_feature_position":"","_bst_post_header":false,"_bst_post_footer":false,"footnotes":""},"class_list":["post-40908","page","type-page","status-publish","hentry"],"aioseo_notices":[],"_links":{"self":[{"href":"https:\/\/enermak.com\/en\/wp-json\/wp\/v2\/pages\/40908","targetHints":{"allow":["GET"]}}],"collection":[{"href":"https:\/\/enermak.com\/en\/wp-json\/wp\/v2\/pages"}],"about":[{"href":"https:\/\/enermak.com\/en\/wp-json\/wp\/v2\/types\/page"}],"author":[{"embeddable":true,"href":"https:\/\/enermak.com\/en\/wp-json\/wp\/v2\/users\/1"}],"replies":[{"embeddable":true,"href":"https:\/\/enermak.com\/en\/wp-json\/wp\/v2\/comments?post=40908"}],"version-history":[{"count":0,"href":"https:\/\/enermak.com\/en\/wp-json\/wp\/v2\/pages\/40908\/revisions"}],"wp:attachment":[{"href":"https:\/\/enermak.com\/en\/wp-json\/wp\/v2\/media?parent=40908"}],"curies":[{"name":"wp","href":"https:\/\/api.w.org\/{rel}","templated":true}]}}