{"id":38068,"date":"2025-11-13T09:08:47","date_gmt":"2025-11-13T06:08:47","guid":{"rendered":"https:\/\/enermak.com\/?page_id=38068"},"modified":"2026-02-07T16:03:56","modified_gmt":"2026-02-07T13:03:56","slug":"hakkimizda","status":"publish","type":"page","link":"https:\/\/enermak.com\/en\/hakkimizda\/","title":{"rendered":"ABOUT US"},"content":{"rendered":"<div data-elementor-type=\"wp-page\" data-elementor-id=\"38068\" class=\"elementor elementor-38068\">\n\t\t\t\t\t\t<section class=\"elementor-section elementor-top-section elementor-element elementor-element-16556fc elementor-section-stretched elementor-section-full_width elementor-section-height-default elementor-section-height-default\" data-id=\"16556fc\" data-element_type=\"section\" data-e-type=\"section\" data-settings=\"{&quot;stretch_section&quot;:&quot;section-stretched&quot;}\">\n\t\t\t\t\t\t<div class=\"elementor-container elementor-column-gap-no\">\n\t\t\t\t\t<div class=\"elementor-column elementor-col-100 elementor-top-column elementor-element elementor-element-f7eee20\" data-id=\"f7eee20\" data-element_type=\"column\" data-e-type=\"column\">\n\t\t\t<div class=\"elementor-widget-wrap elementor-element-populated\">\n\t\t\t\t\t\t<div class=\"elementor-element elementor-element-9b815b2 elementor-widget elementor-widget-html\" data-id=\"9b815b2\" data-element_type=\"widget\" data-e-type=\"widget\" data-widget_type=\"html.default\">\n\t\t\t\t\t<!DOCTYPE html>\r\n<html lang=\"tr\">\r\n<head>\r\n    <meta charset=\"UTF-8\">\r\n    <meta name=\"viewport\" content=\"width=device-width, initial-scale=1.0\">\r\n    <link href=\"https:\/\/fonts.googleapis.com\/css2?family=Jost:wght@400;500;600;800&display=swap\" rel=\"stylesheet\">\r\n    <style>\r\n        \/* ================= GENEL VE KATMAN Y\u00d6NET\u0130M\u0130 ================= *\/\r\n        .enermak-v3 { \r\n            font-family: 'Jost', sans-serif; \r\n            color: #1a1a1a; \r\n            background: #fff; \r\n            line-height: 1.6; \r\n            position: relative; \r\n            z-index: 1;\r\n            overflow: hidden;\r\n        }\r\n\r\n        \/* ================= HERO ================= *\/\r\n        .v3-hero {\r\n            position: relative;\r\n            padding: clamp(60px, 10vh, 100px) 20px clamp(80px, 15vh, 140px);\r\n            background: #fdfdfd;\r\n            text-align: center;\r\n        }\r\n\r\n        .v3-hero .badge {\r\n            display: inline-block;\r\n            padding: 6px 18px;\r\n            background: rgba(242, 121, 0, 0.1);\r\n            color: #f27900;\r\n            border-radius: 50px;\r\n            font-size: 13px;\r\n            font-weight: 600;\r\n            margin-bottom: 25px;\r\n            position: relative;\r\n            z-index: 5;\r\n        }\r\n\r\n        .v3-hero h1 { \r\n            \/* Mobilde 28px, masa\u00fcst\u00fcnde 52px olacak \u015fekilde esner *\/\r\n            font-size: clamp(28px, 6vw, 52px); \r\n            font-weight: 600; \r\n            margin-bottom: 20px; \r\n            position: relative; \r\n            z-index: 5; \r\n            letter-spacing: -1px; \r\n            line-height: 1.2; \/* Sat\u0131r aral\u0131\u011f\u0131 i\u00e7 i\u00e7e ge\u00e7meyi \u00f6nlemek i\u00e7in optimize edildi *\/\r\n            max-width: 900px;\r\n            margin-left: auto;\r\n            margin-right: auto;\r\n        }\r\n        .v3-hero h1 span { color: #f27900; }\r\n\r\n        \/* ARKA PLAN AN\u0130MASYONLARI *\/\r\n        .stream {\r\n            position: absolute;\r\n            left: -10%; width: 140%; height: 2px;\r\n            background: linear-gradient(90deg, transparent, #f27900, transparent);\r\n            opacity: .15;\r\n            animation: stream 12s linear infinite;\r\n            pointer-events: none;\r\n            z-index: 1;\r\n        }\r\n        .stream.s1 { top: 65% } \r\n        .stream.s2 { top: 80%; animation-duration: 18s }\r\n\r\n        .ring {\r\n            position: absolute;\r\n            width: clamp(250px, 50vw, 450px); \r\n            height: clamp(250px, 50vw, 450px);\r\n            border: 1px solid #f27900;\r\n            border-radius: 50%;\r\n            opacity: .08;\r\n            animation: spin 60s linear infinite;\r\n            pointer-events: none;\r\n            z-index: 1;\r\n        }\r\n        .ring.r1 { top: 10%; left: -10%; }\r\n\r\n        @keyframes stream { from { transform: translateX(-10%) } to { transform: translateX(10%) } }\r\n        @keyframes spin { from { transform: rotate(0deg) } to { transform: rotate(360deg) } }\r\n\r\n        \/* ================= B\u0130Z K\u0130M\u0130Z BLO\u011eU ================= *\/\r\n        .v3-about-story {\r\n            max-width: 1100px;\r\n            margin: -60px auto 60px;\r\n            padding: clamp(25px, 5vw, 45px);\r\n            background: #fff;\r\n            border: 1px solid #eee;\r\n            border-radius: 20px;\r\n            box-shadow: 0 15px 40px rgba(0,0,0,0.04);\r\n            position: relative;\r\n            z-index: 10;\r\n            display: flex;\r\n            gap: 40px;\r\n            align-items: center;\r\n        }\r\n\r\n        .v3-about-story .visual {\r\n            flex: 1;\r\n            min-width: 280px;\r\n            height: 280px;\r\n            background: #fbfbfb;\r\n            border-radius: 15px;\r\n            display: flex;\r\n            align-items: center;\r\n            justify-content: center;\r\n            border: 1px dashed rgba(242, 121, 0, 0.2);\r\n        }\r\n\r\n        .v3-about-story .content { flex: 1.5; }\r\n        .v3-about-story h2 { font-size: clamp(24px, 4vw, 32px); color: #f27900; margin-bottom: 20px; font-weight: 600; }\r\n        .v3-about-story p { font-size: clamp(15px, 2vw, 17px); color: #4a4a4a; margin-bottom: 12px; }\r\n\r\n        \/* ================= DE\u011eERLER GRID ================= *\/\r\n        .v3-services {\r\n            max-width: 1250px;\r\n            margin: 0 auto 100px;\r\n            padding: 0 20px;\r\n            display: grid;\r\n            grid-template-columns: repeat(auto-fit, minmax(260px, 1fr));\r\n            gap: 25px;\r\n            position: relative;\r\n            z-index: 5;\r\n        }\r\n\r\n        .v3-card {\r\n            background: #fff;\r\n            border: 1px solid #eee;\r\n            border-radius: 15px;\r\n            padding: 40px 30px;\r\n            box-shadow: 0 10px 30px rgba(0,0,0,0.03);\r\n            transition: all .4s ease;\r\n            position: relative;\r\n        }\r\n\r\n        .v3-card:hover { \r\n            transform: translateY(-8px); \r\n            border-color: #f27900; \r\n            box-shadow: 0 15px 40px rgba(242, 121, 0, 0.1); \r\n        }\r\n\r\n        .v3-card .num { \r\n            font-size: 40px; \r\n            font-weight: 800; \r\n            color: rgba(242, 121, 0, 0.07); \r\n            position: absolute; \r\n            top: 20px; \r\n            right: 25px; \r\n        }\r\n        .v3-card h3 { font-size: 22px; color: #f27900; margin-bottom: 15px; font-weight: 600; }\r\n        .v3-card p { font-size: 15px; color: #555; margin: 0; }\r\n\r\n        \/* ================= MOB\u0130L M\u00dcDAHALE ================= *\/\r\n        @media(max-width:992px){\r\n            .v3-about-story { gap: 30px; }\r\n        }\r\n\r\n        @media(max-width:768px){\r\n            .v3-hero { padding-bottom: 100px; }\r\n            .v3-about-story { \r\n                flex-direction: column; \r\n                margin: -40px 20px 60px; \r\n                text-align: center;\r\n            }\r\n            .v3-about-story .visual { width: 100%; height: 200px; min-width: unset; }\r\n            .v3-services { grid-template-columns: 1fr; }\r\n            .v3-card { padding: 35px 25px; }\r\n        }\r\n    <\/style>\r\n<\/head>\r\n<body>\r\n\r\n<section class=\"enermak-v3\">\r\n\r\n    <div class=\"v3-hero\">\r\n        <div class=\"stream s1\"><\/div>\r\n        <div class=\"stream s2\"><\/div>\r\n        <div class=\"ring r1\"><\/div>\r\n        \r\n        <div class=\"badge\">Technology &amp; Infrastructure<\/div>\r\n        <h1>We Measure <span>Tomorrow's<\/span> Infrastructure, Today<\/h1>\r\n    <\/div>\r\n\r\n    <div class=\"v3-about-story\">\r\n        <div class=\"visual\">\r\n            <svg width=\"70\" height=\"70\" viewbox=\"0 0 24 24\" fill=\"none\" stroke=\"#f27900\" stroke-width=\"1\" stroke-linecap=\"round\" stroke-linejoin=\"round\">\r\n                <circle cx=\"12\" cy=\"12\" r=\"10\"><\/circle>\r\n                <line x1=\"22\" y1=\"12\" x2=\"18\" y2=\"12\"><\/line>\r\n                <line x1=\"6\" y1=\"12\" x2=\"2\" y2=\"12\"><\/line>\r\n                <line x1=\"12\" y1=\"6\" x2=\"12\" y2=\"2\"><\/line>\r\n                <line x1=\"12\" y1=\"22\" x2=\"12\" y2=\"18\"><\/line>\r\n            <\/svg>\r\n        <\/div>\r\n        <div class=\"content\">\r\n            <h2>Who are we?<\/h2>\r\n            <p><strong>Offered with over 25 years of expertise,<\/strong>Enermak stands as one of Turkey\u2019s leading engineering firms, delivering high-tech measurement and detection solutions for energy, water, and gas infrastructure.<\/p>\r\n            <p>Kay\u0131p-ka\u00e7ak y\u00f6netiminden yeralt\u0131 haritalamas\u0131na kadar geni\u015f bir yelpazede, T\u00fcrkiye'nin ve b\u00f6lgenin en kritik projelerinde teknik \u00e7\u00f6z\u00fcm orta\u011f\u0131 olarak yer al\u0131yoruz.<\/p>\r\n        <\/div>\r\n    <\/div>\r\n    <div class=\"v3-services\">\r\n        <div class=\"v3-card\">\r\n            <div class=\"num\">01<\/div>\r\n            <h3>Experience<\/h3>\r\n            <p>Leveraging twenty-five years of field expertise, we deliver swift and professional engineering solutions for unexpected problems.<\/p>\r\n        <\/div>\r\n        <div class=\"v3-card\">\r\n            <div class=\"num\">02<\/div>\r\n            <h3>Technology<\/h3>\r\n            <p>We provide the world's most advanced acoustic leak and underground detection devices for the service of Turkey's infrastructure.<\/p>\r\n        <\/div>\r\n        <div class=\"v3-card\">\r\n            <div class=\"num\">03<\/div>\r\n            <h3>Sustainability<\/h3>\r\n            <p>By eliminating leaks, we protect vital water and energy resources to ensure a more livable world for future generations.<\/p>\r\n        <\/div>\r\n        <div class=\"v3-card\">\r\n            <div class=\"num\">04<\/div>\r\n            <h3>Expert Staff<\/h3>\r\n            <p>Through our staff of certified engineers, we deliver turnkey solutions spanning design, analysis, and application.<\/p>\r\n        <\/div>\r\n    <\/div>\r\n\r\n<\/section>\r\n\r\n<\/body>\r\n<\/html>\t\t\t\t<\/div>\n\t\t\t\t\t<\/div>\n\t\t<\/div>\n\t\t\t\t\t<\/div>\n\t\t<\/section>\n\t\t\t\t<\/div>","protected":false},"excerpt":{"rendered":"<p>Teknoloji &#038; Altyap\u0131 Yar\u0131n\u0131n Altyap\u0131s\u0131n\u0131 Bug\u00fcn \u00d6l\u00e7\u00fcyoruz. Biz Kimiz? Enermak Enerji, 25 y\u0131l\u0131 a\u015fk\u0131n tecr\u00fcbesiyle enerji, su ve gaz altyap\u0131lar\u0131 i\u00e7in ileri teknoloji \u00f6l\u00e7\u00fcm ve tespit \u00e7\u00f6z\u00fcmleri sunan bir m\u00fchendislik firmas\u0131d\u0131r. Kay\u0131p-ka\u00e7ak y\u00f6netiminden yeralt\u0131 haritalamas\u0131na kadar geni\u015f bir yelpazede, T\u00fcrkiye&#8217;nin ve b\u00f6lgenin en kritik projelerinde teknik \u00e7\u00f6z\u00fcm orta\u011f\u0131 olarak yer al\u0131yoruz. 01 Deneyim \u00c7eyrek as\u0131rl\u0131k&#8230;<\/p>","protected":false},"author":1,"featured_media":0,"parent":0,"menu_order":0,"comment_status":"closed","ping_status":"closed","template":"","meta":{"_bst_post_transparent":"","_bst_post_title":"hide","_bst_post_layout":"fullwidth","_bst_post_sidebar_id":"","_bst_post_content_style":"unboxed","_bst_post_vertical_padding":"hide","_bst_post_feature":"hide","_bst_post_feature_position":"","_bst_post_header":false,"_bst_post_footer":false,"footnotes":""},"class_list":["post-38068","page","type-page","status-publish","hentry"],"aioseo_notices":[],"aioseo_head":"\n\t\t<!-- All in One SEO Pro 4.9.6.2 - aioseo.com -->\n\t<meta name=\"description\" content=\"25 y\u0131l\u0131 a\u015fk\u0131n deneyimiyle Enermak Enerji, altyap\u0131 ve enerji sekt\u00f6r\u00fcnde yenilik\u00e7i \u00e7\u00f6z\u00fcmler sunuyor. Vizyonumuz, misyonumuz ve ba\u015far\u0131 hikayemizi hemen inceleyin.\" \/>\n\t<meta name=\"robots\" content=\"max-image-preview:large\" \/>\n\t<meta name=\"yandex-verification\" content=\"yandex-verification: 61c39bc218eec6a9\" \/>\n\t<link rel=\"canonical\" href=\"https:\/\/enermak.com\/en\/hakkimizda\/\" \/>\n\t<meta name=\"generator\" content=\"All in One SEO Pro (AIOSEO) 4.9.6.2\" \/>\n\t\t<meta property=\"og:locale\" content=\"en_US\" \/>\n\t\t<meta property=\"og:site_name\" content=\"Enermak Enerji - Yeralt\u0131ndan Haberler\" \/>\n\t\t<meta property=\"og:type\" content=\"article\" \/>\n\t\t<meta property=\"og:title\" content=\"Hakk\u0131m\u0131zda - Enermak Enerji\" \/>\n\t\t<meta property=\"og:description\" content=\"25 y\u0131l\u0131 a\u015fk\u0131n deneyimiyle Enermak Enerji, altyap\u0131 ve enerji sekt\u00f6r\u00fcnde yenilik\u00e7i \u00e7\u00f6z\u00fcmler sunuyor. Vizyonumuz, misyonumuz ve ba\u015far\u0131 hikayemizi hemen inceleyin.\" \/>\n\t\t<meta property=\"og:url\" content=\"https:\/\/enermak.com\/en\/hakkimizda\/\" \/>\n\t\t<meta property=\"og:image\" content=\"https:\/\/enermak.com\/wp-content\/uploads\/2022\/03\/logo-tr-1.png\" \/>\n\t\t<meta property=\"og:image:secure_url\" content=\"https:\/\/enermak.com\/wp-content\/uploads\/2022\/03\/logo-tr-1.png\" \/>\n\t\t<meta property=\"article:published_time\" content=\"2025-11-13T06:08:47+00:00\" \/>\n\t\t<meta property=\"article:modified_time\" content=\"2026-02-07T13:03:56+00:00\" \/>\n\t\t<meta property=\"article:publisher\" content=\"https:\/\/www.facebook.com\/YERALTINDANHABERLER\/\" \/>\n\t\t<meta name=\"twitter:card\" content=\"summary_large_image\" \/>\n\t\t<meta name=\"twitter:site\" content=\"@enerjienermak\" \/>\n\t\t<meta name=\"twitter:title\" content=\"Hakk\u0131m\u0131zda - Enermak Enerji\" \/>\n\t\t<meta name=\"twitter:description\" content=\"25 y\u0131l\u0131 a\u015fk\u0131n deneyimiyle Enermak Enerji, altyap\u0131 ve enerji sekt\u00f6r\u00fcnde yenilik\u00e7i \u00e7\u00f6z\u00fcmler sunuyor. Vizyonumuz, misyonumuz ve ba\u015far\u0131 hikayemizi hemen inceleyin.\" \/>\n\t\t<meta name=\"twitter:creator\" content=\"@enerjienermak\" \/>\n\t\t<meta name=\"twitter:image\" content=\"https:\/\/enermak.com\/wp-content\/uploads\/2022\/03\/logo-tr-1.png\" \/>\n\t\t<script type=\"application\/ld+json\" class=\"aioseo-schema\">\n\t\t\t{\"@context\":\"https:\\\/\\\/schema.org\",\"@graph\":[{\"@type\":\"BreadcrumbList\",\"@id\":\"https:\\\/\\\/enermak.com\\\/en\\\/hakkimizda\\\/#breadcrumblist\",\"itemListElement\":[{\"@type\":\"ListItem\",\"@id\":\"https:\\\/\\\/enermak.com\\\/en#listItem\",\"position\":1,\"name\":\"Home\",\"item\":\"https:\\\/\\\/enermak.com\\\/en\",\"nextItem\":{\"@type\":\"ListItem\",\"@id\":\"https:\\\/\\\/enermak.com\\\/en\\\/hakkimizda\\\/#listItem\",\"name\":\"Hakk\\u0131m\\u0131zda\"}},{\"@type\":\"ListItem\",\"@id\":\"https:\\\/\\\/enermak.com\\\/en\\\/hakkimizda\\\/#listItem\",\"position\":2,\"name\":\"Hakk\\u0131m\\u0131zda\",\"previousItem\":{\"@type\":\"ListItem\",\"@id\":\"https:\\\/\\\/enermak.com\\\/en#listItem\",\"name\":\"Home\"}}]},{\"@type\":\"Organization\",\"@id\":\"https:\\\/\\\/enermak.com\\\/en\\\/#organization\",\"name\":\"Enermak Enerji\",\"description\":\"Yeralt\\u0131ndan Haberler\",\"url\":\"https:\\\/\\\/enermak.com\\\/en\\\/\",\"telephone\":\"+903123851102\",\"logo\":{\"@type\":\"ImageObject\",\"url\":\"https:\\\/\\\/enermak.com\\\/wp-content\\\/uploads\\\/2022\\\/03\\\/logo-tr-1.png\",\"@id\":\"https:\\\/\\\/enermak.com\\\/en\\\/hakkimizda\\\/#organizationLogo\"},\"image\":{\"@id\":\"https:\\\/\\\/enermak.com\\\/en\\\/hakkimizda\\\/#organizationLogo\"},\"sameAs\":[\"https:\\\/\\\/www.facebook.com\\\/YERALTINDANHABERLER\\\/\",\"https:\\\/\\\/twitter.com\\\/enerjienermak\",\"https:\\\/\\\/www.instagram.com\\\/enermakenerji\\\/\",\"https:\\\/\\\/www.youtube.com\\\/c\\\/EnermakEnerji\",\"https:\\\/\\\/www.linkedin.com\\\/in\\\/enermak\"]},{\"@type\":\"WebPage\",\"@id\":\"https:\\\/\\\/enermak.com\\\/en\\\/hakkimizda\\\/#webpage\",\"url\":\"https:\\\/\\\/enermak.com\\\/en\\\/hakkimizda\\\/\",\"name\":\"Hakk\\u0131m\\u0131zda - Enermak Enerji\",\"description\":\"25 y\\u0131l\\u0131 a\\u015fk\\u0131n deneyimiyle Enermak Enerji, altyap\\u0131 ve enerji sekt\\u00f6r\\u00fcnde yenilik\\u00e7i \\u00e7\\u00f6z\\u00fcmler sunuyor. Vizyonumuz, misyonumuz ve ba\\u015far\\u0131 hikayemizi hemen inceleyin.\",\"inLanguage\":\"en-US\",\"isPartOf\":{\"@id\":\"https:\\\/\\\/enermak.com\\\/en\\\/#website\"},\"breadcrumb\":{\"@id\":\"https:\\\/\\\/enermak.com\\\/en\\\/hakkimizda\\\/#breadcrumblist\"},\"datePublished\":\"2025-11-13T09:08:47+03:00\",\"dateModified\":\"2026-02-07T16:03:56+03:00\"},{\"@type\":\"WebSite\",\"@id\":\"https:\\\/\\\/enermak.com\\\/en\\\/#website\",\"url\":\"https:\\\/\\\/enermak.com\\\/en\\\/\",\"name\":\"Enermak Enerji\",\"alternateName\":\"Yeralt\\u0131ndan Haberler\",\"description\":\"Yeralt\\u0131ndan Haberler\",\"inLanguage\":\"en-US\",\"publisher\":{\"@id\":\"https:\\\/\\\/enermak.com\\\/en\\\/#organization\"}}]}\n\t\t<\/script>\n\t\t<!-- All in One SEO Pro -->\r\n\t\t<title>Hakk\u0131m\u0131zda - Enermak Enerji<\/title>\n\n","aioseo_head_json":{"title":"Hakk\u0131m\u0131zda - Enermak Enerji","description":"25 y\u0131l\u0131 a\u015fk\u0131n deneyimiyle Enermak Enerji, altyap\u0131 ve enerji sekt\u00f6r\u00fcnde yenilik\u00e7i \u00e7\u00f6z\u00fcmler sunuyor. Vizyonumuz, misyonumuz ve ba\u015far\u0131 hikayemizi hemen inceleyin.","canonical_url":"https:\/\/enermak.com\/en\/hakkimizda\/","robots":"max-image-preview:large","keywords":"","webmasterTools":{"yandex-verification":"yandex-verification: 61c39bc218eec6a9","miscellaneous":""},"schema":{"@context":"https:\/\/schema.org","@graph":[{"@type":"BreadcrumbList","@id":"https:\/\/enermak.com\/en\/hakkimizda\/#breadcrumblist","itemListElement":[{"@type":"ListItem","@id":"https:\/\/enermak.com\/en#listItem","position":1,"name":"Home","item":"https:\/\/enermak.com\/en","nextItem":{"@type":"ListItem","@id":"https:\/\/enermak.com\/en\/hakkimizda\/#listItem","name":"Hakk\u0131m\u0131zda"}},{"@type":"ListItem","@id":"https:\/\/enermak.com\/en\/hakkimizda\/#listItem","position":2,"name":"Hakk\u0131m\u0131zda","previousItem":{"@type":"ListItem","@id":"https:\/\/enermak.com\/en#listItem","name":"Home"}}]},{"@type":"Organization","@id":"https:\/\/enermak.com\/en\/#organization","name":"Enermak Enerji","description":"Yeralt\u0131ndan Haberler","url":"https:\/\/enermak.com\/en\/","telephone":"+903123851102","logo":{"@type":"ImageObject","url":"https:\/\/enermak.com\/wp-content\/uploads\/2022\/03\/logo-tr-1.png","@id":"https:\/\/enermak.com\/en\/hakkimizda\/#organizationLogo"},"image":{"@id":"https:\/\/enermak.com\/en\/hakkimizda\/#organizationLogo"},"sameAs":["https:\/\/www.facebook.com\/YERALTINDANHABERLER\/","https:\/\/twitter.com\/enerjienermak","https:\/\/www.instagram.com\/enermakenerji\/","https:\/\/www.youtube.com\/c\/EnermakEnerji","https:\/\/www.linkedin.com\/in\/enermak"]},{"@type":"WebPage","@id":"https:\/\/enermak.com\/en\/hakkimizda\/#webpage","url":"https:\/\/enermak.com\/en\/hakkimizda\/","name":"Hakk\u0131m\u0131zda - Enermak Enerji","description":"25 y\u0131l\u0131 a\u015fk\u0131n deneyimiyle Enermak Enerji, altyap\u0131 ve enerji sekt\u00f6r\u00fcnde yenilik\u00e7i \u00e7\u00f6z\u00fcmler sunuyor. Vizyonumuz, misyonumuz ve ba\u015far\u0131 hikayemizi hemen inceleyin.","inLanguage":"en-US","isPartOf":{"@id":"https:\/\/enermak.com\/en\/#website"},"breadcrumb":{"@id":"https:\/\/enermak.com\/en\/hakkimizda\/#breadcrumblist"},"datePublished":"2025-11-13T09:08:47+03:00","dateModified":"2026-02-07T16:03:56+03:00"},{"@type":"WebSite","@id":"https:\/\/enermak.com\/en\/#website","url":"https:\/\/enermak.com\/en\/","name":"Enermak Enerji","alternateName":"Yeralt\u0131ndan Haberler","description":"Yeralt\u0131ndan Haberler","inLanguage":"en-US","publisher":{"@id":"https:\/\/enermak.com\/en\/#organization"}}]},"og:locale":"en_US","og:site_name":"Enermak Enerji - Yeralt\u0131ndan Haberler","og:type":"article","og:title":"Hakk\u0131m\u0131zda - Enermak Enerji","og:description":"25 y\u0131l\u0131 a\u015fk\u0131n deneyimiyle Enermak Enerji, altyap\u0131 ve enerji sekt\u00f6r\u00fcnde yenilik\u00e7i \u00e7\u00f6z\u00fcmler sunuyor. Vizyonumuz, misyonumuz ve ba\u015far\u0131 hikayemizi hemen inceleyin.","og:url":"https:\/\/enermak.com\/en\/hakkimizda\/","og:image":"https:\/\/enermak.com\/wp-content\/uploads\/2022\/03\/logo-tr-1.png","og:image:secure_url":"https:\/\/enermak.com\/wp-content\/uploads\/2022\/03\/logo-tr-1.png","article:published_time":"2025-11-13T06:08:47+00:00","article:modified_time":"2026-02-07T13:03:56+00:00","article:publisher":"https:\/\/www.facebook.com\/YERALTINDANHABERLER\/","twitter:card":"summary_large_image","twitter:site":"@enerjienermak","twitter:title":"Hakk\u0131m\u0131zda - Enermak Enerji","twitter:description":"25 y\u0131l\u0131 a\u015fk\u0131n deneyimiyle Enermak Enerji, altyap\u0131 ve enerji sekt\u00f6r\u00fcnde yenilik\u00e7i \u00e7\u00f6z\u00fcmler sunuyor. Vizyonumuz, misyonumuz ve ba\u015far\u0131 hikayemizi hemen inceleyin.","twitter:creator":"@enerjienermak","twitter:image":"https:\/\/enermak.com\/wp-content\/uploads\/2022\/03\/logo-tr-1.png"},"aioseo_meta_data":{"post_id":"38068","title":null,"description":"25 y\u0131l\u0131 a\u015fk\u0131n deneyimiyle Enermak Enerji, altyap\u0131 ve enerji sekt\u00f6r\u00fcnde yenilik\u00e7i \u00e7\u00f6z\u00fcmler sunuyor. Vizyonumuz, misyonumuz ve ba\u015far\u0131 hikayemizi hemen inceleyin.","keywords":null,"keyphrases":{"focus":{"keyphrase":"hakk\u0131m\u0131zda","score":54,"analysis":{"keyphraseInTitle":{"score":9,"maxScore":9,"error":0},"keyphraseInDescription":{"score":3,"maxScore":9,"error":1},"keyphraseLength":{"score":9,"maxScore":9,"error":0,"length":3},"keyphraseInURL":{"score":5,"maxScore":5,"error":0},"keyphraseInIntroduction":{"score":3,"maxScore":9,"error":1},"keyphraseInSubHeadings":{"score":3,"maxScore":9,"error":1},"keyphraseInImageAlt":[],"keywordDensity":{"score":0,"type":"low","maxScore":9,"error":1}}},"additional":[]},"primary_term":null,"canonical_url":null,"og_title":null,"og_description":null,"og_object_type":"default","og_image_type":"default","og_image_url":null,"og_image_width":null,"og_image_height":null,"og_image_custom_url":null,"og_image_custom_fields":null,"og_video":"","og_custom_url":null,"og_article_section":null,"og_article_tags":null,"twitter_use_og":false,"twitter_card":"default","twitter_image_type":"default","twitter_image_url":null,"twitter_image_custom_url":null,"twitter_image_custom_fields":null,"twitter_title":null,"twitter_description":null,"schema":{"blockGraphs":[],"customGraphs":[],"default":{"data":{"Article":[],"Course":[],"Dataset":[],"FAQPage":[],"Movie":[],"Person":[],"Product":[],"ProductReview":[],"Car":[],"Recipe":[],"Service":[],"SoftwareApplication":[],"WebPage":[]},"graphName":"none","isEnabled":true},"graphs":[]},"schema_type":"default","schema_type_options":null,"pillar_content":false,"robots_default":true,"robots_noindex":false,"robots_noarchive":false,"robots_nosnippet":false,"robots_nofollow":false,"robots_noimageindex":false,"robots_noodp":false,"robots_notranslate":false,"robots_max_snippet":"-1","robots_max_videopreview":"-1","robots_max_imagepreview":"large","priority":null,"frequency":"default","local_seo":null,"seo_analyzer_scan_date":"2026-02-07 13:18:29","breadcrumb_settings":null,"limit_modified_date":false,"reviewed_by":null,"open_ai":null,"ai":{"faqs":[],"keyPoints":[],"titles":[],"descriptions":[],"socialPosts":{"email":[],"linkedin":[],"twitter":[],"facebook":[],"instagram":[]}},"created":"2025-12-26 13:36:35","updated":"2026-02-07 13:18:29"},"aioseo_breadcrumb":"<div class=\"aioseo-breadcrumbs\"><span class=\"aioseo-breadcrumb\">\n\t<a href=\"https:\/\/enermak.com\/en\" title=\"Home\">Home<\/a>\n<\/span><span class=\"aioseo-breadcrumb-separator\">\u00bb<\/span><span class=\"aioseo-breadcrumb\">\n\tHakk\u0131m\u0131zda\n<\/span><\/div>","aioseo_breadcrumb_json":[{"label":"Home","link":"https:\/\/enermak.com\/en"},{"label":"Hakk\u0131m\u0131zda","link":"https:\/\/enermak.com\/en\/hakkimizda\/"}],"_links":{"self":[{"href":"https:\/\/enermak.com\/en\/wp-json\/wp\/v2\/pages\/38068","targetHints":{"allow":["GET"]}}],"collection":[{"href":"https:\/\/enermak.com\/en\/wp-json\/wp\/v2\/pages"}],"about":[{"href":"https:\/\/enermak.com\/en\/wp-json\/wp\/v2\/types\/page"}],"author":[{"embeddable":true,"href":"https:\/\/enermak.com\/en\/wp-json\/wp\/v2\/users\/1"}],"replies":[{"embeddable":true,"href":"https:\/\/enermak.com\/en\/wp-json\/wp\/v2\/comments?post=38068"}],"version-history":[{"count":0,"href":"https:\/\/enermak.com\/en\/wp-json\/wp\/v2\/pages\/38068\/revisions"}],"wp:attachment":[{"href":"https:\/\/enermak.com\/en\/wp-json\/wp\/v2\/media?parent=38068"}],"curies":[{"name":"wp","href":"https:\/\/api.w.org\/{rel}","templated":true}]}}